{"id":21087,"date":"2024-11-01T10:39:25","date_gmt":"2024-11-01T09:39:25","guid":{"rendered":"http:\/\/new.decoczar.pl\/index.php\/product\/heksagon-podwojny-metalowy-zloty-zakup-39\/"},"modified":"2024-11-01T10:39:25","modified_gmt":"2024-11-01T09:39:25","slug":"heksagon-podwojny-metalowy-zloty-zakup-39","status":"publish","type":"product","link":"https:\/\/new.decoczar.pl\/index.php\/product\/heksagon-podwojny-metalowy-zloty-zakup-39\/","title":{"rendered":"Heksagon podw\u00f3jny metalowy z\u0142oty ZAKUP"},"content":{"rendered":"<p>\u0141uk \u015aLUBNY<\/p>\n<p> \tWymiary wysoko\u015b\u0107 230 cm &#8211; przek\u0105tna 250 cm<br \/>\n \t\u0141uk sk\u0142ada si\u0119 z 5 element\u00f3w co jest \u0142atwy w monta\u017cu<br \/>\n \tMateria\u0142: profil stalowy<br \/>\n \tRodzaj profilu 20 x 20 mm<br \/>\n \tGrubo\u015b\u0107 scianki 2 mm<br \/>\n \tmo\u017cliwy odbi\u00f3r osobisty w Warszawa Br\u00f3dno \u2013 Micha\u0142\u00f3w Regin\u00f3w<br \/>\n \tMalowany proszkowo<br \/>\n \tMonta\u017c nie wymaga\u00a0\u017cadnych narz\u0119dzi\u00a0i zajmuje jedynie kilka minut<\/p>\n","protected":false},"excerpt":{"rendered":"<p>\u0141uk \u015aLUBNY<\/p>\n<p> \tWymiary wysoko\u015b\u0107 230 cm &#8211; przek\u0105tna 250 cm<br \/>\n \t\u0141uk sk\u0142ada si\u0119 z 5 element\u00f3w co jest \u0142atwy w monta\u017cu<br \/>\n \tMateria\u0142: profil stalowy<br \/>\n \tRodzaj profilu 20 x 20 mm<br \/>\n \tGrubo\u015b\u0107 scianki 2 mm<br \/>\n \tmo\u017cliwy odbi\u00f3r osobisty w Warszawa Br\u00f3dno \u2013 Micha\u0142\u00f3w Regin\u00f3w<br \/>\n \tMalowany proszkowo<br \/>\n \tMonta\u017c nie wymaga\u00a0\u017cadnych narz\u0119dzi\u00a0i zajmuje jedynie kilka minut<\/p>\n","protected":false},"featured_media":2478,"comment_status":"open","ping_status":"closed","template":"","meta":[],"etheme_brands":[],"product_cat":[78],"product_tag":[],"class_list":["post-21087","product","type-product","status-publish","has-post-thumbnail","hentry","product_cat-slub-dekoracje"],"_links":{"self":[{"href":"https:\/\/new.decoczar.pl\/index.php\/wp-json\/wp\/v2\/product\/21087","targetHints":{"allow":["GET"]}}],"collection":[{"href":"https:\/\/new.decoczar.pl\/index.php\/wp-json\/wp\/v2\/product"}],"about":[{"href":"https:\/\/new.decoczar.pl\/index.php\/wp-json\/wp\/v2\/types\/product"}],"replies":[{"embeddable":true,"href":"https:\/\/new.decoczar.pl\/index.php\/wp-json\/wp\/v2\/comments?post=21087"}],"wp:featuredmedia":[{"embeddable":true,"href":"https:\/\/new.decoczar.pl\/index.php\/wp-json\/wp\/v2\/media\/2478"}],"wp:attachment":[{"href":"https:\/\/new.decoczar.pl\/index.php\/wp-json\/wp\/v2\/media?parent=21087"}],"wp:term":[{"taxonomy":"brand","embeddable":true,"href":"https:\/\/new.decoczar.pl\/index.php\/wp-json\/wp\/v2\/etheme_brands?post=21087"},{"taxonomy":"product_cat","embeddable":true,"href":"https:\/\/new.decoczar.pl\/index.php\/wp-json\/wp\/v2\/product_cat?post=21087"},{"taxonomy":"product_tag","embeddable":true,"href":"https:\/\/new.decoczar.pl\/index.php\/wp-json\/wp\/v2\/product_tag?post=21087"}],"curies":[{"name":"wp","href":"https:\/\/api.w.org\/{rel}","templated":true}]}}