{"id":21143,"date":"2024-11-10T14:07:21","date_gmt":"2024-11-10T13:07:21","guid":{"rendered":"http:\/\/new.decoczar.pl\/index.php\/product\/podkladki-z-zywicy-butelkowa-zielen-i-zlote-drobinki-2-szt-2\/"},"modified":"2024-11-10T14:07:21","modified_gmt":"2024-11-10T13:07:21","slug":"podkladki-z-zywicy-butelkowa-zielen-i-zlote-drobinki-2-szt-2","status":"publish","type":"product","link":"https:\/\/new.decoczar.pl\/index.php\/product\/podkladki-z-zywicy-butelkowa-zielen-i-zlote-drobinki-2-szt-2\/","title":{"rendered":"Podk\u0142adki z \u017cywicy butelkowa ziele\u0144 i z\u0142ote drobinki 2 szt"},"content":{"rendered":"<p>Podk\u0142adki<\/p>\n<p> \tWymiary : \u015brednica ok 12 cm<br \/>\n \tKolor butelkowa ziele\u0144 i z\u0142ote drobinki<br \/>\n \tOzdobne prezentowe opakowanie<br \/>\n \tCzas realizacji 10 dni roboczych po zaksi\u0119gowaniu wp\u0142aty<br \/>\n \tMo\u017cliwo\u015b\u0107 dokupienia tacy do kompletu<br \/>\n \tW lato oraz w zim\u0119 czas realizacji mo\u017ce si\u0119 wyd\u0142u\u017cy\u0107<br \/>\n \tPodk\u0142adki pi\u0119knie mieni\u0105 si\u0119 w s\u0142o\u0144cu poniewa\u017c zosta\u0142 dodany py\u0142ek brokatowy<\/p>\n","protected":false},"excerpt":{"rendered":"<p>Podk\u0142adki<\/p>\n<p> \tWymiary : \u015brednica ok 12 cm<br \/>\n \tKolor butelkowa ziele\u0144 i z\u0142ote drobinki<br \/>\n \tOzdobne prezentowe opakowanie<br \/>\n \tCzas realizacji 10 dni roboczych po zaksi\u0119gowaniu wp\u0142aty<br \/>\n \tMo\u017cliwo\u015b\u0107 dokupienia tacy do kompletu<br \/>\n \tW lato oraz w zim\u0119 czas realizacji mo\u017ce si\u0119 wyd\u0142u\u017cy\u0107<br \/>\n \tPodk\u0142adki pi\u0119knie mieni\u0105 si\u0119 w s\u0142o\u0144cu poniewa\u017c zosta\u0142 dodany py\u0142ek brokatowy<\/p>\n","protected":false},"featured_media":0,"comment_status":"open","ping_status":"closed","template":"","meta":[],"etheme_brands":[],"product_cat":[232],"product_tag":[],"class_list":["post-21143","product","type-product","status-publish","hentry","product_cat-dostepne-od-reki-podkladki"],"_links":{"self":[{"href":"https:\/\/new.decoczar.pl\/index.php\/wp-json\/wp\/v2\/product\/21143","targetHints":{"allow":["GET"]}}],"collection":[{"href":"https:\/\/new.decoczar.pl\/index.php\/wp-json\/wp\/v2\/product"}],"about":[{"href":"https:\/\/new.decoczar.pl\/index.php\/wp-json\/wp\/v2\/types\/product"}],"replies":[{"embeddable":true,"href":"https:\/\/new.decoczar.pl\/index.php\/wp-json\/wp\/v2\/comments?post=21143"}],"wp:attachment":[{"href":"https:\/\/new.decoczar.pl\/index.php\/wp-json\/wp\/v2\/media?parent=21143"}],"wp:term":[{"taxonomy":"brand","embeddable":true,"href":"https:\/\/new.decoczar.pl\/index.php\/wp-json\/wp\/v2\/etheme_brands?post=21143"},{"taxonomy":"product_cat","embeddable":true,"href":"https:\/\/new.decoczar.pl\/index.php\/wp-json\/wp\/v2\/product_cat?post=21143"},{"taxonomy":"product_tag","embeddable":true,"href":"https:\/\/new.decoczar.pl\/index.php\/wp-json\/wp\/v2\/product_tag?post=21143"}],"curies":[{"name":"wp","href":"https:\/\/api.w.org\/{rel}","templated":true}]}}