{"id":21159,"date":"2024-11-10T14:07:24","date_gmt":"2024-11-10T13:07:24","guid":{"rendered":"http:\/\/new.decoczar.pl\/index.php\/product\/drewniane-dekoracyjne-lustro-orzech-wloski-55\/"},"modified":"2024-11-10T14:07:24","modified_gmt":"2024-11-10T13:07:24","slug":"drewniane-dekoracyjne-lustro-orzech-wloski-55","status":"publish","type":"product","link":"https:\/\/new.decoczar.pl\/index.php\/product\/drewniane-dekoracyjne-lustro-orzech-wloski-55\/","title":{"rendered":"Drewniane dekoracyjne lustro &#8211; orzech w\u0142oski"},"content":{"rendered":"<p>Cechy produktu :<\/p>\n<p> \tWymiary : 30 x 27 cm , g\u0142\u0119boko\u015b\u0107 5 cm<br \/>\n \tLustro wewn\u0119trzne ok 17 cm<br \/>\n \tMateria\u0142 : orzech w\u0142oski<br \/>\n \tZaimpregnowany wysokiej jako\u015bci olejem z utwardzaczem<br \/>\n \tEgzemplarz ze zdj\u0119cia gotowy do wys\u0142ania.<br \/>\n \tProdukt posiada zawieszk\u0119 do mocowania<br \/>\n \tProdukt w ca\u0142o\u015bci wykonany w Polsce. Kupuj\u0105c u nas wspierasz Polsk\u0105 przedsi\u0119biorczo\u015b\u0107<\/p>\n","protected":false},"excerpt":{"rendered":"<p>Cechy produktu :<\/p>\n<p> \tWymiary : 30 x 27 cm , g\u0142\u0119boko\u015b\u0107 5 cm<br \/>\n \tLustro wewn\u0119trzne ok 17 cm<br \/>\n \tMateria\u0142 : orzech w\u0142oski<br \/>\n \tZaimpregnowany wysokiej jako\u015bci olejem z utwardzaczem<br \/>\n \tEgzemplarz ze zdj\u0119cia gotowy do wys\u0142ania.<br \/>\n \tProdukt posiada zawieszk\u0119 do mocowania<br \/>\n \tProdukt w ca\u0142o\u015bci wykonany w Polsce. Kupuj\u0105c u nas wspierasz Polsk\u0105 przedsi\u0119biorczo\u015b\u0107<\/p>\n","protected":false},"featured_media":0,"comment_status":"open","ping_status":"closed","template":"","meta":[],"etheme_brands":[],"product_cat":[257],"product_tag":[],"class_list":["post-21159","product","type-product","status-publish","hentry","product_cat-dostepne-od-reki-lustra-z-drewna"],"_links":{"self":[{"href":"https:\/\/new.decoczar.pl\/index.php\/wp-json\/wp\/v2\/product\/21159","targetHints":{"allow":["GET"]}}],"collection":[{"href":"https:\/\/new.decoczar.pl\/index.php\/wp-json\/wp\/v2\/product"}],"about":[{"href":"https:\/\/new.decoczar.pl\/index.php\/wp-json\/wp\/v2\/types\/product"}],"replies":[{"embeddable":true,"href":"https:\/\/new.decoczar.pl\/index.php\/wp-json\/wp\/v2\/comments?post=21159"}],"wp:attachment":[{"href":"https:\/\/new.decoczar.pl\/index.php\/wp-json\/wp\/v2\/media?parent=21159"}],"wp:term":[{"taxonomy":"brand","embeddable":true,"href":"https:\/\/new.decoczar.pl\/index.php\/wp-json\/wp\/v2\/etheme_brands?post=21159"},{"taxonomy":"product_cat","embeddable":true,"href":"https:\/\/new.decoczar.pl\/index.php\/wp-json\/wp\/v2\/product_cat?post=21159"},{"taxonomy":"product_tag","embeddable":true,"href":"https:\/\/new.decoczar.pl\/index.php\/wp-json\/wp\/v2\/product_tag?post=21159"}],"curies":[{"name":"wp","href":"https:\/\/api.w.org\/{rel}","templated":true}]}}