{"id":21175,"date":"2024-11-10T18:09:12","date_gmt":"2024-11-10T17:09:12","guid":{"rendered":"https:\/\/new.decoczar.pl\/index.php\/product\/hoker-krzeslo-barowe-41\/"},"modified":"2024-11-10T18:09:12","modified_gmt":"2024-11-10T17:09:12","slug":"hoker-krzeslo-barowe-41","status":"publish","type":"product","link":"https:\/\/new.decoczar.pl\/index.php\/product\/hoker-krzeslo-barowe-41\/","title":{"rendered":"HOKER \/ KRZES\u0141O BAROWE"},"content":{"rendered":"<p>Cechy produktu :<\/p>\n<p>Wymiary Hokera:<\/p>\n<p> \tSzeroko\u015b\u0107\u00a0 35 cm<br \/>\n \tG\u0142\u0119boko\u015b\u0107 35 cm<br \/>\n \tWysoko\u015b\u0107 90 cm z oparciem<br \/>\n \tWysoko\u015b\u0107 z siedziskiem 85 cm<br \/>\n \tProfil stalowy 2 x 2 cm<br \/>\n \tStela\u017c malowany proszkowo &#8211; mo\u017cliwo\u015b\u0107 wyboru koloru (czarny, bia\u0142y )<br \/>\n \tPolski produkt &#8211; nasza firma jest producentem<br \/>\n \tStabilna, stalowa konstrukcja<br \/>\n \tNowoczesny design<br \/>\n \tOryginalno\u015b\u0107<br \/>\n \tFunkcjonalno\u015b\u0107<br \/>\n \tKonstrukcja spawana<br \/>\n \tProdukt wykonany r\u0119cznie<br \/>\n \tGrubo\u015b\u0107 siedziska \u2013 6 cm<br \/>\n \tKolor matt velvet 77<br \/>\n \tCzas realizacji ok 2-3 tyg po zaksi\u0119gowaniu wp\u0142aty<br \/>\n \tWysy\u0142ka od 25 z\u0142<\/p>\n","protected":false},"excerpt":{"rendered":"<p>Cechy produktu :<\/p>\n<p>Wymiary Hokera:<\/p>\n<p> \tSzeroko\u015b\u0107\u00a0 35 cm<br \/>\n \tG\u0142\u0119boko\u015b\u0107 35 cm<br \/>\n \tWysoko\u015b\u0107 90 cm z oparciem<br \/>\n \tWysoko\u015b\u0107 z siedziskiem 85 cm<br \/>\n \tProfil stalowy 2 x 2 cm<br \/>\n \tStela\u017c malowany proszkowo &#8211; mo\u017cliwo\u015b\u0107 wyboru koloru (czarny, bia\u0142y )<br \/>\n \tPolski produkt &#8211; nasza firma jest producentem<br \/>\n \tStabilna, stalowa konstrukcja<br \/>\n \tNowoczesny design<br \/>\n \tOryginalno\u015b\u0107<br \/>\n \tFunkcjonalno\u015b\u0107<br \/>\n \tKonstrukcja spawana<br \/>\n \tProdukt wykonany r\u0119cznie<br \/>\n \tGrubo\u015b\u0107 siedziska \u2013 6 cm<br \/>\n \tKolor matt velvet 77<br \/>\n \tCzas realizacji ok 2-3 tyg po zaksi\u0119gowaniu wp\u0142aty<br \/>\n \tWysy\u0142ka od 25 z\u0142<\/p>\n","protected":false},"featured_media":4574,"comment_status":"open","ping_status":"closed","template":"","meta":[],"etheme_brands":[],"product_cat":[50],"product_tag":[],"class_list":["post-21175","product","type-product","status-publish","has-post-thumbnail","hentry","product_cat-podstawy-metalowe-stelaze-stojaki"],"_links":{"self":[{"href":"https:\/\/new.decoczar.pl\/index.php\/wp-json\/wp\/v2\/product\/21175","targetHints":{"allow":["GET"]}}],"collection":[{"href":"https:\/\/new.decoczar.pl\/index.php\/wp-json\/wp\/v2\/product"}],"about":[{"href":"https:\/\/new.decoczar.pl\/index.php\/wp-json\/wp\/v2\/types\/product"}],"replies":[{"embeddable":true,"href":"https:\/\/new.decoczar.pl\/index.php\/wp-json\/wp\/v2\/comments?post=21175"}],"wp:featuredmedia":[{"embeddable":true,"href":"https:\/\/new.decoczar.pl\/index.php\/wp-json\/wp\/v2\/media\/4574"}],"wp:attachment":[{"href":"https:\/\/new.decoczar.pl\/index.php\/wp-json\/wp\/v2\/media?parent=21175"}],"wp:term":[{"taxonomy":"brand","embeddable":true,"href":"https:\/\/new.decoczar.pl\/index.php\/wp-json\/wp\/v2\/etheme_brands?post=21175"},{"taxonomy":"product_cat","embeddable":true,"href":"https:\/\/new.decoczar.pl\/index.php\/wp-json\/wp\/v2\/product_cat?post=21175"},{"taxonomy":"product_tag","embeddable":true,"href":"https:\/\/new.decoczar.pl\/index.php\/wp-json\/wp\/v2\/product_tag?post=21175"}],"curies":[{"name":"wp","href":"https:\/\/api.w.org\/{rel}","templated":true}]}}