{"id":2134,"date":"2022-09-06T15:15:36","date_gmt":"2022-09-06T13:15:36","guid":{"rendered":"http:\/\/new.decoczar.pl\/index.php\/product\/muszelka-z-zywicy-glitter-3-rodz\/"},"modified":"2022-09-06T15:15:36","modified_gmt":"2022-09-06T13:15:36","slug":"muszelka-z-zywicy-glitter-3-rodz","status":"publish","type":"product","link":"https:\/\/new.decoczar.pl\/index.php\/product\/muszelka-z-zywicy-glitter-3-rodz\/","title":{"rendered":"MUSZELKA Z \u017bYWICY GLITTER 3 RODZ"},"content":{"rendered":"<p> \tWymiary 12&#215;12 cm<br \/>\n \tW uwagach do zam\u00f3wienia prosz\u0119 wpisa\u0107 kt\u00f3ry kolor (r\u00f3\u017c, turkus, z\u0142ote )<br \/>\n \tModeli kt\u00f3rych nie ma od r\u0119ki czas realizacji do 5 dni roboczych<br \/>\n \tZamawiaj\u0105c kilka produkt\u00f3w czas realizacji wyd\u0142u\u017ca si\u0119 do 14 dni roboczych<br \/>\n \tMateria\u0142 : \u017cywica<\/p>\n","protected":false},"excerpt":{"rendered":"<p> \tWymiary 12&#215;12 cm<br \/>\n \tW uwagach do zam\u00f3wienia prosz\u0119 wpisa\u0107 kt\u00f3ry kolor (r\u00f3\u017c, turkus, z\u0142ote )<br \/>\n \tModeli kt\u00f3rych nie ma od r\u0119ki czas realizacji do 5 dni roboczych<br \/>\n \tZamawiaj\u0105c kilka produkt\u00f3w czas realizacji wyd\u0142u\u017ca si\u0119 do 14 dni roboczych<br \/>\n \tMateria\u0142 : \u017cywica<\/p>\n","protected":false},"featured_media":2133,"comment_status":"open","ping_status":"closed","template":"","meta":[],"etheme_brands":[],"product_cat":[48],"product_tag":[],"class_list":["post-2134","product","type-product","status-publish","has-post-thumbnail","hentry","product_cat-produkty-z-zywicy"],"_links":{"self":[{"href":"https:\/\/new.decoczar.pl\/index.php\/wp-json\/wp\/v2\/product\/2134","targetHints":{"allow":["GET"]}}],"collection":[{"href":"https:\/\/new.decoczar.pl\/index.php\/wp-json\/wp\/v2\/product"}],"about":[{"href":"https:\/\/new.decoczar.pl\/index.php\/wp-json\/wp\/v2\/types\/product"}],"replies":[{"embeddable":true,"href":"https:\/\/new.decoczar.pl\/index.php\/wp-json\/wp\/v2\/comments?post=2134"}],"wp:featuredmedia":[{"embeddable":true,"href":"https:\/\/new.decoczar.pl\/index.php\/wp-json\/wp\/v2\/media\/2133"}],"wp:attachment":[{"href":"https:\/\/new.decoczar.pl\/index.php\/wp-json\/wp\/v2\/media?parent=2134"}],"wp:term":[{"taxonomy":"brand","embeddable":true,"href":"https:\/\/new.decoczar.pl\/index.php\/wp-json\/wp\/v2\/etheme_brands?post=2134"},{"taxonomy":"product_cat","embeddable":true,"href":"https:\/\/new.decoczar.pl\/index.php\/wp-json\/wp\/v2\/product_cat?post=2134"},{"taxonomy":"product_tag","embeddable":true,"href":"https:\/\/new.decoczar.pl\/index.php\/wp-json\/wp\/v2\/product_tag?post=2134"}],"curies":[{"name":"wp","href":"https:\/\/api.w.org\/{rel}","templated":true}]}}