{"id":2146,"date":"2022-09-06T15:15:54","date_gmt":"2022-09-06T13:15:54","guid":{"rendered":"http:\/\/new.decoczar.pl\/index.php\/product\/metalowe-dostawki-do-stolu-loft\/"},"modified":"2022-09-06T15:15:54","modified_gmt":"2022-09-06T13:15:54","slug":"metalowe-dostawki-do-stolu-loft","status":"publish","type":"product","link":"https:\/\/new.decoczar.pl\/index.php\/product\/metalowe-dostawki-do-stolu-loft\/","title":{"rendered":"Metalowe dostawki do sto\u0142u LOFT"},"content":{"rendered":"<p>Cechy produktu:<\/p>\n<p> \tProfil 2&#215;2 cm<br \/>\n \tMateria\u0142 : metal<br \/>\n \tMalowane proszkowo<br \/>\n \tMo\u017cliwa d\u0142ugo\u015b\u0107 zamontowanego blatu (dostawki) &#8211; 30-60cm<br \/>\n \tProdukt Polski<br \/>\n \tZestaw dotyczy 2 sztuk na 1 blat<br \/>\n \tCzas realizacji 10 dni roboczych po zaksi\u0119gowaniu wp\u0142aty<br \/>\n \tWysy\u0142ka 25 z\u0142 kurier !!! ( NIE WYSY\u0141AM ZA POBRANIEM)<\/p>\n<p>\u00a0<\/p>\n","protected":false},"excerpt":{"rendered":"<p>Cechy produktu:<\/p>\n<p> \tProfil 2&#215;2 cm<br \/>\n \tMateria\u0142 : metal<br \/>\n \tMalowane proszkowo<br \/>\n \tMo\u017cliwa d\u0142ugo\u015b\u0107 zamontowanego blatu (dostawki) &#8211; 30-60cm<br \/>\n \tProdukt Polski<br \/>\n \tZestaw dotyczy 2 sztuk na 1 blat<br \/>\n \tCzas realizacji 10 dni roboczych po zaksi\u0119gowaniu wp\u0142aty<br \/>\n \tWysy\u0142ka 25 z\u0142 kurier !!! ( NIE WYSY\u0141AM ZA POBRANIEM)<\/p>\n<p>\u00a0<\/p>\n","protected":false},"featured_media":2145,"comment_status":"open","ping_status":"closed","template":"","meta":[],"etheme_brands":[],"product_cat":[53],"product_tag":[],"class_list":["post-2146","product","type-product","status-publish","has-post-thumbnail","hentry","product_cat-podstawy-metalowe-stelaze-stojaki-stoliki-drewniane"],"_links":{"self":[{"href":"https:\/\/new.decoczar.pl\/index.php\/wp-json\/wp\/v2\/product\/2146","targetHints":{"allow":["GET"]}}],"collection":[{"href":"https:\/\/new.decoczar.pl\/index.php\/wp-json\/wp\/v2\/product"}],"about":[{"href":"https:\/\/new.decoczar.pl\/index.php\/wp-json\/wp\/v2\/types\/product"}],"replies":[{"embeddable":true,"href":"https:\/\/new.decoczar.pl\/index.php\/wp-json\/wp\/v2\/comments?post=2146"}],"wp:featuredmedia":[{"embeddable":true,"href":"https:\/\/new.decoczar.pl\/index.php\/wp-json\/wp\/v2\/media\/2145"}],"wp:attachment":[{"href":"https:\/\/new.decoczar.pl\/index.php\/wp-json\/wp\/v2\/media?parent=2146"}],"wp:term":[{"taxonomy":"brand","embeddable":true,"href":"https:\/\/new.decoczar.pl\/index.php\/wp-json\/wp\/v2\/etheme_brands?post=2146"},{"taxonomy":"product_cat","embeddable":true,"href":"https:\/\/new.decoczar.pl\/index.php\/wp-json\/wp\/v2\/product_cat?post=2146"},{"taxonomy":"product_tag","embeddable":true,"href":"https:\/\/new.decoczar.pl\/index.php\/wp-json\/wp\/v2\/product_tag?post=2146"}],"curies":[{"name":"wp","href":"https:\/\/api.w.org\/{rel}","templated":true}]}}