{"id":2159,"date":"2022-09-06T15:16:20","date_gmt":"2022-09-06T13:16:20","guid":{"rendered":"http:\/\/new.decoczar.pl\/index.php\/product\/regal-industrialny-loft-200x100-z-polkami\/"},"modified":"2022-09-06T15:16:20","modified_gmt":"2022-09-06T13:16:20","slug":"regal-industrialny-loft-200x100-z-polkami","status":"publish","type":"product","link":"https:\/\/new.decoczar.pl\/index.php\/product\/regal-industrialny-loft-200x100-z-polkami\/","title":{"rendered":"REGA\u0141 INDUSTRIALNY \/ LOFT 200X100 Z P\u00d3\u0141KAMI"},"content":{"rendered":"<p>Rega\u0142 loft<\/p>\n<p> \tWymiary 200 x 100 cm<br \/>\n \tG\u0142\u0119boko\u015b\u0107 20 cm<br \/>\n \tStela\u017c profil 2&#215;2 cm<br \/>\n \tMalowany proszkowo<br \/>\n \tMateria\u0142: Wysokiej jako\u015bci laminowana p\u0142yta meblowa 1,8 mm<br \/>\n \tCzas realizacji do 21 dni roboczych po zaksi\u0119gowaniu wp\u0142aty<br \/>\n \tKolor: D\u0105b Craft z\u0142oty<br \/>\n \tTYLKO ODBI\u00d3R OSOBISTY (WARSZAWA BR\u00d3DNO lub Okolice Legionowa )<br \/>\n \tPodklejone podk\u0142adk\u0105 by zabezpieczy\u0107 przed zarysowaniem pod\u0142\u00f3g.<\/p>\n","protected":false},"excerpt":{"rendered":"<p>Rega\u0142 loft<\/p>\n<p> \tWymiary 200 x 100 cm<br \/>\n \tG\u0142\u0119boko\u015b\u0107 20 cm<br \/>\n \tStela\u017c profil 2&#215;2 cm<br \/>\n \tMalowany proszkowo<br \/>\n \tMateria\u0142: Wysokiej jako\u015bci laminowana p\u0142yta meblowa 1,8 mm<br \/>\n \tCzas realizacji do 21 dni roboczych po zaksi\u0119gowaniu wp\u0142aty<br \/>\n \tKolor: D\u0105b Craft z\u0142oty<br \/>\n \tTYLKO ODBI\u00d3R OSOBISTY (WARSZAWA BR\u00d3DNO lub Okolice Legionowa )<br \/>\n \tPodklejone podk\u0142adk\u0105 by zabezpieczy\u0107 przed zarysowaniem pod\u0142\u00f3g.<\/p>\n","protected":false},"featured_media":2158,"comment_status":"open","ping_status":"closed","template":"","meta":[],"etheme_brands":[],"product_cat":[50],"product_tag":[],"class_list":["post-2159","product","type-product","status-publish","has-post-thumbnail","hentry","product_cat-podstawy-metalowe-stelaze-stojaki"],"_links":{"self":[{"href":"https:\/\/new.decoczar.pl\/index.php\/wp-json\/wp\/v2\/product\/2159","targetHints":{"allow":["GET"]}}],"collection":[{"href":"https:\/\/new.decoczar.pl\/index.php\/wp-json\/wp\/v2\/product"}],"about":[{"href":"https:\/\/new.decoczar.pl\/index.php\/wp-json\/wp\/v2\/types\/product"}],"replies":[{"embeddable":true,"href":"https:\/\/new.decoczar.pl\/index.php\/wp-json\/wp\/v2\/comments?post=2159"}],"wp:featuredmedia":[{"embeddable":true,"href":"https:\/\/new.decoczar.pl\/index.php\/wp-json\/wp\/v2\/media\/2158"}],"wp:attachment":[{"href":"https:\/\/new.decoczar.pl\/index.php\/wp-json\/wp\/v2\/media?parent=2159"}],"wp:term":[{"taxonomy":"brand","embeddable":true,"href":"https:\/\/new.decoczar.pl\/index.php\/wp-json\/wp\/v2\/etheme_brands?post=2159"},{"taxonomy":"product_cat","embeddable":true,"href":"https:\/\/new.decoczar.pl\/index.php\/wp-json\/wp\/v2\/product_cat?post=2159"},{"taxonomy":"product_tag","embeddable":true,"href":"https:\/\/new.decoczar.pl\/index.php\/wp-json\/wp\/v2\/product_tag?post=2159"}],"curies":[{"name":"wp","href":"https:\/\/api.w.org\/{rel}","templated":true}]}}