{"id":2176,"date":"2022-09-06T15:16:56","date_gmt":"2022-09-06T13:16:56","guid":{"rendered":"http:\/\/new.decoczar.pl\/index.php\/product\/lustro-okragle-110-cm-morskie\/"},"modified":"2022-09-06T15:16:56","modified_gmt":"2022-09-06T13:16:56","slug":"lustro-okragle-110-cm-morskie","status":"publish","type":"product","link":"https:\/\/new.decoczar.pl\/index.php\/product\/lustro-okragle-110-cm-morskie\/","title":{"rendered":"Lustro okr\u0105g\u0142e 110 cm morskie"},"content":{"rendered":"<p>Lustro<\/p>\n<p> \tMateria\u0142: Szk\u0142o, \u017cywica, metal<br \/>\n \tRozmiar: \u015brednica 110<br \/>\n \tKolor ramy: z\u0142oty (mo\u017cliwo\u015b\u0107 czarnej ramy )<br \/>\n \tLustro zdobione jest sztuk\u0105 \u017cywicy<br \/>\n \tCzas realizacji do 14 dni roboczych po zaksi\u0119gowaniu wp\u0142aty<br \/>\n \tNa \u017cyczenie klienta wykonujemy dowolne kolory<br \/>\n \tZAMAWI\u0104JAC KILKA PRODUKT\u00d3W CZAS REALZIACJI JEST D\u0141U\u017bSZY DO 14 DNI ROBOCZYCH\u00a0<br \/>\n \tWYSY\u0141KA 60 Z\u0141 ( NIE WYSY\u0141AM ZA POBRANIEM )<\/p>\n","protected":false},"excerpt":{"rendered":"<p>Lustro<\/p>\n<p> \tMateria\u0142: Szk\u0142o, \u017cywica, metal<br \/>\n \tRozmiar: \u015brednica 110<br \/>\n \tKolor ramy: z\u0142oty (mo\u017cliwo\u015b\u0107 czarnej ramy )<br \/>\n \tLustro zdobione jest sztuk\u0105 \u017cywicy<br \/>\n \tCzas realizacji do 14 dni roboczych po zaksi\u0119gowaniu wp\u0142aty<br \/>\n \tNa \u017cyczenie klienta wykonujemy dowolne kolory<br \/>\n \tZAMAWI\u0104JAC KILKA PRODUKT\u00d3W CZAS REALZIACJI JEST D\u0141U\u017bSZY DO 14 DNI ROBOCZYCH\u00a0<br \/>\n \tWYSY\u0141KA 60 Z\u0141 ( NIE WYSY\u0141AM ZA POBRANIEM )<\/p>\n","protected":false},"featured_media":2175,"comment_status":"open","ping_status":"closed","template":"","meta":[],"etheme_brands":[],"product_cat":[48],"product_tag":[],"class_list":["post-2176","product","type-product","status-publish","has-post-thumbnail","hentry","product_cat-produkty-z-zywicy"],"_links":{"self":[{"href":"https:\/\/new.decoczar.pl\/index.php\/wp-json\/wp\/v2\/product\/2176","targetHints":{"allow":["GET"]}}],"collection":[{"href":"https:\/\/new.decoczar.pl\/index.php\/wp-json\/wp\/v2\/product"}],"about":[{"href":"https:\/\/new.decoczar.pl\/index.php\/wp-json\/wp\/v2\/types\/product"}],"replies":[{"embeddable":true,"href":"https:\/\/new.decoczar.pl\/index.php\/wp-json\/wp\/v2\/comments?post=2176"}],"wp:featuredmedia":[{"embeddable":true,"href":"https:\/\/new.decoczar.pl\/index.php\/wp-json\/wp\/v2\/media\/2175"}],"wp:attachment":[{"href":"https:\/\/new.decoczar.pl\/index.php\/wp-json\/wp\/v2\/media?parent=2176"}],"wp:term":[{"taxonomy":"brand","embeddable":true,"href":"https:\/\/new.decoczar.pl\/index.php\/wp-json\/wp\/v2\/etheme_brands?post=2176"},{"taxonomy":"product_cat","embeddable":true,"href":"https:\/\/new.decoczar.pl\/index.php\/wp-json\/wp\/v2\/product_cat?post=2176"},{"taxonomy":"product_tag","embeddable":true,"href":"https:\/\/new.decoczar.pl\/index.php\/wp-json\/wp\/v2\/product_tag?post=2176"}],"curies":[{"name":"wp","href":"https:\/\/api.w.org\/{rel}","templated":true}]}}