{"id":2200,"date":"2022-09-06T15:17:54","date_gmt":"2022-09-06T13:17:54","guid":{"rendered":"http:\/\/new.decoczar.pl\/index.php\/product\/topper-baby-shower-zloty\/"},"modified":"2022-09-06T15:17:54","modified_gmt":"2022-09-06T13:17:54","slug":"topper-baby-shower-zloty","status":"publish","type":"product","link":"https:\/\/new.decoczar.pl\/index.php\/product\/topper-baby-shower-zloty\/","title":{"rendered":"Topper Baby Shower z\u0142oty"},"content":{"rendered":"<p>Topper Baby Shower<\/p>\n<p>Wykonany ze sklejki gr. 3mm, ci\u0119tej laserem dzi\u0119ki czemu kraw\u0119dzie s\u0105 idealnie g\u0142adkie.<\/p>\n<p>Idealnie nadaje si\u0119 na tort czy gad\u017cet do upominku, kwiat\u00f3w<\/p>\n","protected":false},"excerpt":{"rendered":"<p>Topper Baby Shower<\/p>\n<p>Wykonany ze sklejki gr. 3mm, ci\u0119tej laserem dzi\u0119ki czemu kraw\u0119dzie s\u0105 idealnie g\u0142adkie.<\/p>\n<p>Idealnie nadaje si\u0119 na tort czy gad\u017cet do upominku, kwiat\u00f3w<\/p>\n","protected":false},"featured_media":2199,"comment_status":"open","ping_status":"closed","template":"","meta":[],"etheme_brands":[],"product_cat":[64],"product_tag":[],"class_list":["post-2200","product","type-product","status-publish","has-post-thumbnail","hentry","product_cat-topper"],"_links":{"self":[{"href":"https:\/\/new.decoczar.pl\/index.php\/wp-json\/wp\/v2\/product\/2200","targetHints":{"allow":["GET"]}}],"collection":[{"href":"https:\/\/new.decoczar.pl\/index.php\/wp-json\/wp\/v2\/product"}],"about":[{"href":"https:\/\/new.decoczar.pl\/index.php\/wp-json\/wp\/v2\/types\/product"}],"replies":[{"embeddable":true,"href":"https:\/\/new.decoczar.pl\/index.php\/wp-json\/wp\/v2\/comments?post=2200"}],"wp:featuredmedia":[{"embeddable":true,"href":"https:\/\/new.decoczar.pl\/index.php\/wp-json\/wp\/v2\/media\/2199"}],"wp:attachment":[{"href":"https:\/\/new.decoczar.pl\/index.php\/wp-json\/wp\/v2\/media?parent=2200"}],"wp:term":[{"taxonomy":"brand","embeddable":true,"href":"https:\/\/new.decoczar.pl\/index.php\/wp-json\/wp\/v2\/etheme_brands?post=2200"},{"taxonomy":"product_cat","embeddable":true,"href":"https:\/\/new.decoczar.pl\/index.php\/wp-json\/wp\/v2\/product_cat?post=2200"},{"taxonomy":"product_tag","embeddable":true,"href":"https:\/\/new.decoczar.pl\/index.php\/wp-json\/wp\/v2\/product_tag?post=2200"}],"curies":[{"name":"wp","href":"https:\/\/api.w.org\/{rel}","templated":true}]}}