{"id":2202,"date":"2022-09-06T15:17:59","date_gmt":"2022-09-06T13:17:59","guid":{"rendered":"http:\/\/new.decoczar.pl\/index.php\/product\/zestaw-prezentowy-z-zywicy-mama-czarno-zloty\/"},"modified":"2022-09-06T15:17:59","modified_gmt":"2022-09-06T13:17:59","slug":"zestaw-prezentowy-z-zywicy-mama-czarno-zloty","status":"publish","type":"product","link":"https:\/\/new.decoczar.pl\/index.php\/product\/zestaw-prezentowy-z-zywicy-mama-czarno-zloty\/","title":{"rendered":"Zestaw prezentowy z \u017cywicy &#8222;Mama&#8221; czarno z\u0142oty"},"content":{"rendered":"<p>Podk\u0142adki<\/p>\n<p> \tWymiary : \u015brednica ok 12 cm<br \/>\n \tKolor czarny, z\u0142ota folia + z\u0142oty napis<br \/>\n \tOzdobne prezentowe opakowanie<br \/>\n \tCzas realizacji 10 dni roboczych po zaksi\u0119gowaniu wp\u0142aty<br \/>\n \tWysy\u0142ka kurier \/ kurier pobranie<br \/>\n \tKubek czarno z\u0142oty<br \/>\n \tMini zawieszka<br \/>\n \tPraca \u017cywic\u0105 jest uzale\u017cniona od pogody ( w lato czas\u00a0 realizacji mo\u017ce by\u0107 d\u0142u\u017cszy )<br \/>\n \tZAMAWI\u0104JAC KILKA PRODUKT\u00d3W CZAS REALZIACJI JEST D\u0141U\u017bSZY DO 14 DNI ROBOCZYCH\u00a0<\/p>\n","protected":false},"excerpt":{"rendered":"<p>Podk\u0142adki<\/p>\n<p> \tWymiary : \u015brednica ok 12 cm<br \/>\n \tKolor czarny, z\u0142ota folia + z\u0142oty napis<br \/>\n \tOzdobne prezentowe opakowanie<br \/>\n \tCzas realizacji 10 dni roboczych po zaksi\u0119gowaniu wp\u0142aty<br \/>\n \tWysy\u0142ka kurier \/ kurier pobranie<br \/>\n \tKubek czarno z\u0142oty<br \/>\n \tMini zawieszka<br \/>\n \tPraca \u017cywic\u0105 jest uzale\u017cniona od pogody ( w lato czas\u00a0 realizacji mo\u017ce by\u0107 d\u0142u\u017cszy )<br \/>\n \tZAMAWI\u0104JAC KILKA PRODUKT\u00d3W CZAS REALZIACJI JEST D\u0141U\u017bSZY DO 14 DNI ROBOCZYCH\u00a0<\/p>\n","protected":false},"featured_media":2201,"comment_status":"open","ping_status":"closed","template":"","meta":[],"etheme_brands":[],"product_cat":[61],"product_tag":[],"class_list":["post-2202","product","type-product","status-publish","has-post-thumbnail","hentry","product_cat-dzien-matki-produkty-z-zywicy"],"_links":{"self":[{"href":"https:\/\/new.decoczar.pl\/index.php\/wp-json\/wp\/v2\/product\/2202","targetHints":{"allow":["GET"]}}],"collection":[{"href":"https:\/\/new.decoczar.pl\/index.php\/wp-json\/wp\/v2\/product"}],"about":[{"href":"https:\/\/new.decoczar.pl\/index.php\/wp-json\/wp\/v2\/types\/product"}],"replies":[{"embeddable":true,"href":"https:\/\/new.decoczar.pl\/index.php\/wp-json\/wp\/v2\/comments?post=2202"}],"wp:featuredmedia":[{"embeddable":true,"href":"https:\/\/new.decoczar.pl\/index.php\/wp-json\/wp\/v2\/media\/2201"}],"wp:attachment":[{"href":"https:\/\/new.decoczar.pl\/index.php\/wp-json\/wp\/v2\/media?parent=2202"}],"wp:term":[{"taxonomy":"brand","embeddable":true,"href":"https:\/\/new.decoczar.pl\/index.php\/wp-json\/wp\/v2\/etheme_brands?post=2202"},{"taxonomy":"product_cat","embeddable":true,"href":"https:\/\/new.decoczar.pl\/index.php\/wp-json\/wp\/v2\/product_cat?post=2202"},{"taxonomy":"product_tag","embeddable":true,"href":"https:\/\/new.decoczar.pl\/index.php\/wp-json\/wp\/v2\/product_tag?post=2202"}],"curies":[{"name":"wp","href":"https:\/\/api.w.org\/{rel}","templated":true}]}}