{"id":22029,"date":"2024-12-10T16:10:38","date_gmt":"2024-12-10T15:10:38","guid":{"rendered":"http:\/\/new.decoczar.pl\/index.php\/product\/swiecznik-sosnowy-morski-z-zywica-9\/"},"modified":"2024-12-10T16:10:38","modified_gmt":"2024-12-10T15:10:38","slug":"swiecznik-sosnowy-morski-z-zywica-9","status":"publish","type":"product","link":"https:\/\/new.decoczar.pl\/index.php\/product\/swiecznik-sosnowy-morski-z-zywica-9\/","title":{"rendered":"\u015awiecznik sosnowy morski z \u017cywic\u0105"},"content":{"rendered":"<p>Cechy produktu :<\/p>\n<p> \tWymiary : 28.5 x 11.5 wysoko\u015b\u0107 5,5 cm<br \/>\n \tMateria\u0142: sosnowy kawa\u0142ek drewna, \u017cywica<br \/>\n \tMiejsce na 2 tealight<br \/>\n \tDost\u0119pna 1 sztuka<br \/>\n \tCzy\u015bcic wilgotn\u0105 \u015bciereczk\u0105<br \/>\n \tBia\u0142e rozgwiazdy to dekoracja do zdj\u0119\u0107<br \/>\n \tProdukt w ca\u0142o\u015bci wykonany w Polsce. Kupuj\u0105c u nas wspierasz Polsk\u0105 przedsi\u0119biorczo\u015b\u0107<\/p>\n<p>\u00a0<\/p>\n","protected":false},"excerpt":{"rendered":"<p>Cechy produktu :<\/p>\n<p> \tWymiary : 28.5 x 11.5 wysoko\u015b\u0107 5,5 cm<br \/>\n \tMateria\u0142: sosnowy kawa\u0142ek drewna, \u017cywica<br \/>\n \tMiejsce na 2 tealight<br \/>\n \tDost\u0119pna 1 sztuka<br \/>\n \tCzy\u015bcic wilgotn\u0105 \u015bciereczk\u0105<br \/>\n \tBia\u0142e rozgwiazdy to dekoracja do zdj\u0119\u0107<br \/>\n \tProdukt w ca\u0142o\u015bci wykonany w Polsce. Kupuj\u0105c u nas wspierasz Polsk\u0105 przedsi\u0119biorczo\u015b\u0107<\/p>\n<p>\u00a0<\/p>\n","protected":false},"featured_media":0,"comment_status":"open","ping_status":"closed","template":"","meta":[],"etheme_brands":[],"product_cat":[194],"product_tag":[],"class_list":["post-22029","product","type-product","status-publish","hentry","product_cat-dostepne-od-reki-swieczniki"],"_links":{"self":[{"href":"https:\/\/new.decoczar.pl\/index.php\/wp-json\/wp\/v2\/product\/22029","targetHints":{"allow":["GET"]}}],"collection":[{"href":"https:\/\/new.decoczar.pl\/index.php\/wp-json\/wp\/v2\/product"}],"about":[{"href":"https:\/\/new.decoczar.pl\/index.php\/wp-json\/wp\/v2\/types\/product"}],"replies":[{"embeddable":true,"href":"https:\/\/new.decoczar.pl\/index.php\/wp-json\/wp\/v2\/comments?post=22029"}],"wp:attachment":[{"href":"https:\/\/new.decoczar.pl\/index.php\/wp-json\/wp\/v2\/media?parent=22029"}],"wp:term":[{"taxonomy":"brand","embeddable":true,"href":"https:\/\/new.decoczar.pl\/index.php\/wp-json\/wp\/v2\/etheme_brands?post=22029"},{"taxonomy":"product_cat","embeddable":true,"href":"https:\/\/new.decoczar.pl\/index.php\/wp-json\/wp\/v2\/product_cat?post=22029"},{"taxonomy":"product_tag","embeddable":true,"href":"https:\/\/new.decoczar.pl\/index.php\/wp-json\/wp\/v2\/product_tag?post=22029"}],"curies":[{"name":"wp","href":"https:\/\/api.w.org\/{rel}","templated":true}]}}