{"id":22155,"date":"2024-12-12T08:55:24","date_gmt":"2024-12-12T07:55:24","guid":{"rendered":"https:\/\/new.decoczar.pl\/index.php\/product\/stelaz-do-konsoli-industrial-loft-45\/"},"modified":"2024-12-12T08:55:24","modified_gmt":"2024-12-12T07:55:24","slug":"stelaz-do-konsoli-industrial-loft-45","status":"publish","type":"product","link":"https:\/\/new.decoczar.pl\/index.php\/product\/stelaz-do-konsoli-industrial-loft-45\/","title":{"rendered":"STELA\u017b DO KONSOLI INDUSTRIAL LOFT"},"content":{"rendered":"<p>Konsola<\/p>\n<p> \tWymiary 160cm d\u0142ugo\u015b\u0107,wysoko\u015b\u0107 60 cm, g\u0142\u0119boko\u015b\u0107 30 cm<br \/>\n \tStela\u017c malowany proszkowo<br \/>\n \tProfil 1,5&#215;1,5 cm<br \/>\n \tNak\u0142adki na n\u00f3\u017cki chroni\u0105 pod\u0142og\u0119 przed zarysowaniem<br \/>\n \tWykonanie z wysokiej jako\u015bci materia\u0142\u00f3w<br \/>\n \tModny styl industrialny<br \/>\n \tMo\u017cliwo\u015b\u0107 wysy\u0142ki 80 z\u0142 (prosz\u0119 doliczy\u0107 do przelewu )<br \/>\n \tPo\u0142\u0105czenie pi\u0119kna z funkcjonalno\u015bci\u0105<br \/>\n \tStabilna i wytrzyma\u0142a konstrukcja<br \/>\n \tCzas realizacji 21 dni roboczych po zaksi\u0119gowaniu wp\u0142aty<br \/>\n \tTYLKO WP\u0141ATA NA KONTO !!!\u00a0<\/p>\n","protected":false},"excerpt":{"rendered":"<p>Konsola<\/p>\n<p> \tWymiary 160cm d\u0142ugo\u015b\u0107,wysoko\u015b\u0107 60 cm, g\u0142\u0119boko\u015b\u0107 30 cm<br \/>\n \tStela\u017c malowany proszkowo<br \/>\n \tProfil 1,5&#215;1,5 cm<br \/>\n \tNak\u0142adki na n\u00f3\u017cki chroni\u0105 pod\u0142og\u0119 przed zarysowaniem<br \/>\n \tWykonanie z wysokiej jako\u015bci materia\u0142\u00f3w<br \/>\n \tModny styl industrialny<br \/>\n \tMo\u017cliwo\u015b\u0107 wysy\u0142ki 80 z\u0142 (prosz\u0119 doliczy\u0107 do przelewu )<br \/>\n \tPo\u0142\u0105czenie pi\u0119kna z funkcjonalno\u015bci\u0105<br \/>\n \tStabilna i wytrzyma\u0142a konstrukcja<br \/>\n \tCzas realizacji 21 dni roboczych po zaksi\u0119gowaniu wp\u0142aty<br \/>\n \tTYLKO WP\u0141ATA NA KONTO !!!\u00a0<\/p>\n","protected":false},"featured_media":2377,"comment_status":"open","ping_status":"closed","template":"","meta":[],"etheme_brands":[],"product_cat":[50],"product_tag":[],"class_list":["post-22155","product","type-product","status-publish","has-post-thumbnail","hentry","product_cat-podstawy-metalowe-stelaze-stojaki"],"_links":{"self":[{"href":"https:\/\/new.decoczar.pl\/index.php\/wp-json\/wp\/v2\/product\/22155","targetHints":{"allow":["GET"]}}],"collection":[{"href":"https:\/\/new.decoczar.pl\/index.php\/wp-json\/wp\/v2\/product"}],"about":[{"href":"https:\/\/new.decoczar.pl\/index.php\/wp-json\/wp\/v2\/types\/product"}],"replies":[{"embeddable":true,"href":"https:\/\/new.decoczar.pl\/index.php\/wp-json\/wp\/v2\/comments?post=22155"}],"wp:featuredmedia":[{"embeddable":true,"href":"https:\/\/new.decoczar.pl\/index.php\/wp-json\/wp\/v2\/media\/2377"}],"wp:attachment":[{"href":"https:\/\/new.decoczar.pl\/index.php\/wp-json\/wp\/v2\/media?parent=22155"}],"wp:term":[{"taxonomy":"brand","embeddable":true,"href":"https:\/\/new.decoczar.pl\/index.php\/wp-json\/wp\/v2\/etheme_brands?post=22155"},{"taxonomy":"product_cat","embeddable":true,"href":"https:\/\/new.decoczar.pl\/index.php\/wp-json\/wp\/v2\/product_cat?post=22155"},{"taxonomy":"product_tag","embeddable":true,"href":"https:\/\/new.decoczar.pl\/index.php\/wp-json\/wp\/v2\/product_tag?post=22155"}],"curies":[{"name":"wp","href":"https:\/\/api.w.org\/{rel}","templated":true}]}}