{"id":2216,"date":"2022-09-06T15:18:34","date_gmt":"2022-09-06T13:18:34","guid":{"rendered":"http:\/\/new.decoczar.pl\/index.php\/product\/swiecznik-debowy-z-zywicy-39-cm\/"},"modified":"2022-09-06T15:18:34","modified_gmt":"2022-09-06T13:18:34","slug":"swiecznik-debowy-z-zywicy-39-cm","status":"publish","type":"product","link":"https:\/\/new.decoczar.pl\/index.php\/product\/swiecznik-debowy-z-zywicy-39-cm\/","title":{"rendered":"\u015awiecznik d\u0119bowy z \u017cywicy 39 cm"},"content":{"rendered":"<p>Cechy produktu:<\/p>\n<p> \tWymiary ok 39 x10 x4 cm<br \/>\n \tD\u0105b<br \/>\n \tCzarna \u017cywica<br \/>\n \tZabezpieczony bardzo dobrej jako\u015bci olejem z utwardzaczem<br \/>\n \t\u015awiecznik jest starannie wykonany, wyszlifowany, g\u0142adki.<br \/>\n \tDost\u0119pna jest 1 sztuka (produkt unikatowy)<br \/>\n \t100 % HANDMADE<\/p>\n","protected":false},"excerpt":{"rendered":"<p>Cechy produktu:<\/p>\n<p> \tWymiary ok 39 x10 x4 cm<br \/>\n \tD\u0105b<br \/>\n \tCzarna \u017cywica<br \/>\n \tZabezpieczony bardzo dobrej jako\u015bci olejem z utwardzaczem<br \/>\n \t\u015awiecznik jest starannie wykonany, wyszlifowany, g\u0142adki.<br \/>\n \tDost\u0119pna jest 1 sztuka (produkt unikatowy)<br \/>\n \t100 % HANDMADE<\/p>\n","protected":false},"featured_media":2215,"comment_status":"open","ping_status":"closed","template":"","meta":[],"etheme_brands":[],"product_cat":[65],"product_tag":[],"class_list":["post-2216","product","type-product","status-publish","has-post-thumbnail","hentry","product_cat-produkty-z-zywicy-promocja"],"_links":{"self":[{"href":"https:\/\/new.decoczar.pl\/index.php\/wp-json\/wp\/v2\/product\/2216","targetHints":{"allow":["GET"]}}],"collection":[{"href":"https:\/\/new.decoczar.pl\/index.php\/wp-json\/wp\/v2\/product"}],"about":[{"href":"https:\/\/new.decoczar.pl\/index.php\/wp-json\/wp\/v2\/types\/product"}],"replies":[{"embeddable":true,"href":"https:\/\/new.decoczar.pl\/index.php\/wp-json\/wp\/v2\/comments?post=2216"}],"wp:featuredmedia":[{"embeddable":true,"href":"https:\/\/new.decoczar.pl\/index.php\/wp-json\/wp\/v2\/media\/2215"}],"wp:attachment":[{"href":"https:\/\/new.decoczar.pl\/index.php\/wp-json\/wp\/v2\/media?parent=2216"}],"wp:term":[{"taxonomy":"brand","embeddable":true,"href":"https:\/\/new.decoczar.pl\/index.php\/wp-json\/wp\/v2\/etheme_brands?post=2216"},{"taxonomy":"product_cat","embeddable":true,"href":"https:\/\/new.decoczar.pl\/index.php\/wp-json\/wp\/v2\/product_cat?post=2216"},{"taxonomy":"product_tag","embeddable":true,"href":"https:\/\/new.decoczar.pl\/index.php\/wp-json\/wp\/v2\/product_tag?post=2216"}],"curies":[{"name":"wp","href":"https:\/\/api.w.org\/{rel}","templated":true}]}}