{"id":2240,"date":"2022-09-06T15:19:32","date_gmt":"2022-09-06T13:19:32","guid":{"rendered":"http:\/\/new.decoczar.pl\/index.php\/product\/stolik-kawowy-debowy-60-cm-morski-z-zywica-gratis-lustro\/"},"modified":"2022-09-06T15:19:32","modified_gmt":"2022-09-06T13:19:32","slug":"stolik-kawowy-debowy-60-cm-morski-z-zywica-gratis-lustro","status":"publish","type":"product","link":"https:\/\/new.decoczar.pl\/index.php\/product\/stolik-kawowy-debowy-60-cm-morski-z-zywica-gratis-lustro\/","title":{"rendered":"Stolik kawowy d\u0119bowy 60 cm Morski z \u017cywic\u0105 + GRATIS LUSTRO"},"content":{"rendered":"<p>Cechy produktu :<\/p>\n<p> \tWymiary 60 cm<br \/>\n \tWysoko\u015b\u0107 : 50 cm<br \/>\n \tMateria\u0142 : drzewo d\u0119bowe, \u017cywica<br \/>\n \tGRATIS &#8211; MORSKIE LUSTRO 30 CM<br \/>\n \tStolik zosta\u0142 pokryty olejem zabezpieczaj\u0105cym<br \/>\n \tCzarne stalowe nogi<br \/>\n \tMetaliczne pigmenty<br \/>\n \tKoszt wysy\u0142ki 40 z\u0142<\/p>\n","protected":false},"excerpt":{"rendered":"<p>Cechy produktu :<\/p>\n<p> \tWymiary 60 cm<br \/>\n \tWysoko\u015b\u0107 : 50 cm<br \/>\n \tMateria\u0142 : drzewo d\u0119bowe, \u017cywica<br \/>\n \tGRATIS &#8211; MORSKIE LUSTRO 30 CM<br \/>\n \tStolik zosta\u0142 pokryty olejem zabezpieczaj\u0105cym<br \/>\n \tCzarne stalowe nogi<br \/>\n \tMetaliczne pigmenty<br \/>\n \tKoszt wysy\u0142ki 40 z\u0142<\/p>\n","protected":false},"featured_media":2239,"comment_status":"open","ping_status":"closed","template":"","meta":[],"etheme_brands":[],"product_cat":[67],"product_tag":[],"class_list":["post-2240","product","type-product","status-publish","has-post-thumbnail","hentry","product_cat-produkty-z-zywicy-promocja-stoliki-drewniane"],"_links":{"self":[{"href":"https:\/\/new.decoczar.pl\/index.php\/wp-json\/wp\/v2\/product\/2240","targetHints":{"allow":["GET"]}}],"collection":[{"href":"https:\/\/new.decoczar.pl\/index.php\/wp-json\/wp\/v2\/product"}],"about":[{"href":"https:\/\/new.decoczar.pl\/index.php\/wp-json\/wp\/v2\/types\/product"}],"replies":[{"embeddable":true,"href":"https:\/\/new.decoczar.pl\/index.php\/wp-json\/wp\/v2\/comments?post=2240"}],"wp:featuredmedia":[{"embeddable":true,"href":"https:\/\/new.decoczar.pl\/index.php\/wp-json\/wp\/v2\/media\/2239"}],"wp:attachment":[{"href":"https:\/\/new.decoczar.pl\/index.php\/wp-json\/wp\/v2\/media?parent=2240"}],"wp:term":[{"taxonomy":"brand","embeddable":true,"href":"https:\/\/new.decoczar.pl\/index.php\/wp-json\/wp\/v2\/etheme_brands?post=2240"},{"taxonomy":"product_cat","embeddable":true,"href":"https:\/\/new.decoczar.pl\/index.php\/wp-json\/wp\/v2\/product_cat?post=2240"},{"taxonomy":"product_tag","embeddable":true,"href":"https:\/\/new.decoczar.pl\/index.php\/wp-json\/wp\/v2\/product_tag?post=2240"}],"curies":[{"name":"wp","href":"https:\/\/api.w.org\/{rel}","templated":true}]}}