{"id":2242,"date":"2022-09-06T15:19:33","date_gmt":"2022-09-06T13:19:33","guid":{"rendered":"http:\/\/new.decoczar.pl\/index.php\/product\/zegar-loft-40-cm-handmade-zywica\/"},"modified":"2022-09-06T15:19:33","modified_gmt":"2022-09-06T13:19:33","slug":"zegar-loft-40-cm-handmade-zywica","status":"publish","type":"product","link":"https:\/\/new.decoczar.pl\/index.php\/product\/zegar-loft-40-cm-handmade-zywica\/","title":{"rendered":"Zegar Loft 40 cm Handmade \u017cywica"},"content":{"rendered":"<p>Cechy produktu :<\/p>\n<p> \tWymiary: \u015brednica 40 cm<br \/>\n \tKo\u0142o otaczaj\u0105ce drewno to metalowy profil malowany proszkowo na czarny kolor.<br \/>\n \tZegar wykonany z deski d\u0119bowej r\u0119cznie obrabianej i pokrytej olejem.<br \/>\n \tZegar wyposa\u017cony w elektroniczny mechanizm na bateri\u0119 R6 paluszek.<br \/>\n \tMateria\u0142 : \u017cywica , deska d\u0119bowa, metal<br \/>\n \tCzas realizacji ok 14 dni roboczych<br \/>\n \tZegar z \u017cywicy &#8211; d\u0119bowy r\u0119cznie robiony jedyny taki egzemplarz<br \/>\n \tNa wskaz\u00f3wkach jest folia ochronna<\/p>\n","protected":false},"excerpt":{"rendered":"<p>Cechy produktu :<\/p>\n<p> \tWymiary: \u015brednica 40 cm<br \/>\n \tKo\u0142o otaczaj\u0105ce drewno to metalowy profil malowany proszkowo na czarny kolor.<br \/>\n \tZegar wykonany z deski d\u0119bowej r\u0119cznie obrabianej i pokrytej olejem.<br \/>\n \tZegar wyposa\u017cony w elektroniczny mechanizm na bateri\u0119 R6 paluszek.<br \/>\n \tMateria\u0142 : \u017cywica , deska d\u0119bowa, metal<br \/>\n \tCzas realizacji ok 14 dni roboczych<br \/>\n \tZegar z \u017cywicy &#8211; d\u0119bowy r\u0119cznie robiony jedyny taki egzemplarz<br \/>\n \tNa wskaz\u00f3wkach jest folia ochronna<\/p>\n","protected":false},"featured_media":2241,"comment_status":"open","ping_status":"closed","template":"","meta":[],"etheme_brands":[],"product_cat":[68],"product_tag":[],"class_list":["post-2242","product","type-product","status-publish","has-post-thumbnail","hentry","product_cat-produkty-z-zywicy-zegar-loft"],"_links":{"self":[{"href":"https:\/\/new.decoczar.pl\/index.php\/wp-json\/wp\/v2\/product\/2242","targetHints":{"allow":["GET"]}}],"collection":[{"href":"https:\/\/new.decoczar.pl\/index.php\/wp-json\/wp\/v2\/product"}],"about":[{"href":"https:\/\/new.decoczar.pl\/index.php\/wp-json\/wp\/v2\/types\/product"}],"replies":[{"embeddable":true,"href":"https:\/\/new.decoczar.pl\/index.php\/wp-json\/wp\/v2\/comments?post=2242"}],"wp:featuredmedia":[{"embeddable":true,"href":"https:\/\/new.decoczar.pl\/index.php\/wp-json\/wp\/v2\/media\/2241"}],"wp:attachment":[{"href":"https:\/\/new.decoczar.pl\/index.php\/wp-json\/wp\/v2\/media?parent=2242"}],"wp:term":[{"taxonomy":"brand","embeddable":true,"href":"https:\/\/new.decoczar.pl\/index.php\/wp-json\/wp\/v2\/etheme_brands?post=2242"},{"taxonomy":"product_cat","embeddable":true,"href":"https:\/\/new.decoczar.pl\/index.php\/wp-json\/wp\/v2\/product_cat?post=2242"},{"taxonomy":"product_tag","embeddable":true,"href":"https:\/\/new.decoczar.pl\/index.php\/wp-json\/wp\/v2\/product_tag?post=2242"}],"curies":[{"name":"wp","href":"https:\/\/api.w.org\/{rel}","templated":true}]}}