{"id":2254,"date":"2022-09-06T15:19:54","date_gmt":"2022-09-06T13:19:54","guid":{"rendered":"http:\/\/new.decoczar.pl\/index.php\/product\/zestaw-kawowy-kubek-filizanka-3-rodzaje\/"},"modified":"2022-09-06T15:19:54","modified_gmt":"2022-09-06T13:19:54","slug":"zestaw-kawowy-kubek-filizanka-3-rodzaje","status":"publish","type":"product","link":"https:\/\/new.decoczar.pl\/index.php\/product\/zestaw-kawowy-kubek-filizanka-3-rodzaje\/","title":{"rendered":"Zestaw kawowy (kubek+ fili\u017canka ) 3 rodzaje"},"content":{"rendered":"<p>Zestaw kawowy:<\/p>\n<p> \tKubek ( bia\u0142y, czarny,<br \/>\n \tPodk\u0142adka (bia\u0142y, czarny, butelkowa ziele\u0144 + z\u0142ote dodatki )<br \/>\n \tCzas realizacji do 10 dni roboczych po zaksi\u0119gowaniu wp\u0142aty<br \/>\n \tMateria\u0142 : \u017cywica epoksydowa<br \/>\n \tOzdobne prezentowe opakowanie<br \/>\n \tW uwagach do zam\u00f3wienia prosz\u0119 wpisa\u0107 kt\u00f3ry kolor (bia\u0142y, czarny, butelkowa ziele\u0144)<br \/>\n \tZAMAWI\u0104JAC KILKA PRODUKT\u00d3W CZAS REALZIACJI JEST D\u0141U\u017bSZY DO 14 DNI ROBOCZYCH\u00a0<\/p>\n","protected":false},"excerpt":{"rendered":"<p>Zestaw kawowy:<\/p>\n<p> \tKubek ( bia\u0142y, czarny,<br \/>\n \tPodk\u0142adka (bia\u0142y, czarny, butelkowa ziele\u0144 + z\u0142ote dodatki )<br \/>\n \tCzas realizacji do 10 dni roboczych po zaksi\u0119gowaniu wp\u0142aty<br \/>\n \tMateria\u0142 : \u017cywica epoksydowa<br \/>\n \tOzdobne prezentowe opakowanie<br \/>\n \tW uwagach do zam\u00f3wienia prosz\u0119 wpisa\u0107 kt\u00f3ry kolor (bia\u0142y, czarny, butelkowa ziele\u0144)<br \/>\n \tZAMAWI\u0104JAC KILKA PRODUKT\u00d3W CZAS REALZIACJI JEST D\u0141U\u017bSZY DO 14 DNI ROBOCZYCH\u00a0<\/p>\n","protected":false},"featured_media":2253,"comment_status":"open","ping_status":"closed","template":"","meta":[],"etheme_brands":[],"product_cat":[48],"product_tag":[],"class_list":["post-2254","product","type-product","status-publish","has-post-thumbnail","hentry","product_cat-produkty-z-zywicy"],"_links":{"self":[{"href":"https:\/\/new.decoczar.pl\/index.php\/wp-json\/wp\/v2\/product\/2254","targetHints":{"allow":["GET"]}}],"collection":[{"href":"https:\/\/new.decoczar.pl\/index.php\/wp-json\/wp\/v2\/product"}],"about":[{"href":"https:\/\/new.decoczar.pl\/index.php\/wp-json\/wp\/v2\/types\/product"}],"replies":[{"embeddable":true,"href":"https:\/\/new.decoczar.pl\/index.php\/wp-json\/wp\/v2\/comments?post=2254"}],"wp:featuredmedia":[{"embeddable":true,"href":"https:\/\/new.decoczar.pl\/index.php\/wp-json\/wp\/v2\/media\/2253"}],"wp:attachment":[{"href":"https:\/\/new.decoczar.pl\/index.php\/wp-json\/wp\/v2\/media?parent=2254"}],"wp:term":[{"taxonomy":"brand","embeddable":true,"href":"https:\/\/new.decoczar.pl\/index.php\/wp-json\/wp\/v2\/etheme_brands?post=2254"},{"taxonomy":"product_cat","embeddable":true,"href":"https:\/\/new.decoczar.pl\/index.php\/wp-json\/wp\/v2\/product_cat?post=2254"},{"taxonomy":"product_tag","embeddable":true,"href":"https:\/\/new.decoczar.pl\/index.php\/wp-json\/wp\/v2\/product_tag?post=2254"}],"curies":[{"name":"wp","href":"https:\/\/api.w.org\/{rel}","templated":true}]}}