{"id":2298,"date":"2022-09-06T15:21:31","date_gmt":"2022-09-06T13:21:31","guid":{"rendered":"http:\/\/new.decoczar.pl\/index.php\/product\/wieszak-opalony-zywica-morski\/"},"modified":"2022-09-06T15:21:31","modified_gmt":"2022-09-06T13:21:31","slug":"wieszak-opalony-zywica-morski","status":"publish","type":"product","link":"https:\/\/new.decoczar.pl\/index.php\/product\/wieszak-opalony-zywica-morski\/","title":{"rendered":"Wieszak opalony \u017cywica morski"},"content":{"rendered":"<p>Cechy produktu:<\/p>\n<p> \tWymiary : 85&#215;23 cm<br \/>\n \tGrubo\u015b\u0107 deski : 3 cm<br \/>\n \tZ ty\u0142u s\u0105 zamontowane dwa uchwyty umo\u017cliwiaj\u0105ce powieszenia wieszaka na \u015bcianie.<br \/>\n \tMateria\u0142 : Sosna<br \/>\n \tDeska zosta\u0142a zabezpieczona wysokiej jako\u015bci olejem<br \/>\n \tMosi\u0119\u017cne uchwyty<br \/>\n \tCzas realizacji do 14-21 dni roboczych<br \/>\n \tProdukt od podstaw wykonywany r\u0119cznie<\/p>\n","protected":false},"excerpt":{"rendered":"<p>Cechy produktu:<\/p>\n<p> \tWymiary : 85&#215;23 cm<br \/>\n \tGrubo\u015b\u0107 deski : 3 cm<br \/>\n \tZ ty\u0142u s\u0105 zamontowane dwa uchwyty umo\u017cliwiaj\u0105ce powieszenia wieszaka na \u015bcianie.<br \/>\n \tMateria\u0142 : Sosna<br \/>\n \tDeska zosta\u0142a zabezpieczona wysokiej jako\u015bci olejem<br \/>\n \tMosi\u0119\u017cne uchwyty<br \/>\n \tCzas realizacji do 14-21 dni roboczych<br \/>\n \tProdukt od podstaw wykonywany r\u0119cznie<\/p>\n","protected":false},"featured_media":2297,"comment_status":"open","ping_status":"closed","template":"","meta":[],"etheme_brands":[],"product_cat":[48],"product_tag":[],"class_list":["post-2298","product","type-product","status-publish","has-post-thumbnail","hentry","product_cat-produkty-z-zywicy"],"_links":{"self":[{"href":"https:\/\/new.decoczar.pl\/index.php\/wp-json\/wp\/v2\/product\/2298","targetHints":{"allow":["GET"]}}],"collection":[{"href":"https:\/\/new.decoczar.pl\/index.php\/wp-json\/wp\/v2\/product"}],"about":[{"href":"https:\/\/new.decoczar.pl\/index.php\/wp-json\/wp\/v2\/types\/product"}],"replies":[{"embeddable":true,"href":"https:\/\/new.decoczar.pl\/index.php\/wp-json\/wp\/v2\/comments?post=2298"}],"wp:featuredmedia":[{"embeddable":true,"href":"https:\/\/new.decoczar.pl\/index.php\/wp-json\/wp\/v2\/media\/2297"}],"wp:attachment":[{"href":"https:\/\/new.decoczar.pl\/index.php\/wp-json\/wp\/v2\/media?parent=2298"}],"wp:term":[{"taxonomy":"brand","embeddable":true,"href":"https:\/\/new.decoczar.pl\/index.php\/wp-json\/wp\/v2\/etheme_brands?post=2298"},{"taxonomy":"product_cat","embeddable":true,"href":"https:\/\/new.decoczar.pl\/index.php\/wp-json\/wp\/v2\/product_cat?post=2298"},{"taxonomy":"product_tag","embeddable":true,"href":"https:\/\/new.decoczar.pl\/index.php\/wp-json\/wp\/v2\/product_tag?post=2298"}],"curies":[{"name":"wp","href":"https:\/\/api.w.org\/{rel}","templated":true}]}}