{"id":2304,"date":"2022-09-06T15:21:46","date_gmt":"2022-09-06T13:21:46","guid":{"rendered":"http:\/\/new.decoczar.pl\/index.php\/product\/stolik-kawowy-z-drewna-tekowego-z-zywica-na-kolkach\/"},"modified":"2022-09-06T15:21:46","modified_gmt":"2022-09-06T13:21:46","slug":"stolik-kawowy-z-drewna-tekowego-z-zywica-na-kolkach","status":"publish","type":"product","link":"https:\/\/new.decoczar.pl\/index.php\/product\/stolik-kawowy-z-drewna-tekowego-z-zywica-na-kolkach\/","title":{"rendered":"Stolik kawowy z drewna tekowego z \u017cywic\u0105 na k\u00f3\u0142kach"},"content":{"rendered":"<p>Cechy produktu :<\/p>\n<p> \tWymiary ok 40&#215;40 cm<br \/>\n \tWysoko\u015b\u0107 : 45 cm<br \/>\n \tMateria\u0142 : drzewo tekowe<br \/>\n \tCzarna per\u0142owa<br \/>\n \tStolik zosta\u0142 pokryty olejem zabezpieczaj\u0105cym<br \/>\n \tStolik posiada 4 k\u00f3\u0142ka<br \/>\n \tNIE WYSY\u0141AM PRODUKTU (zbyt ci\u0119\u017cka waga )<\/p>\n","protected":false},"excerpt":{"rendered":"<p>Cechy produktu :<\/p>\n<p> \tWymiary ok 40&#215;40 cm<br \/>\n \tWysoko\u015b\u0107 : 45 cm<br \/>\n \tMateria\u0142 : drzewo tekowe<br \/>\n \tCzarna per\u0142owa<br \/>\n \tStolik zosta\u0142 pokryty olejem zabezpieczaj\u0105cym<br \/>\n \tStolik posiada 4 k\u00f3\u0142ka<br \/>\n \tNIE WYSY\u0141AM PRODUKTU (zbyt ci\u0119\u017cka waga )<\/p>\n","protected":false},"featured_media":2303,"comment_status":"open","ping_status":"closed","template":"","meta":[],"etheme_brands":[],"product_cat":[67],"product_tag":[],"class_list":["post-2304","product","type-product","status-publish","has-post-thumbnail","hentry","product_cat-produkty-z-zywicy-promocja-stoliki-drewniane"],"_links":{"self":[{"href":"https:\/\/new.decoczar.pl\/index.php\/wp-json\/wp\/v2\/product\/2304","targetHints":{"allow":["GET"]}}],"collection":[{"href":"https:\/\/new.decoczar.pl\/index.php\/wp-json\/wp\/v2\/product"}],"about":[{"href":"https:\/\/new.decoczar.pl\/index.php\/wp-json\/wp\/v2\/types\/product"}],"replies":[{"embeddable":true,"href":"https:\/\/new.decoczar.pl\/index.php\/wp-json\/wp\/v2\/comments?post=2304"}],"wp:featuredmedia":[{"embeddable":true,"href":"https:\/\/new.decoczar.pl\/index.php\/wp-json\/wp\/v2\/media\/2303"}],"wp:attachment":[{"href":"https:\/\/new.decoczar.pl\/index.php\/wp-json\/wp\/v2\/media?parent=2304"}],"wp:term":[{"taxonomy":"brand","embeddable":true,"href":"https:\/\/new.decoczar.pl\/index.php\/wp-json\/wp\/v2\/etheme_brands?post=2304"},{"taxonomy":"product_cat","embeddable":true,"href":"https:\/\/new.decoczar.pl\/index.php\/wp-json\/wp\/v2\/product_cat?post=2304"},{"taxonomy":"product_tag","embeddable":true,"href":"https:\/\/new.decoczar.pl\/index.php\/wp-json\/wp\/v2\/product_tag?post=2304"}],"curies":[{"name":"wp","href":"https:\/\/api.w.org\/{rel}","templated":true}]}}