{"id":23108,"date":"2025-01-14T13:34:36","date_gmt":"2025-01-14T12:34:36","guid":{"rendered":"https:\/\/new.decoczar.pl\/index.php\/product\/hoker-loftowy-industrialny-60-cm-1-szt-47\/"},"modified":"2025-01-14T13:34:36","modified_gmt":"2025-01-14T12:34:36","slug":"hoker-loftowy-industrialny-60-cm-1-szt-47","status":"publish","type":"product","link":"https:\/\/new.decoczar.pl\/index.php\/product\/hoker-loftowy-industrialny-60-cm-1-szt-47\/","title":{"rendered":"HOKER Loftowy \/ industrialny 60 cm 1 szt"},"content":{"rendered":"<p> \tStela\u017c z profilu metalowego 40 x 20 mm<br \/>\n \tMalowany proszkowo<br \/>\n \tKolor : D\u0105b Craft z\u0142oty<br \/>\n \tWymiary: szer. 30 cm \/ g\u0142\u0119b. 30 cm \/ wys. 60 cm.<br \/>\n \tSiedzisko wykonane z p\u0142yty meblowej o grubo\u015bci 36 mm<br \/>\n \tMeble wykonywane s\u0105 na zam\u00f3wienie. Czas oczekiwania 21 dni roboczych po zaksi\u0119gowaniu wp\u0142aty<br \/>\n \tNie wysy\u0142am za pobraniem<br \/>\n \tWysy\u0142ka 25 z\u0142 &#8211; 1 sztuka \/ 2 szt 40 z\u0142<br \/>\n \tPRODUKT POLSKI !<\/p>\n","protected":false},"excerpt":{"rendered":"<p> \tStela\u017c z profilu metalowego 40 x 20 mm<br \/>\n \tMalowany proszkowo<br \/>\n \tKolor : D\u0105b Craft z\u0142oty<br \/>\n \tWymiary: szer. 30 cm \/ g\u0142\u0119b. 30 cm \/ wys. 60 cm.<br \/>\n \tSiedzisko wykonane z p\u0142yty meblowej o grubo\u015bci 36 mm<br \/>\n \tMeble wykonywane s\u0105 na zam\u00f3wienie. Czas oczekiwania 21 dni roboczych po zaksi\u0119gowaniu wp\u0142aty<br \/>\n \tNie wysy\u0142am za pobraniem<br \/>\n \tWysy\u0142ka 25 z\u0142 &#8211; 1 sztuka \/ 2 szt 40 z\u0142<br \/>\n \tPRODUKT POLSKI !<\/p>\n","protected":false},"featured_media":2636,"comment_status":"open","ping_status":"closed","template":"","meta":[],"etheme_brands":[],"product_cat":[50],"product_tag":[],"class_list":["post-23108","product","type-product","status-publish","has-post-thumbnail","hentry","product_cat-podstawy-metalowe-stelaze-stojaki"],"_links":{"self":[{"href":"https:\/\/new.decoczar.pl\/index.php\/wp-json\/wp\/v2\/product\/23108","targetHints":{"allow":["GET"]}}],"collection":[{"href":"https:\/\/new.decoczar.pl\/index.php\/wp-json\/wp\/v2\/product"}],"about":[{"href":"https:\/\/new.decoczar.pl\/index.php\/wp-json\/wp\/v2\/types\/product"}],"replies":[{"embeddable":true,"href":"https:\/\/new.decoczar.pl\/index.php\/wp-json\/wp\/v2\/comments?post=23108"}],"wp:featuredmedia":[{"embeddable":true,"href":"https:\/\/new.decoczar.pl\/index.php\/wp-json\/wp\/v2\/media\/2636"}],"wp:attachment":[{"href":"https:\/\/new.decoczar.pl\/index.php\/wp-json\/wp\/v2\/media?parent=23108"}],"wp:term":[{"taxonomy":"brand","embeddable":true,"href":"https:\/\/new.decoczar.pl\/index.php\/wp-json\/wp\/v2\/etheme_brands?post=23108"},{"taxonomy":"product_cat","embeddable":true,"href":"https:\/\/new.decoczar.pl\/index.php\/wp-json\/wp\/v2\/product_cat?post=23108"},{"taxonomy":"product_tag","embeddable":true,"href":"https:\/\/new.decoczar.pl\/index.php\/wp-json\/wp\/v2\/product_tag?post=23108"}],"curies":[{"name":"wp","href":"https:\/\/api.w.org\/{rel}","templated":true}]}}