{"id":23117,"date":"2025-01-14T13:34:38","date_gmt":"2025-01-14T12:34:38","guid":{"rendered":"https:\/\/new.decoczar.pl\/index.php\/product\/noga-do-stolu-pajak-podstawa-metalowa-duza-141\/"},"modified":"2025-01-14T13:34:38","modified_gmt":"2025-01-14T12:34:38","slug":"noga-do-stolu-pajak-podstawa-metalowa-duza-141","status":"publish","type":"product","link":"https:\/\/new.decoczar.pl\/index.php\/product\/noga-do-stolu-pajak-podstawa-metalowa-duza-141\/","title":{"rendered":"NOGA DO STO\u0141U PAJ\u0104K \/ PODSTAWA METALOWA DU\u017bA"},"content":{"rendered":"<p> \tWymiary : 60 X 160 X 72 ( d\u0142ugo\u015b\u0107 x szeroko\u015b\u0107 x wysoko\u015b\u0107) &#8211;<br \/>\n \tMalowane proszkowo<br \/>\n \tWysy\u0142ka 280 z\u0142 &#8211; TYLKO WP\u0141ATA NA KONTO ( wysy\u0142ka paletowa )<\/p>\n<p> \tKolor Czarny mat<br \/>\n \tProfil 8&#215;4 cm<br \/>\n \tCzas realizacji do 21 dni roboczych po zaksi\u0119gowaniu wp\u0142aty<\/p>\n<p>\u00a0<\/p>\n","protected":false},"excerpt":{"rendered":"<p> \tWymiary : 60 X 160 X 72 ( d\u0142ugo\u015b\u0107 x szeroko\u015b\u0107 x wysoko\u015b\u0107) &#8211;<br \/>\n \tMalowane proszkowo<br \/>\n \tWysy\u0142ka 280 z\u0142 &#8211; TYLKO WP\u0141ATA NA KONTO ( wysy\u0142ka paletowa )<\/p>\n<p> \tKolor Czarny mat<br \/>\n \tProfil 8&#215;4 cm<br \/>\n \tCzas realizacji do 21 dni roboczych po zaksi\u0119gowaniu wp\u0142aty<\/p>\n<p>\u00a0<\/p>\n","protected":false},"featured_media":4903,"comment_status":"open","ping_status":"closed","template":"","meta":[],"etheme_brands":[],"product_cat":[50],"product_tag":[],"class_list":["post-23117","product","type-product","status-publish","has-post-thumbnail","hentry","product_cat-podstawy-metalowe-stelaze-stojaki"],"_links":{"self":[{"href":"https:\/\/new.decoczar.pl\/index.php\/wp-json\/wp\/v2\/product\/23117","targetHints":{"allow":["GET"]}}],"collection":[{"href":"https:\/\/new.decoczar.pl\/index.php\/wp-json\/wp\/v2\/product"}],"about":[{"href":"https:\/\/new.decoczar.pl\/index.php\/wp-json\/wp\/v2\/types\/product"}],"replies":[{"embeddable":true,"href":"https:\/\/new.decoczar.pl\/index.php\/wp-json\/wp\/v2\/comments?post=23117"}],"wp:featuredmedia":[{"embeddable":true,"href":"https:\/\/new.decoczar.pl\/index.php\/wp-json\/wp\/v2\/media\/4903"}],"wp:attachment":[{"href":"https:\/\/new.decoczar.pl\/index.php\/wp-json\/wp\/v2\/media?parent=23117"}],"wp:term":[{"taxonomy":"brand","embeddable":true,"href":"https:\/\/new.decoczar.pl\/index.php\/wp-json\/wp\/v2\/etheme_brands?post=23117"},{"taxonomy":"product_cat","embeddable":true,"href":"https:\/\/new.decoczar.pl\/index.php\/wp-json\/wp\/v2\/product_cat?post=23117"},{"taxonomy":"product_tag","embeddable":true,"href":"https:\/\/new.decoczar.pl\/index.php\/wp-json\/wp\/v2\/product_tag?post=23117"}],"curies":[{"name":"wp","href":"https:\/\/api.w.org\/{rel}","templated":true}]}}