{"id":23233,"date":"2025-01-25T09:03:34","date_gmt":"2025-01-25T08:03:34","guid":{"rendered":"http:\/\/new.decoczar.pl\/index.php\/product\/swiecznik-debowy-morski-z-zywica-11\/"},"modified":"2025-01-25T09:03:34","modified_gmt":"2025-01-25T08:03:34","slug":"swiecznik-debowy-morski-z-zywica-11","status":"publish","type":"product","link":"https:\/\/new.decoczar.pl\/index.php\/product\/swiecznik-debowy-morski-z-zywica-11\/","title":{"rendered":"\u015awiecznik d\u0119bowy morski z \u017cywic\u0105"},"content":{"rendered":"<p>Cechy produktu :<\/p>\n<p> \tWymiary : 42 x 16,5 wysoko\u015b\u0107 4 cm<br \/>\n \tMateria\u0142: D\u0119bowy plaster, \u017cywica<br \/>\n \tMiejsce na 3 tealight<br \/>\n \tDrewno zosta\u0142o zabezpieczone wysokiej jako\u015bci olejem do drewna<br \/>\n \tDost\u0119pna 1 sztuka<br \/>\n \tCzy\u015bcic wilgotn\u0105 \u015bciereczk\u0105<br \/>\n \tBia\u0142e rozgwiazdy to dekoracja do zdj\u0119\u0107<\/p>\n<p>\u00a0<\/p>\n","protected":false},"excerpt":{"rendered":"<p>Cechy produktu :<\/p>\n<p> \tWymiary : 42 x 16,5 wysoko\u015b\u0107 4 cm<br \/>\n \tMateria\u0142: D\u0119bowy plaster, \u017cywica<br \/>\n \tMiejsce na 3 tealight<br \/>\n \tDrewno zosta\u0142o zabezpieczone wysokiej jako\u015bci olejem do drewna<br \/>\n \tDost\u0119pna 1 sztuka<br \/>\n \tCzy\u015bcic wilgotn\u0105 \u015bciereczk\u0105<br \/>\n \tBia\u0142e rozgwiazdy to dekoracja do zdj\u0119\u0107<\/p>\n<p>\u00a0<\/p>\n","protected":false},"featured_media":0,"comment_status":"open","ping_status":"closed","template":"","meta":[],"etheme_brands":[],"product_cat":[194],"product_tag":[],"class_list":["post-23233","product","type-product","status-publish","hentry","product_cat-dostepne-od-reki-swieczniki"],"_links":{"self":[{"href":"https:\/\/new.decoczar.pl\/index.php\/wp-json\/wp\/v2\/product\/23233","targetHints":{"allow":["GET"]}}],"collection":[{"href":"https:\/\/new.decoczar.pl\/index.php\/wp-json\/wp\/v2\/product"}],"about":[{"href":"https:\/\/new.decoczar.pl\/index.php\/wp-json\/wp\/v2\/types\/product"}],"replies":[{"embeddable":true,"href":"https:\/\/new.decoczar.pl\/index.php\/wp-json\/wp\/v2\/comments?post=23233"}],"wp:attachment":[{"href":"https:\/\/new.decoczar.pl\/index.php\/wp-json\/wp\/v2\/media?parent=23233"}],"wp:term":[{"taxonomy":"brand","embeddable":true,"href":"https:\/\/new.decoczar.pl\/index.php\/wp-json\/wp\/v2\/etheme_brands?post=23233"},{"taxonomy":"product_cat","embeddable":true,"href":"https:\/\/new.decoczar.pl\/index.php\/wp-json\/wp\/v2\/product_cat?post=23233"},{"taxonomy":"product_tag","embeddable":true,"href":"https:\/\/new.decoczar.pl\/index.php\/wp-json\/wp\/v2\/product_tag?post=23233"}],"curies":[{"name":"wp","href":"https:\/\/api.w.org\/{rel}","templated":true}]}}