{"id":2326,"date":"2022-09-06T15:22:46","date_gmt":"2022-09-06T13:22:46","guid":{"rendered":"http:\/\/new.decoczar.pl\/index.php\/product\/swiateczny-bon-podarunkowy-mikolaj\/"},"modified":"2022-09-06T15:22:46","modified_gmt":"2022-09-06T13:22:46","slug":"swiateczny-bon-podarunkowy-mikolaj","status":"publish","type":"product","link":"https:\/\/new.decoczar.pl\/index.php\/product\/swiateczny-bon-podarunkowy-mikolaj\/","title":{"rendered":"\u015awi\u0105teczny bon podarunkowy Miko\u0142aj"},"content":{"rendered":"<p>Cechy produktu :<\/p>\n<p> \tTabliczk\u0119 z napisem<br \/>\n \tWymiary 25&#215;17 cm<br \/>\n \tMateria\u0142 : sklejka brzozowa<br \/>\n \tDrewniane mini klamerki<br \/>\n \tSznurek jutowy<br \/>\n \tCzas realizacji do 5 dni roboczych po zaksi\u0119gowaniu wp\u0142aty<br \/>\n \tW uwagach do zam\u00f3wienia prosz\u0119 wpisa\u0107 od kogo<br \/>\n \tBanknoty nie s\u0105 cz\u0119\u015bci\u0105 zestawu.<\/p>\n","protected":false},"excerpt":{"rendered":"<p>Cechy produktu :<\/p>\n<p> \tTabliczk\u0119 z napisem<br \/>\n \tWymiary 25&#215;17 cm<br \/>\n \tMateria\u0142 : sklejka brzozowa<br \/>\n \tDrewniane mini klamerki<br \/>\n \tSznurek jutowy<br \/>\n \tCzas realizacji do 5 dni roboczych po zaksi\u0119gowaniu wp\u0142aty<br \/>\n \tW uwagach do zam\u00f3wienia prosz\u0119 wpisa\u0107 od kogo<br \/>\n \tBanknoty nie s\u0105 cz\u0119\u015bci\u0105 zestawu.<\/p>\n","protected":false},"featured_media":2325,"comment_status":"open","ping_status":"closed","template":"","meta":[],"etheme_brands":[],"product_cat":[74],"product_tag":[],"class_list":["post-2326","product","type-product","status-publish","has-post-thumbnail","hentry","product_cat-boze-narodzenie"],"_links":{"self":[{"href":"https:\/\/new.decoczar.pl\/index.php\/wp-json\/wp\/v2\/product\/2326","targetHints":{"allow":["GET"]}}],"collection":[{"href":"https:\/\/new.decoczar.pl\/index.php\/wp-json\/wp\/v2\/product"}],"about":[{"href":"https:\/\/new.decoczar.pl\/index.php\/wp-json\/wp\/v2\/types\/product"}],"replies":[{"embeddable":true,"href":"https:\/\/new.decoczar.pl\/index.php\/wp-json\/wp\/v2\/comments?post=2326"}],"wp:featuredmedia":[{"embeddable":true,"href":"https:\/\/new.decoczar.pl\/index.php\/wp-json\/wp\/v2\/media\/2325"}],"wp:attachment":[{"href":"https:\/\/new.decoczar.pl\/index.php\/wp-json\/wp\/v2\/media?parent=2326"}],"wp:term":[{"taxonomy":"brand","embeddable":true,"href":"https:\/\/new.decoczar.pl\/index.php\/wp-json\/wp\/v2\/etheme_brands?post=2326"},{"taxonomy":"product_cat","embeddable":true,"href":"https:\/\/new.decoczar.pl\/index.php\/wp-json\/wp\/v2\/product_cat?post=2326"},{"taxonomy":"product_tag","embeddable":true,"href":"https:\/\/new.decoczar.pl\/index.php\/wp-json\/wp\/v2\/product_tag?post=2326"}],"curies":[{"name":"wp","href":"https:\/\/api.w.org\/{rel}","templated":true}]}}