{"id":2345,"date":"2022-09-06T15:23:57","date_gmt":"2022-09-06T13:23:57","guid":{"rendered":"http:\/\/new.decoczar.pl\/index.php\/product\/konsola-nowoczesna-industrailna-loft-80-cm\/"},"modified":"2022-09-06T15:23:57","modified_gmt":"2022-09-06T13:23:57","slug":"konsola-nowoczesna-industrailna-loft-80-cm","status":"publish","type":"product","link":"https:\/\/new.decoczar.pl\/index.php\/product\/konsola-nowoczesna-industrailna-loft-80-cm\/","title":{"rendered":"KONSOLA NOWOCZESNA INDUSTRAILNA LOFT 80 cm"},"content":{"rendered":"<p>Konsola<\/p>\n<p> \tWymiary 80 cm d\u0142ugo\u015b\u0107 wysoko\u015b\u0107 50 cm g\u0142\u0119boko\u015b\u0107 30 cm<br \/>\n \tStela\u017c malowany proszkowo<br \/>\n \tProfil 2&#215;2 cm<br \/>\n \tMateria\u0142 : Blat d\u0119bowy lity<br \/>\n \tNak\u0142adki na n\u00f3\u017cki chroni\u0105 pod\u0142og\u0119 przed zarysowaniem<br \/>\n \tWykonanie z wysokiej jako\u015bci materia\u0142\u00f3w<br \/>\n \tModny styl industrialny<br \/>\n \tMo\u017cliwo\u015b\u0107 wysy\u0142ki 60 z\u0142 (prosz\u0119 doliczy\u0107 do przelewu )<br \/>\n \tPo\u0142\u0105czenie pi\u0119kna z funkcjonalno\u015bci\u0105<br \/>\n \tStabilna i wytrzyma\u0142a konstrukcja<br \/>\n \tCzas realizacji 21 dni roboczych<br \/>\n \tTYLKO WP\u0141ATA NA KONTO !!!\u00a0<\/p>\n","protected":false},"excerpt":{"rendered":"<p>Konsola<\/p>\n<p> \tWymiary 80 cm d\u0142ugo\u015b\u0107 wysoko\u015b\u0107 50 cm g\u0142\u0119boko\u015b\u0107 30 cm<br \/>\n \tStela\u017c malowany proszkowo<br \/>\n \tProfil 2&#215;2 cm<br \/>\n \tMateria\u0142 : Blat d\u0119bowy lity<br \/>\n \tNak\u0142adki na n\u00f3\u017cki chroni\u0105 pod\u0142og\u0119 przed zarysowaniem<br \/>\n \tWykonanie z wysokiej jako\u015bci materia\u0142\u00f3w<br \/>\n \tModny styl industrialny<br \/>\n \tMo\u017cliwo\u015b\u0107 wysy\u0142ki 60 z\u0142 (prosz\u0119 doliczy\u0107 do przelewu )<br \/>\n \tPo\u0142\u0105czenie pi\u0119kna z funkcjonalno\u015bci\u0105<br \/>\n \tStabilna i wytrzyma\u0142a konstrukcja<br \/>\n \tCzas realizacji 21 dni roboczych<br \/>\n \tTYLKO WP\u0141ATA NA KONTO !!!\u00a0<\/p>\n","protected":false},"featured_media":2344,"comment_status":"open","ping_status":"closed","template":"","meta":[],"etheme_brands":[],"product_cat":[53],"product_tag":[],"class_list":["post-2345","product","type-product","status-publish","has-post-thumbnail","hentry","product_cat-podstawy-metalowe-stelaze-stojaki-stoliki-drewniane"],"_links":{"self":[{"href":"https:\/\/new.decoczar.pl\/index.php\/wp-json\/wp\/v2\/product\/2345","targetHints":{"allow":["GET"]}}],"collection":[{"href":"https:\/\/new.decoczar.pl\/index.php\/wp-json\/wp\/v2\/product"}],"about":[{"href":"https:\/\/new.decoczar.pl\/index.php\/wp-json\/wp\/v2\/types\/product"}],"replies":[{"embeddable":true,"href":"https:\/\/new.decoczar.pl\/index.php\/wp-json\/wp\/v2\/comments?post=2345"}],"wp:featuredmedia":[{"embeddable":true,"href":"https:\/\/new.decoczar.pl\/index.php\/wp-json\/wp\/v2\/media\/2344"}],"wp:attachment":[{"href":"https:\/\/new.decoczar.pl\/index.php\/wp-json\/wp\/v2\/media?parent=2345"}],"wp:term":[{"taxonomy":"brand","embeddable":true,"href":"https:\/\/new.decoczar.pl\/index.php\/wp-json\/wp\/v2\/etheme_brands?post=2345"},{"taxonomy":"product_cat","embeddable":true,"href":"https:\/\/new.decoczar.pl\/index.php\/wp-json\/wp\/v2\/product_cat?post=2345"},{"taxonomy":"product_tag","embeddable":true,"href":"https:\/\/new.decoczar.pl\/index.php\/wp-json\/wp\/v2\/product_tag?post=2345"}],"curies":[{"name":"wp","href":"https:\/\/api.w.org\/{rel}","templated":true}]}}