{"id":23608,"date":"2025-02-06T22:13:59","date_gmt":"2025-02-06T21:13:59","guid":{"rendered":"http:\/\/new.decoczar.pl\/index.php\/product\/stelaz-metalowy-pod-stolik-barowy-noga-metalowa-konstrukcja-52\/"},"modified":"2025-02-06T22:13:59","modified_gmt":"2025-02-06T21:13:59","slug":"stelaz-metalowy-pod-stolik-barowy-noga-metalowa-konstrukcja-52","status":"publish","type":"product","link":"https:\/\/new.decoczar.pl\/index.php\/product\/stelaz-metalowy-pod-stolik-barowy-noga-metalowa-konstrukcja-52\/","title":{"rendered":"STELA\u017b METALOWY POD STOLIK BAROWY NOGA METALOWA KONSTRUKCJA"},"content":{"rendered":"<p> \tWysoko\u015b\u0107 100 cm<br \/>\n \tD\u0142ugo\u015b\u0107 120 cm<br \/>\n \tG\u0142\u0119boko\u015b\u0107 40 cm<br \/>\n \tMalowane proszkowo<br \/>\n \tKolor Czarny mat<br \/>\n \tProfil 8&#215;4 cm<br \/>\n \tCzas realizacji 21 dni roboczych po zaksi\u0119gowaniu wp\u0142aty<br \/>\n \tWysy\u0142ka 250 z\u0142 \u2013 TYLKO WP\u0141ATA NA KONTO ( wysy\u0142ka paletowa ) prosz\u0119 doliczy\u0107 do kwoty przelewu\u00a0<br \/>\n \tB\u0105d\u017a odbi\u00f3r Warszawa Br\u00f3dno lub okolice Legionowa<\/p>\n<p>\u00a0<\/p>\n","protected":false},"excerpt":{"rendered":"<p> \tWysoko\u015b\u0107 100 cm<br \/>\n \tD\u0142ugo\u015b\u0107 120 cm<br \/>\n \tG\u0142\u0119boko\u015b\u0107 40 cm<br \/>\n \tMalowane proszkowo<br \/>\n \tKolor Czarny mat<br \/>\n \tProfil 8&#215;4 cm<br \/>\n \tCzas realizacji 21 dni roboczych po zaksi\u0119gowaniu wp\u0142aty<br \/>\n \tWysy\u0142ka 250 z\u0142 \u2013 TYLKO WP\u0141ATA NA KONTO ( wysy\u0142ka paletowa ) prosz\u0119 doliczy\u0107 do kwoty przelewu\u00a0<br \/>\n \tB\u0105d\u017a odbi\u00f3r Warszawa Br\u00f3dno lub okolice Legionowa<\/p>\n<p>\u00a0<\/p>\n","protected":false},"featured_media":2187,"comment_status":"open","ping_status":"closed","template":"","meta":[],"etheme_brands":[],"product_cat":[50],"product_tag":[],"class_list":["post-23608","product","type-product","status-publish","has-post-thumbnail","hentry","product_cat-podstawy-metalowe-stelaze-stojaki"],"_links":{"self":[{"href":"https:\/\/new.decoczar.pl\/index.php\/wp-json\/wp\/v2\/product\/23608","targetHints":{"allow":["GET"]}}],"collection":[{"href":"https:\/\/new.decoczar.pl\/index.php\/wp-json\/wp\/v2\/product"}],"about":[{"href":"https:\/\/new.decoczar.pl\/index.php\/wp-json\/wp\/v2\/types\/product"}],"replies":[{"embeddable":true,"href":"https:\/\/new.decoczar.pl\/index.php\/wp-json\/wp\/v2\/comments?post=23608"}],"wp:featuredmedia":[{"embeddable":true,"href":"https:\/\/new.decoczar.pl\/index.php\/wp-json\/wp\/v2\/media\/2187"}],"wp:attachment":[{"href":"https:\/\/new.decoczar.pl\/index.php\/wp-json\/wp\/v2\/media?parent=23608"}],"wp:term":[{"taxonomy":"brand","embeddable":true,"href":"https:\/\/new.decoczar.pl\/index.php\/wp-json\/wp\/v2\/etheme_brands?post=23608"},{"taxonomy":"product_cat","embeddable":true,"href":"https:\/\/new.decoczar.pl\/index.php\/wp-json\/wp\/v2\/product_cat?post=23608"},{"taxonomy":"product_tag","embeddable":true,"href":"https:\/\/new.decoczar.pl\/index.php\/wp-json\/wp\/v2\/product_tag?post=23608"}],"curies":[{"name":"wp","href":"https:\/\/api.w.org\/{rel}","templated":true}]}}