{"id":2380,"date":"2022-09-06T22:43:37","date_gmt":"2022-09-06T20:43:37","guid":{"rendered":"https:\/\/new.decoczar.pl\/index.php\/product\/noga-metalowa-stelaz-podstawa-pod-stol-pajak-duzy-bialy\/"},"modified":"2022-09-06T22:43:37","modified_gmt":"2022-09-06T20:43:37","slug":"noga-metalowa-stelaz-podstawa-pod-stol-pajak-duzy-bialy","status":"publish","type":"product","link":"https:\/\/new.decoczar.pl\/index.php\/product\/noga-metalowa-stelaz-podstawa-pod-stol-pajak-duzy-bialy\/","title":{"rendered":"NOGA METALOWA STELA\u017b PODSTAWA POD ST\u00d3\u0141 PAJ\u0104K DU\u017bY BIA\u0141Y"},"content":{"rendered":"<p> \tWymiary : 60 X 150 X 70 ( g\u0142\u0119boko\u015b\u0107 x szeroko\u015b\u0107 x wysoko\u015b\u0107) &#8211;<br \/>\n \tMalowane proszkowo<br \/>\n \tWysy\u0142ka 250 z\u0142 &#8211; TYLKO WP\u0141ATA NA KONTO ( wysy\u0142ka paletowa ) prosz\u0119 doliczy\u0107 do kwoty przelewu\u00a0<br \/>\n \tKolor Bia\u0142y<br \/>\n \tProfil 8&#215;4 cm<br \/>\n \tCzas realizacji do 21 dni roboczych po zaksi\u0119gowaniu wp\u0142aty<\/p>\n<p>\u00a0<\/p>\n","protected":false},"excerpt":{"rendered":"<p> \tWymiary : 60 X 150 X 70 ( g\u0142\u0119boko\u015b\u0107 x szeroko\u015b\u0107 x wysoko\u015b\u0107) &#8211;<br \/>\n \tMalowane proszkowo<br \/>\n \tWysy\u0142ka 250 z\u0142 &#8211; TYLKO WP\u0141ATA NA KONTO ( wysy\u0142ka paletowa ) prosz\u0119 doliczy\u0107 do kwoty przelewu\u00a0<br \/>\n \tKolor Bia\u0142y<br \/>\n \tProfil 8&#215;4 cm<br \/>\n \tCzas realizacji do 21 dni roboczych po zaksi\u0119gowaniu wp\u0142aty<\/p>\n<p>\u00a0<\/p>\n","protected":false},"featured_media":2379,"comment_status":"open","ping_status":"closed","template":"","meta":[],"etheme_brands":[],"product_cat":[50],"product_tag":[],"class_list":["post-2380","product","type-product","status-publish","has-post-thumbnail","hentry","product_cat-podstawy-metalowe-stelaze-stojaki"],"_links":{"self":[{"href":"https:\/\/new.decoczar.pl\/index.php\/wp-json\/wp\/v2\/product\/2380","targetHints":{"allow":["GET"]}}],"collection":[{"href":"https:\/\/new.decoczar.pl\/index.php\/wp-json\/wp\/v2\/product"}],"about":[{"href":"https:\/\/new.decoczar.pl\/index.php\/wp-json\/wp\/v2\/types\/product"}],"replies":[{"embeddable":true,"href":"https:\/\/new.decoczar.pl\/index.php\/wp-json\/wp\/v2\/comments?post=2380"}],"wp:featuredmedia":[{"embeddable":true,"href":"https:\/\/new.decoczar.pl\/index.php\/wp-json\/wp\/v2\/media\/2379"}],"wp:attachment":[{"href":"https:\/\/new.decoczar.pl\/index.php\/wp-json\/wp\/v2\/media?parent=2380"}],"wp:term":[{"taxonomy":"brand","embeddable":true,"href":"https:\/\/new.decoczar.pl\/index.php\/wp-json\/wp\/v2\/etheme_brands?post=2380"},{"taxonomy":"product_cat","embeddable":true,"href":"https:\/\/new.decoczar.pl\/index.php\/wp-json\/wp\/v2\/product_cat?post=2380"},{"taxonomy":"product_tag","embeddable":true,"href":"https:\/\/new.decoczar.pl\/index.php\/wp-json\/wp\/v2\/product_tag?post=2380"}],"curies":[{"name":"wp","href":"https:\/\/api.w.org\/{rel}","templated":true}]}}