{"id":2384,"date":"2022-09-07T01:21:03","date_gmt":"2022-09-06T23:21:03","guid":{"rendered":"http:\/\/new.decoczar.pl\/index.php\/product\/podkladki-lisc-monstery-3-szt-bialo-srebrne\/"},"modified":"2022-09-07T01:21:03","modified_gmt":"2022-09-06T23:21:03","slug":"podkladki-lisc-monstery-3-szt-bialo-srebrne","status":"publish","type":"product","link":"https:\/\/new.decoczar.pl\/index.php\/product\/podkladki-lisc-monstery-3-szt-bialo-srebrne\/","title":{"rendered":"Podk\u0142adki li\u015b\u0107 MONSTERY 3 szt Bia\u0142o- srebrne"},"content":{"rendered":"<p> \tPodstawki 3 sztuki<br \/>\n \tWymiary du\u017cej : 16 x 12,5 cm<br \/>\n \tWymiary ma\u0142ej 2 szt : 12 x 8 cm<br \/>\n \tKolory : bia\u0142y + srebrne dodatki<br \/>\n \tOzdobne opakowanie<br \/>\n \tCzas realizacji do 10 dni roboczych po zaksi\u0119gowaniu wp\u0142aty<\/p>\n","protected":false},"excerpt":{"rendered":"<p> \tPodstawki 3 sztuki<br \/>\n \tWymiary du\u017cej : 16 x 12,5 cm<br \/>\n \tWymiary ma\u0142ej 2 szt : 12 x 8 cm<br \/>\n \tKolory : bia\u0142y + srebrne dodatki<br \/>\n \tOzdobne opakowanie<br \/>\n \tCzas realizacji do 10 dni roboczych po zaksi\u0119gowaniu wp\u0142aty<\/p>\n","protected":false},"featured_media":2383,"comment_status":"open","ping_status":"closed","template":"","meta":[],"etheme_brands":[],"product_cat":[48],"product_tag":[],"class_list":["post-2384","product","type-product","status-publish","has-post-thumbnail","hentry","product_cat-produkty-z-zywicy"],"_links":{"self":[{"href":"https:\/\/new.decoczar.pl\/index.php\/wp-json\/wp\/v2\/product\/2384","targetHints":{"allow":["GET"]}}],"collection":[{"href":"https:\/\/new.decoczar.pl\/index.php\/wp-json\/wp\/v2\/product"}],"about":[{"href":"https:\/\/new.decoczar.pl\/index.php\/wp-json\/wp\/v2\/types\/product"}],"replies":[{"embeddable":true,"href":"https:\/\/new.decoczar.pl\/index.php\/wp-json\/wp\/v2\/comments?post=2384"}],"wp:featuredmedia":[{"embeddable":true,"href":"https:\/\/new.decoczar.pl\/index.php\/wp-json\/wp\/v2\/media\/2383"}],"wp:attachment":[{"href":"https:\/\/new.decoczar.pl\/index.php\/wp-json\/wp\/v2\/media?parent=2384"}],"wp:term":[{"taxonomy":"brand","embeddable":true,"href":"https:\/\/new.decoczar.pl\/index.php\/wp-json\/wp\/v2\/etheme_brands?post=2384"},{"taxonomy":"product_cat","embeddable":true,"href":"https:\/\/new.decoczar.pl\/index.php\/wp-json\/wp\/v2\/product_cat?post=2384"},{"taxonomy":"product_tag","embeddable":true,"href":"https:\/\/new.decoczar.pl\/index.php\/wp-json\/wp\/v2\/product_tag?post=2384"}],"curies":[{"name":"wp","href":"https:\/\/api.w.org\/{rel}","templated":true}]}}