{"id":2386,"date":"2022-09-07T01:21:08","date_gmt":"2022-09-06T23:21:08","guid":{"rendered":"http:\/\/new.decoczar.pl\/index.php\/product\/podstawki-z-zywicy-eye-4-szt\/"},"modified":"2022-09-07T01:21:08","modified_gmt":"2022-09-06T23:21:08","slug":"podstawki-z-zywicy-eye-4-szt","status":"publish","type":"product","link":"https:\/\/new.decoczar.pl\/index.php\/product\/podstawki-z-zywicy-eye-4-szt\/","title":{"rendered":"Podstawki z \u017cywicy EYE 4 szt"},"content":{"rendered":"<p>Podk\u0142adki\u00a0 dekoracyjne<\/p>\n<p> \tWymiary ok 12 cm \u015brednica<br \/>\n \tKolorystyka bia\u0142y + ciemna per\u0142a<br \/>\n \tCzas realizacji 10\u00a0 dni roboczych po zaksi\u0119gowaniu wp\u0142aty<br \/>\n \tWykonujemy r\u00f3wnie\u017c indywidualne zam\u00f3wienia kolorystyczne klienta<br \/>\n \tWysy\u0142ka kurier \/ kurier pobranie<br \/>\n \tPraca z \u017cywic\u0105 zale\u017cna jest r\u00f3wnie\u017c od pogody ( latem oraz zim\u0105 czas mo\u017ce by\u0107 d\u0142u\u017cszy )<br \/>\n \tDo zestawu mo\u017cna zam\u00f3wi\u0107 tac\u0119<br \/>\n \tZAMAWI\u0104JAC KILKA PRODUKT\u00d3W CZAS REALZIACJI JEST D\u0141U\u017bSZY DO 14 DNI ROBOCZYCH\u00a0<\/p>\n","protected":false},"excerpt":{"rendered":"<p>Podk\u0142adki\u00a0 dekoracyjne<\/p>\n<p> \tWymiary ok 12 cm \u015brednica<br \/>\n \tKolorystyka bia\u0142y + ciemna per\u0142a<br \/>\n \tCzas realizacji 10\u00a0 dni roboczych po zaksi\u0119gowaniu wp\u0142aty<br \/>\n \tWykonujemy r\u00f3wnie\u017c indywidualne zam\u00f3wienia kolorystyczne klienta<br \/>\n \tWysy\u0142ka kurier \/ kurier pobranie<br \/>\n \tPraca z \u017cywic\u0105 zale\u017cna jest r\u00f3wnie\u017c od pogody ( latem oraz zim\u0105 czas mo\u017ce by\u0107 d\u0142u\u017cszy )<br \/>\n \tDo zestawu mo\u017cna zam\u00f3wi\u0107 tac\u0119<br \/>\n \tZAMAWI\u0104JAC KILKA PRODUKT\u00d3W CZAS REALZIACJI JEST D\u0141U\u017bSZY DO 14 DNI ROBOCZYCH\u00a0<\/p>\n","protected":false},"featured_media":2385,"comment_status":"open","ping_status":"closed","template":"","meta":[],"etheme_brands":[],"product_cat":[48],"product_tag":[],"class_list":["post-2386","product","type-product","status-publish","has-post-thumbnail","hentry","product_cat-produkty-z-zywicy"],"_links":{"self":[{"href":"https:\/\/new.decoczar.pl\/index.php\/wp-json\/wp\/v2\/product\/2386","targetHints":{"allow":["GET"]}}],"collection":[{"href":"https:\/\/new.decoczar.pl\/index.php\/wp-json\/wp\/v2\/product"}],"about":[{"href":"https:\/\/new.decoczar.pl\/index.php\/wp-json\/wp\/v2\/types\/product"}],"replies":[{"embeddable":true,"href":"https:\/\/new.decoczar.pl\/index.php\/wp-json\/wp\/v2\/comments?post=2386"}],"wp:featuredmedia":[{"embeddable":true,"href":"https:\/\/new.decoczar.pl\/index.php\/wp-json\/wp\/v2\/media\/2385"}],"wp:attachment":[{"href":"https:\/\/new.decoczar.pl\/index.php\/wp-json\/wp\/v2\/media?parent=2386"}],"wp:term":[{"taxonomy":"brand","embeddable":true,"href":"https:\/\/new.decoczar.pl\/index.php\/wp-json\/wp\/v2\/etheme_brands?post=2386"},{"taxonomy":"product_cat","embeddable":true,"href":"https:\/\/new.decoczar.pl\/index.php\/wp-json\/wp\/v2\/product_cat?post=2386"},{"taxonomy":"product_tag","embeddable":true,"href":"https:\/\/new.decoczar.pl\/index.php\/wp-json\/wp\/v2\/product_tag?post=2386"}],"curies":[{"name":"wp","href":"https:\/\/api.w.org\/{rel}","templated":true}]}}