{"id":23883,"date":"2025-02-18T08:54:06","date_gmt":"2025-02-18T07:54:06","guid":{"rendered":"https:\/\/new.decoczar.pl\/index.php\/product\/stolik-stol-kawowy-industrialny-loft-opalony-100\/"},"modified":"2025-02-18T08:54:06","modified_gmt":"2025-02-18T07:54:06","slug":"stolik-stol-kawowy-industrialny-loft-opalony-100","status":"publish","type":"product","link":"https:\/\/new.decoczar.pl\/index.php\/product\/stolik-stol-kawowy-industrialny-loft-opalony-100\/","title":{"rendered":"STOLIK\/ST\u00d3\u0141 KAWOWY INDUSTRIALNY\/ LOFT OPALONY"},"content":{"rendered":"<p>Cechy produktu :<\/p>\n<p> \tWymiary\u00a0 90x 60 cm<br \/>\n \tWysoko\u015b\u0107 45 cm<br \/>\n \tDeski u\u017cyte do wykonania sto\u0142u zosta\u0142y opalone i zabezpieczone lakierem bezbarwnym.<br \/>\n \tRodzaj drewna: sosnowe<br \/>\n \tNogi malowane proszkowo<br \/>\n \tProdukt dost\u0119pny od r\u0119ki<br \/>\n \tAutorki projekt podstawy<br \/>\n \tWysy\u0142ka 60 z\u0142 prosz\u0119 doliczy\u0107 do kwoty przelewu<\/p>\n","protected":false},"excerpt":{"rendered":"<p>Cechy produktu :<\/p>\n<p> \tWymiary\u00a0 90x 60 cm<br \/>\n \tWysoko\u015b\u0107 45 cm<br \/>\n \tDeski u\u017cyte do wykonania sto\u0142u zosta\u0142y opalone i zabezpieczone lakierem bezbarwnym.<br \/>\n \tRodzaj drewna: sosnowe<br \/>\n \tNogi malowane proszkowo<br \/>\n \tProdukt dost\u0119pny od r\u0119ki<br \/>\n \tAutorki projekt podstawy<br \/>\n \tWysy\u0142ka 60 z\u0142 prosz\u0119 doliczy\u0107 do kwoty przelewu<\/p>\n","protected":false},"featured_media":4625,"comment_status":"open","ping_status":"closed","template":"","meta":[],"etheme_brands":[],"product_cat":[56],"product_tag":[],"class_list":["post-23883","product","type-product","status-publish","has-post-thumbnail","hentry","product_cat-stoliki-drewniane"],"_links":{"self":[{"href":"https:\/\/new.decoczar.pl\/index.php\/wp-json\/wp\/v2\/product\/23883","targetHints":{"allow":["GET"]}}],"collection":[{"href":"https:\/\/new.decoczar.pl\/index.php\/wp-json\/wp\/v2\/product"}],"about":[{"href":"https:\/\/new.decoczar.pl\/index.php\/wp-json\/wp\/v2\/types\/product"}],"replies":[{"embeddable":true,"href":"https:\/\/new.decoczar.pl\/index.php\/wp-json\/wp\/v2\/comments?post=23883"}],"wp:featuredmedia":[{"embeddable":true,"href":"https:\/\/new.decoczar.pl\/index.php\/wp-json\/wp\/v2\/media\/4625"}],"wp:attachment":[{"href":"https:\/\/new.decoczar.pl\/index.php\/wp-json\/wp\/v2\/media?parent=23883"}],"wp:term":[{"taxonomy":"brand","embeddable":true,"href":"https:\/\/new.decoczar.pl\/index.php\/wp-json\/wp\/v2\/etheme_brands?post=23883"},{"taxonomy":"product_cat","embeddable":true,"href":"https:\/\/new.decoczar.pl\/index.php\/wp-json\/wp\/v2\/product_cat?post=23883"},{"taxonomy":"product_tag","embeddable":true,"href":"https:\/\/new.decoczar.pl\/index.php\/wp-json\/wp\/v2\/product_tag?post=23883"}],"curies":[{"name":"wp","href":"https:\/\/api.w.org\/{rel}","templated":true}]}}