{"id":2409,"date":"2022-09-07T21:07:25","date_gmt":"2022-09-07T19:07:25","guid":{"rendered":"http:\/\/new.decoczar.pl\/index.php\/product\/patera-na-ciasto-owoce-3-poziomy-gold-glamour\/"},"modified":"2022-09-07T21:07:25","modified_gmt":"2022-09-07T19:07:25","slug":"patera-na-ciasto-owoce-3-poziomy-gold-glamour","status":"publish","type":"product","link":"https:\/\/new.decoczar.pl\/index.php\/product\/patera-na-ciasto-owoce-3-poziomy-gold-glamour\/","title":{"rendered":"Patera na ciasto\/owoce 3 poziomy &#8222;GOLD GLAMOUR&#8221;"},"content":{"rendered":"<p>Cechy produktu<\/p>\n<p> \tWymiary : 25 cm \/ 20 cm \/ 15 cm<br \/>\n \tD\u0142ugo\u015b\u0107 sztyftu 12.5 cm \/ 13 cm \/13 cm<br \/>\n \tKolor czarny- dodatki z\u0142ote + kamienie czarno z\u0142ote<br \/>\n \tWysy\u0142ka tylko kurier \/ pobranie<br \/>\n \tCzas realizacji 10 dni roboczych ( praca z \u017cywic\u0105 zale\u017cna jest od pogody )<br \/>\n \tW uwagach do zam\u00f3wienia prosz\u0119 wpisa\u0107 wszelkie zmiany<br \/>\n \tPatera jest roz\u0142o\u017cona do samodzielnego skr\u0119cenia metalowych element\u00f3w<br \/>\n \tWA\u017bNE ! \u017cywica posiada certyfikat kontaktu z \u017cywno\u015bci\u0105<br \/>\n \tPatera odporna na wysokie temperatury do\u00a070\u00b0C<br \/>\n \tZAMAWI\u0104JAC KILKA PRODUKT\u00d3W CZAS REALZIACJI JEST D\u0141U\u017bSZY DO 14 DNI ROBOCZYCH\u00a0<\/p>\n","protected":false},"excerpt":{"rendered":"<p>Cechy produktu<\/p>\n<p> \tWymiary : 25 cm \/ 20 cm \/ 15 cm<br \/>\n \tD\u0142ugo\u015b\u0107 sztyftu 12.5 cm \/ 13 cm \/13 cm<br \/>\n \tKolor czarny- dodatki z\u0142ote + kamienie czarno z\u0142ote<br \/>\n \tWysy\u0142ka tylko kurier \/ pobranie<br \/>\n \tCzas realizacji 10 dni roboczych ( praca z \u017cywic\u0105 zale\u017cna jest od pogody )<br \/>\n \tW uwagach do zam\u00f3wienia prosz\u0119 wpisa\u0107 wszelkie zmiany<br \/>\n \tPatera jest roz\u0142o\u017cona do samodzielnego skr\u0119cenia metalowych element\u00f3w<br \/>\n \tWA\u017bNE ! \u017cywica posiada certyfikat kontaktu z \u017cywno\u015bci\u0105<br \/>\n \tPatera odporna na wysokie temperatury do\u00a070\u00b0C<br \/>\n \tZAMAWI\u0104JAC KILKA PRODUKT\u00d3W CZAS REALZIACJI JEST D\u0141U\u017bSZY DO 14 DNI ROBOCZYCH\u00a0<\/p>\n","protected":false},"featured_media":2408,"comment_status":"open","ping_status":"closed","template":"","meta":[],"etheme_brands":[],"product_cat":[65],"product_tag":[],"class_list":["post-2409","product","type-product","status-publish","has-post-thumbnail","hentry","product_cat-produkty-z-zywicy-promocja"],"_links":{"self":[{"href":"https:\/\/new.decoczar.pl\/index.php\/wp-json\/wp\/v2\/product\/2409","targetHints":{"allow":["GET"]}}],"collection":[{"href":"https:\/\/new.decoczar.pl\/index.php\/wp-json\/wp\/v2\/product"}],"about":[{"href":"https:\/\/new.decoczar.pl\/index.php\/wp-json\/wp\/v2\/types\/product"}],"replies":[{"embeddable":true,"href":"https:\/\/new.decoczar.pl\/index.php\/wp-json\/wp\/v2\/comments?post=2409"}],"wp:featuredmedia":[{"embeddable":true,"href":"https:\/\/new.decoczar.pl\/index.php\/wp-json\/wp\/v2\/media\/2408"}],"wp:attachment":[{"href":"https:\/\/new.decoczar.pl\/index.php\/wp-json\/wp\/v2\/media?parent=2409"}],"wp:term":[{"taxonomy":"brand","embeddable":true,"href":"https:\/\/new.decoczar.pl\/index.php\/wp-json\/wp\/v2\/etheme_brands?post=2409"},{"taxonomy":"product_cat","embeddable":true,"href":"https:\/\/new.decoczar.pl\/index.php\/wp-json\/wp\/v2\/product_cat?post=2409"},{"taxonomy":"product_tag","embeddable":true,"href":"https:\/\/new.decoczar.pl\/index.php\/wp-json\/wp\/v2\/product_tag?post=2409"}],"curies":[{"name":"wp","href":"https:\/\/api.w.org\/{rel}","templated":true}]}}