{"id":2411,"date":"2022-09-07T21:07:25","date_gmt":"2022-09-07T19:07:25","guid":{"rendered":"http:\/\/new.decoczar.pl\/index.php\/product\/podstawy-do-stolu-noga-metalowa-stelaz-100x100-krzyzak\/"},"modified":"2022-09-07T21:07:25","modified_gmt":"2022-09-07T19:07:25","slug":"podstawy-do-stolu-noga-metalowa-stelaz-100x100-krzyzak","status":"publish","type":"product","link":"https:\/\/new.decoczar.pl\/index.php\/product\/podstawy-do-stolu-noga-metalowa-stelaz-100x100-krzyzak\/","title":{"rendered":"Podstawy do sto\u0142u NOGA METALOWA STELA\u017b 100&#215;100 krzy\u017cak"},"content":{"rendered":"<p> \tCzas realizacji do 21 dni roboczych po zaksi\u0119gowaniu wp\u0142aty<br \/>\n \tMo\u017cliwo\u015b\u0107 wysy\u0142ki 60 z\u0142<br \/>\n \tPodstawa wykonana z profilu 60&#215;20 mm<br \/>\n \tSzeroko\u015b\u0107 g\u00f3ra 100x100cm d\u00f3\u0142 80&#215;80 cm<br \/>\n \tWysoko\u015b\u0107 72 cm<br \/>\n \tMo\u017cliwo\u015b\u0107 zmiany koloru &#8211; po wcze\u015bniejszym kontakcie<br \/>\n \tNa g\u00f3rze podstawy s\u0105 p\u0142askownik z otworami fazowanymi na wkr\u0119ty .<\/p>\n<p>\u00a0<\/p>\n","protected":false},"excerpt":{"rendered":"<p> \tCzas realizacji do 21 dni roboczych po zaksi\u0119gowaniu wp\u0142aty<br \/>\n \tMo\u017cliwo\u015b\u0107 wysy\u0142ki 60 z\u0142<br \/>\n \tPodstawa wykonana z profilu 60&#215;20 mm<br \/>\n \tSzeroko\u015b\u0107 g\u00f3ra 100x100cm d\u00f3\u0142 80&#215;80 cm<br \/>\n \tWysoko\u015b\u0107 72 cm<br \/>\n \tMo\u017cliwo\u015b\u0107 zmiany koloru &#8211; po wcze\u015bniejszym kontakcie<br \/>\n \tNa g\u00f3rze podstawy s\u0105 p\u0142askownik z otworami fazowanymi na wkr\u0119ty .<\/p>\n<p>\u00a0<\/p>\n","protected":false},"featured_media":2410,"comment_status":"open","ping_status":"closed","template":"","meta":[],"etheme_brands":[],"product_cat":[50],"product_tag":[],"class_list":["post-2411","product","type-product","status-publish","has-post-thumbnail","hentry","product_cat-podstawy-metalowe-stelaze-stojaki"],"_links":{"self":[{"href":"https:\/\/new.decoczar.pl\/index.php\/wp-json\/wp\/v2\/product\/2411","targetHints":{"allow":["GET"]}}],"collection":[{"href":"https:\/\/new.decoczar.pl\/index.php\/wp-json\/wp\/v2\/product"}],"about":[{"href":"https:\/\/new.decoczar.pl\/index.php\/wp-json\/wp\/v2\/types\/product"}],"replies":[{"embeddable":true,"href":"https:\/\/new.decoczar.pl\/index.php\/wp-json\/wp\/v2\/comments?post=2411"}],"wp:featuredmedia":[{"embeddable":true,"href":"https:\/\/new.decoczar.pl\/index.php\/wp-json\/wp\/v2\/media\/2410"}],"wp:attachment":[{"href":"https:\/\/new.decoczar.pl\/index.php\/wp-json\/wp\/v2\/media?parent=2411"}],"wp:term":[{"taxonomy":"brand","embeddable":true,"href":"https:\/\/new.decoczar.pl\/index.php\/wp-json\/wp\/v2\/etheme_brands?post=2411"},{"taxonomy":"product_cat","embeddable":true,"href":"https:\/\/new.decoczar.pl\/index.php\/wp-json\/wp\/v2\/product_cat?post=2411"},{"taxonomy":"product_tag","embeddable":true,"href":"https:\/\/new.decoczar.pl\/index.php\/wp-json\/wp\/v2\/product_tag?post=2411"}],"curies":[{"name":"wp","href":"https:\/\/api.w.org\/{rel}","templated":true}]}}