{"id":24125,"date":"2025-02-27T05:10:55","date_gmt":"2025-02-27T04:10:55","guid":{"rendered":"https:\/\/new.decoczar.pl\/index.php\/product\/zawieszka-na-choinke-renifer-7\/"},"modified":"2025-02-27T05:10:55","modified_gmt":"2025-02-27T04:10:55","slug":"zawieszka-na-choinke-renifer-7","status":"publish","type":"product","link":"https:\/\/new.decoczar.pl\/index.php\/product\/zawieszka-na-choinke-renifer-7\/","title":{"rendered":"ZAWIESZKA NA CHOINK\u0118 RENIFER"},"content":{"rendered":"<p>Cechy produktu :<\/p>\n<p> \tWymiary : 15&#215;7 \/ 13&#215;10<br \/>\n \tMateria\u0142 : \u017cywica<br \/>\n \tDost\u0119pne w kolorach : zielony , czerwony, czarny , niebieski + z\u0142ote dodatki<br \/>\n \tW uwagach do zam\u00f3wienia prosz\u0119 wpisa\u0107 kt\u00f3ry kolor<br \/>\n \tPakowane w ozdobny woreczek z gad\u017cetami \u015bwi\u0105tecznymi ( gwiazdki, choinki )<\/p>\n","protected":false},"excerpt":{"rendered":"<p>Cechy produktu :<\/p>\n<p> \tWymiary : 15&#215;7 \/ 13&#215;10<br \/>\n \tMateria\u0142 : \u017cywica<br \/>\n \tDost\u0119pne w kolorach : zielony , czerwony, czarny , niebieski + z\u0142ote dodatki<br \/>\n \tW uwagach do zam\u00f3wienia prosz\u0119 wpisa\u0107 kt\u00f3ry kolor<br \/>\n \tPakowane w ozdobny woreczek z gad\u017cetami \u015bwi\u0105tecznymi ( gwiazdki, choinki )<\/p>\n","protected":false},"featured_media":22319,"comment_status":"open","ping_status":"closed","template":"","meta":[],"etheme_brands":[],"product_cat":[288],"product_tag":[],"class_list":["post-24125","product","type-product","status-publish","has-post-thumbnail","hentry","product_cat-boze-narodzenie-dostepne-od-reki-podkladki-produkty-z-zywicy"],"_links":{"self":[{"href":"https:\/\/new.decoczar.pl\/index.php\/wp-json\/wp\/v2\/product\/24125","targetHints":{"allow":["GET"]}}],"collection":[{"href":"https:\/\/new.decoczar.pl\/index.php\/wp-json\/wp\/v2\/product"}],"about":[{"href":"https:\/\/new.decoczar.pl\/index.php\/wp-json\/wp\/v2\/types\/product"}],"replies":[{"embeddable":true,"href":"https:\/\/new.decoczar.pl\/index.php\/wp-json\/wp\/v2\/comments?post=24125"}],"wp:featuredmedia":[{"embeddable":true,"href":"https:\/\/new.decoczar.pl\/index.php\/wp-json\/wp\/v2\/media\/22319"}],"wp:attachment":[{"href":"https:\/\/new.decoczar.pl\/index.php\/wp-json\/wp\/v2\/media?parent=24125"}],"wp:term":[{"taxonomy":"brand","embeddable":true,"href":"https:\/\/new.decoczar.pl\/index.php\/wp-json\/wp\/v2\/etheme_brands?post=24125"},{"taxonomy":"product_cat","embeddable":true,"href":"https:\/\/new.decoczar.pl\/index.php\/wp-json\/wp\/v2\/product_cat?post=24125"},{"taxonomy":"product_tag","embeddable":true,"href":"https:\/\/new.decoczar.pl\/index.php\/wp-json\/wp\/v2\/product_tag?post=24125"}],"curies":[{"name":"wp","href":"https:\/\/api.w.org\/{rel}","templated":true}]}}