{"id":2427,"date":"2022-09-07T21:08:03","date_gmt":"2022-09-07T19:08:03","guid":{"rendered":"http:\/\/new.decoczar.pl\/index.php\/product\/taca-deska-dekoracyjna-transparentna-zywica\/"},"modified":"2022-09-07T21:08:03","modified_gmt":"2022-09-07T19:08:03","slug":"taca-deska-dekoracyjna-transparentna-zywica","status":"publish","type":"product","link":"https:\/\/new.decoczar.pl\/index.php\/product\/taca-deska-dekoracyjna-transparentna-zywica\/","title":{"rendered":"Taca\/deska dekoracyjna transparentna \u017cywica"},"content":{"rendered":"<p>Taca drewniana<\/p>\n<p> \tWymiary : 45&#215;18 cm<br \/>\n \tKolor transparentny niebieski i zielony<br \/>\n \tW uwagach do zam\u00f3wienia prosz\u0119 wpisa\u0107 wszelkie zmiany<br \/>\n \tJest to edycja limitowana &#8211; jedyny egzemplarz ( nie b\u0119dzie dost\u0119pna napisz do nas )<br \/>\n \tWysy\u0142ka kurier \/ kurier pobranie<br \/>\n \tTaca jest solidna i stabilna<br \/>\n \tDrewno zabezpieczone wysokiej jako\u015bci olejem do drewna<br \/>\n \tMo\u017cliwo\u015b\u0107 dokupienia podk\u0142adek do kompletu<\/p>\n","protected":false},"excerpt":{"rendered":"<p>Taca drewniana<\/p>\n<p> \tWymiary : 45&#215;18 cm<br \/>\n \tKolor transparentny niebieski i zielony<br \/>\n \tW uwagach do zam\u00f3wienia prosz\u0119 wpisa\u0107 wszelkie zmiany<br \/>\n \tJest to edycja limitowana &#8211; jedyny egzemplarz ( nie b\u0119dzie dost\u0119pna napisz do nas )<br \/>\n \tWysy\u0142ka kurier \/ kurier pobranie<br \/>\n \tTaca jest solidna i stabilna<br \/>\n \tDrewno zabezpieczone wysokiej jako\u015bci olejem do drewna<br \/>\n \tMo\u017cliwo\u015b\u0107 dokupienia podk\u0142adek do kompletu<\/p>\n","protected":false},"featured_media":2426,"comment_status":"open","ping_status":"closed","template":"","meta":[],"etheme_brands":[],"product_cat":[48],"product_tag":[],"class_list":["post-2427","product","type-product","status-publish","has-post-thumbnail","hentry","product_cat-produkty-z-zywicy"],"_links":{"self":[{"href":"https:\/\/new.decoczar.pl\/index.php\/wp-json\/wp\/v2\/product\/2427","targetHints":{"allow":["GET"]}}],"collection":[{"href":"https:\/\/new.decoczar.pl\/index.php\/wp-json\/wp\/v2\/product"}],"about":[{"href":"https:\/\/new.decoczar.pl\/index.php\/wp-json\/wp\/v2\/types\/product"}],"replies":[{"embeddable":true,"href":"https:\/\/new.decoczar.pl\/index.php\/wp-json\/wp\/v2\/comments?post=2427"}],"wp:featuredmedia":[{"embeddable":true,"href":"https:\/\/new.decoczar.pl\/index.php\/wp-json\/wp\/v2\/media\/2426"}],"wp:attachment":[{"href":"https:\/\/new.decoczar.pl\/index.php\/wp-json\/wp\/v2\/media?parent=2427"}],"wp:term":[{"taxonomy":"brand","embeddable":true,"href":"https:\/\/new.decoczar.pl\/index.php\/wp-json\/wp\/v2\/etheme_brands?post=2427"},{"taxonomy":"product_cat","embeddable":true,"href":"https:\/\/new.decoczar.pl\/index.php\/wp-json\/wp\/v2\/product_cat?post=2427"},{"taxonomy":"product_tag","embeddable":true,"href":"https:\/\/new.decoczar.pl\/index.php\/wp-json\/wp\/v2\/product_tag?post=2427"}],"curies":[{"name":"wp","href":"https:\/\/api.w.org\/{rel}","templated":true}]}}