{"id":24273,"date":"2025-02-28T23:02:09","date_gmt":"2025-02-28T22:02:09","guid":{"rendered":"https:\/\/new.decoczar.pl\/index.php\/product\/stol-stolik-drewniany-okragly-90-cm-gratis-52\/"},"modified":"2025-02-28T23:02:09","modified_gmt":"2025-02-28T22:02:09","slug":"stol-stolik-drewniany-okragly-90-cm-gratis-52","status":"publish","type":"product","link":"https:\/\/new.decoczar.pl\/index.php\/product\/stol-stolik-drewniany-okragly-90-cm-gratis-52\/","title":{"rendered":"ST\u00d3\u0141\/STOLIK DREWNIANY OKR\u0104G\u0141Y 90 cm+ GRATIS"},"content":{"rendered":"<p>Stolik drewniany<\/p>\n<p> \tWymiary: \u015arednica ok 90 cm<br \/>\n \tWysoko\u015b\u0107 50 cm (drewno + stela\u017c \u0142\u0105cznie )<br \/>\n \tGrubo\u015b\u0107 plastra oko\u0142o 10-12 cm<br \/>\n \tDrewno po suszarni &#8211; sezonowane ( np. d\u0105b)<br \/>\n \tWymiary stela\u017ca ; 50&#215;40 cm wysoko\u015b\u0107 40 cm (nogi malowane proszkowo)<br \/>\n \tKolor blatu : d\u0119bowy\u00a0 (zabezpieczony 3 warstwami lakieru )<br \/>\n \tCzas realizacji 4-6 tygodni dni roboczych po zaksi\u0119gowaniu wp\u0142aty ( wszystkie nasze meble wykonywane s\u0105 r\u0119cznie &#8211; od spawu po olej dlatego )<br \/>\n \tGRATIS 4 SZTUKI PODSTAWKI POD KUBEK<br \/>\n \tOdbi\u00f3r osobisty Warszawa Br\u00f3dno lub okolice Legionowa<br \/>\n \tWysy\u0142ka 300 z\u0142 ( paleta )<\/p>\n","protected":false},"excerpt":{"rendered":"<p>Stolik drewniany<\/p>\n<p> \tWymiary: \u015arednica ok 90 cm<br \/>\n \tWysoko\u015b\u0107 50 cm (drewno + stela\u017c \u0142\u0105cznie )<br \/>\n \tGrubo\u015b\u0107 plastra oko\u0142o 10-12 cm<br \/>\n \tDrewno po suszarni &#8211; sezonowane ( np. d\u0105b)<br \/>\n \tWymiary stela\u017ca ; 50&#215;40 cm wysoko\u015b\u0107 40 cm (nogi malowane proszkowo)<br \/>\n \tKolor blatu : d\u0119bowy\u00a0 (zabezpieczony 3 warstwami lakieru )<br \/>\n \tCzas realizacji 4-6 tygodni dni roboczych po zaksi\u0119gowaniu wp\u0142aty ( wszystkie nasze meble wykonywane s\u0105 r\u0119cznie &#8211; od spawu po olej dlatego )<br \/>\n \tGRATIS 4 SZTUKI PODSTAWKI POD KUBEK<br \/>\n \tOdbi\u00f3r osobisty Warszawa Br\u00f3dno lub okolice Legionowa<br \/>\n \tWysy\u0142ka 300 z\u0142 ( paleta )<\/p>\n","protected":false},"featured_media":2440,"comment_status":"open","ping_status":"closed","template":"","meta":[],"etheme_brands":[],"product_cat":[56],"product_tag":[],"class_list":["post-24273","product","type-product","status-publish","has-post-thumbnail","hentry","product_cat-stoliki-drewniane"],"_links":{"self":[{"href":"https:\/\/new.decoczar.pl\/index.php\/wp-json\/wp\/v2\/product\/24273","targetHints":{"allow":["GET"]}}],"collection":[{"href":"https:\/\/new.decoczar.pl\/index.php\/wp-json\/wp\/v2\/product"}],"about":[{"href":"https:\/\/new.decoczar.pl\/index.php\/wp-json\/wp\/v2\/types\/product"}],"replies":[{"embeddable":true,"href":"https:\/\/new.decoczar.pl\/index.php\/wp-json\/wp\/v2\/comments?post=24273"}],"wp:featuredmedia":[{"embeddable":true,"href":"https:\/\/new.decoczar.pl\/index.php\/wp-json\/wp\/v2\/media\/2440"}],"wp:attachment":[{"href":"https:\/\/new.decoczar.pl\/index.php\/wp-json\/wp\/v2\/media?parent=24273"}],"wp:term":[{"taxonomy":"brand","embeddable":true,"href":"https:\/\/new.decoczar.pl\/index.php\/wp-json\/wp\/v2\/etheme_brands?post=24273"},{"taxonomy":"product_cat","embeddable":true,"href":"https:\/\/new.decoczar.pl\/index.php\/wp-json\/wp\/v2\/product_cat?post=24273"},{"taxonomy":"product_tag","embeddable":true,"href":"https:\/\/new.decoczar.pl\/index.php\/wp-json\/wp\/v2\/product_tag?post=24273"}],"curies":[{"name":"wp","href":"https:\/\/api.w.org\/{rel}","templated":true}]}}