{"id":2433,"date":"2022-09-07T23:20:49","date_gmt":"2022-09-07T21:20:49","guid":{"rendered":"https:\/\/new.decoczar.pl\/index.php\/product\/podstawa-do-polki-stelaz-pod-tv-rtv-szafek\/"},"modified":"2022-09-07T23:20:49","modified_gmt":"2022-09-07T21:20:49","slug":"podstawa-do-polki-stelaz-pod-tv-rtv-szafek","status":"publish","type":"product","link":"https:\/\/new.decoczar.pl\/index.php\/product\/podstawa-do-polki-stelaz-pod-tv-rtv-szafek\/","title":{"rendered":"Podstawa do p\u00f3\u0142ki \/ stela\u017c pod tv rtv szafek"},"content":{"rendered":"<p> \tWysoko\u015b\u0107 30 cm<br \/>\n \tD\u0142ugo\u015b\u0107 220 cm<br \/>\n \tG\u0142\u0119boko\u015b\u0107 30 cm<br \/>\n \tMalowane proszkowo<br \/>\n \tKolor Czarny mat<br \/>\n \tProfil 6&#215;3 cm g\u00f3ra &#8211; podstawa ( stela\u017c\u00a0 3 x3\u00a0 cm )<br \/>\n \tCzas realizacji 21 dni roboczych po zaksi\u0119gowaniu wp\u0142aty (z przyczyn nie zale\u017cnych od nas terminy mog\u0105 sie wyd\u0142u\u017cy\u0107 )<br \/>\n \tMo\u017cliwo\u015b\u0107 odbioru osobistego Warszawa Br\u00f3dno b\u0105d\u017a okolice Legionowa<\/p>\n<p>\u00a0<\/p>\n","protected":false},"excerpt":{"rendered":"<p> \tWysoko\u015b\u0107 30 cm<br \/>\n \tD\u0142ugo\u015b\u0107 220 cm<br \/>\n \tG\u0142\u0119boko\u015b\u0107 30 cm<br \/>\n \tMalowane proszkowo<br \/>\n \tKolor Czarny mat<br \/>\n \tProfil 6&#215;3 cm g\u00f3ra &#8211; podstawa ( stela\u017c\u00a0 3 x3\u00a0 cm )<br \/>\n \tCzas realizacji 21 dni roboczych po zaksi\u0119gowaniu wp\u0142aty (z przyczyn nie zale\u017cnych od nas terminy mog\u0105 sie wyd\u0142u\u017cy\u0107 )<br \/>\n \tMo\u017cliwo\u015b\u0107 odbioru osobistego Warszawa Br\u00f3dno b\u0105d\u017a okolice Legionowa<\/p>\n<p>\u00a0<\/p>\n","protected":false},"featured_media":2432,"comment_status":"open","ping_status":"closed","template":"","meta":[],"etheme_brands":[],"product_cat":[50],"product_tag":[],"class_list":["post-2433","product","type-product","status-publish","has-post-thumbnail","hentry","product_cat-podstawy-metalowe-stelaze-stojaki"],"_links":{"self":[{"href":"https:\/\/new.decoczar.pl\/index.php\/wp-json\/wp\/v2\/product\/2433","targetHints":{"allow":["GET"]}}],"collection":[{"href":"https:\/\/new.decoczar.pl\/index.php\/wp-json\/wp\/v2\/product"}],"about":[{"href":"https:\/\/new.decoczar.pl\/index.php\/wp-json\/wp\/v2\/types\/product"}],"replies":[{"embeddable":true,"href":"https:\/\/new.decoczar.pl\/index.php\/wp-json\/wp\/v2\/comments?post=2433"}],"wp:featuredmedia":[{"embeddable":true,"href":"https:\/\/new.decoczar.pl\/index.php\/wp-json\/wp\/v2\/media\/2432"}],"wp:attachment":[{"href":"https:\/\/new.decoczar.pl\/index.php\/wp-json\/wp\/v2\/media?parent=2433"}],"wp:term":[{"taxonomy":"brand","embeddable":true,"href":"https:\/\/new.decoczar.pl\/index.php\/wp-json\/wp\/v2\/etheme_brands?post=2433"},{"taxonomy":"product_cat","embeddable":true,"href":"https:\/\/new.decoczar.pl\/index.php\/wp-json\/wp\/v2\/product_cat?post=2433"},{"taxonomy":"product_tag","embeddable":true,"href":"https:\/\/new.decoczar.pl\/index.php\/wp-json\/wp\/v2\/product_tag?post=2433"}],"curies":[{"name":"wp","href":"https:\/\/api.w.org\/{rel}","templated":true}]}}