{"id":24413,"date":"2025-03-10T20:32:49","date_gmt":"2025-03-10T19:32:49","guid":{"rendered":"https:\/\/new.decoczar.pl\/index.php\/product\/taca-dekoracyjna-bialo-bezowo-zlota-minimalistyczny-blask-2\/"},"modified":"2025-03-10T20:32:49","modified_gmt":"2025-03-10T19:32:49","slug":"taca-dekoracyjna-bialo-bezowo-zlota-minimalistyczny-blask-2","status":"publish","type":"product","link":"https:\/\/new.decoczar.pl\/index.php\/product\/taca-dekoracyjna-bialo-bezowo-zlota-minimalistyczny-blask-2\/","title":{"rendered":"TACA DEKORACYJNA BIA\u0141O BE\u017bOWO Z\u0141OTA &#8222;MINIMALISTYCZNY BLASK&#8221;"},"content":{"rendered":"<p>Cechy produktu :<\/p>\n<p> \tWymiary : 20 x 16 cm, wysoko\u015b\u0107 2 cm<br \/>\n \tMateria\u0142 : \u017cywica<br \/>\n \tKolorystyka : czer\u0144 + z\u0142ote drobinki<br \/>\n \tWykonana r\u0119cznie !<br \/>\n \tTaca zapakowana w ozdobne prezentowe pakowanie<br \/>\n \tIdealna pod \u015bwiece, bi\u017cuteri\u0119 lub jako elegancki dodatek do wyj\u0105tkowych wn\u0119trz.<br \/>\n \tZamawiaj\u0105c kilka produkt\u00f3w czas realizacji jest d\u0142u\u017cszy do 14 dni.<br \/>\n \tRealizujemy indywidualne zam\u00f3wienia kolorystyczne<\/p>\n","protected":false},"excerpt":{"rendered":"<p>Cechy produktu :<\/p>\n<p> \tWymiary : 20 x 16 cm, wysoko\u015b\u0107 2 cm<br \/>\n \tMateria\u0142 : \u017cywica<br \/>\n \tKolorystyka : czer\u0144 + z\u0142ote drobinki<br \/>\n \tWykonana r\u0119cznie !<br \/>\n \tTaca zapakowana w ozdobne prezentowe pakowanie<br \/>\n \tIdealna pod \u015bwiece, bi\u017cuteri\u0119 lub jako elegancki dodatek do wyj\u0105tkowych wn\u0119trz.<br \/>\n \tZamawiaj\u0105c kilka produkt\u00f3w czas realizacji jest d\u0142u\u017cszy do 14 dni.<br \/>\n \tRealizujemy indywidualne zam\u00f3wienia kolorystyczne<\/p>\n","protected":false},"featured_media":24111,"comment_status":"open","ping_status":"closed","template":"","meta":[],"etheme_brands":[],"product_cat":[290],"product_tag":[],"class_list":["post-24413","product","type-product","status-publish","has-post-thumbnail","hentry","product_cat-dostepne-od-reki-podkladki-produkty-z-zywicy-tace-dekoracyjne"],"_links":{"self":[{"href":"https:\/\/new.decoczar.pl\/index.php\/wp-json\/wp\/v2\/product\/24413","targetHints":{"allow":["GET"]}}],"collection":[{"href":"https:\/\/new.decoczar.pl\/index.php\/wp-json\/wp\/v2\/product"}],"about":[{"href":"https:\/\/new.decoczar.pl\/index.php\/wp-json\/wp\/v2\/types\/product"}],"replies":[{"embeddable":true,"href":"https:\/\/new.decoczar.pl\/index.php\/wp-json\/wp\/v2\/comments?post=24413"}],"wp:featuredmedia":[{"embeddable":true,"href":"https:\/\/new.decoczar.pl\/index.php\/wp-json\/wp\/v2\/media\/24111"}],"wp:attachment":[{"href":"https:\/\/new.decoczar.pl\/index.php\/wp-json\/wp\/v2\/media?parent=24413"}],"wp:term":[{"taxonomy":"brand","embeddable":true,"href":"https:\/\/new.decoczar.pl\/index.php\/wp-json\/wp\/v2\/etheme_brands?post=24413"},{"taxonomy":"product_cat","embeddable":true,"href":"https:\/\/new.decoczar.pl\/index.php\/wp-json\/wp\/v2\/product_cat?post=24413"},{"taxonomy":"product_tag","embeddable":true,"href":"https:\/\/new.decoczar.pl\/index.php\/wp-json\/wp\/v2\/product_tag?post=24413"}],"curies":[{"name":"wp","href":"https:\/\/api.w.org\/{rel}","templated":true}]}}