{"id":2449,"date":"2022-09-07T23:21:10","date_gmt":"2022-09-07T21:21:10","guid":{"rendered":"https:\/\/new.decoczar.pl\/index.php\/product\/podkladki-lisc-monstery-3-szt-butelkowa-zielen-zlote\/"},"modified":"2022-09-07T23:21:10","modified_gmt":"2022-09-07T21:21:10","slug":"podkladki-lisc-monstery-3-szt-butelkowa-zielen-zlote","status":"publish","type":"product","link":"https:\/\/new.decoczar.pl\/index.php\/product\/podkladki-lisc-monstery-3-szt-butelkowa-zielen-zlote\/","title":{"rendered":"Podk\u0142adki li\u015b\u0107 MONSTERY 3 szt butelkowa ziele\u0144 &#8211; z\u0142ote"},"content":{"rendered":"<p> \tPodstawki 3 sztuki<br \/>\n \tWymiary du\u017cej : 16 x 12,5 cm<br \/>\n \tWymiary ma\u0142ej : 12 x 8 cm<br \/>\n \tKolory : butelkowa ziele\u0144 &#8211; bezbarwna + z\u0142oty<br \/>\n \tOzdobne opakowanie<br \/>\n \tCzas realizacji do 10 dni roboczych po zaksi\u0119gowaniu wp\u0142aty<\/p>\n","protected":false},"excerpt":{"rendered":"<p> \tPodstawki 3 sztuki<br \/>\n \tWymiary du\u017cej : 16 x 12,5 cm<br \/>\n \tWymiary ma\u0142ej : 12 x 8 cm<br \/>\n \tKolory : butelkowa ziele\u0144 &#8211; bezbarwna + z\u0142oty<br \/>\n \tOzdobne opakowanie<br \/>\n \tCzas realizacji do 10 dni roboczych po zaksi\u0119gowaniu wp\u0142aty<\/p>\n","protected":false},"featured_media":2448,"comment_status":"open","ping_status":"closed","template":"","meta":[],"etheme_brands":[],"product_cat":[48],"product_tag":[],"class_list":["post-2449","product","type-product","status-publish","has-post-thumbnail","hentry","product_cat-produkty-z-zywicy"],"_links":{"self":[{"href":"https:\/\/new.decoczar.pl\/index.php\/wp-json\/wp\/v2\/product\/2449","targetHints":{"allow":["GET"]}}],"collection":[{"href":"https:\/\/new.decoczar.pl\/index.php\/wp-json\/wp\/v2\/product"}],"about":[{"href":"https:\/\/new.decoczar.pl\/index.php\/wp-json\/wp\/v2\/types\/product"}],"replies":[{"embeddable":true,"href":"https:\/\/new.decoczar.pl\/index.php\/wp-json\/wp\/v2\/comments?post=2449"}],"wp:featuredmedia":[{"embeddable":true,"href":"https:\/\/new.decoczar.pl\/index.php\/wp-json\/wp\/v2\/media\/2448"}],"wp:attachment":[{"href":"https:\/\/new.decoczar.pl\/index.php\/wp-json\/wp\/v2\/media?parent=2449"}],"wp:term":[{"taxonomy":"brand","embeddable":true,"href":"https:\/\/new.decoczar.pl\/index.php\/wp-json\/wp\/v2\/etheme_brands?post=2449"},{"taxonomy":"product_cat","embeddable":true,"href":"https:\/\/new.decoczar.pl\/index.php\/wp-json\/wp\/v2\/product_cat?post=2449"},{"taxonomy":"product_tag","embeddable":true,"href":"https:\/\/new.decoczar.pl\/index.php\/wp-json\/wp\/v2\/product_tag?post=2449"}],"curies":[{"name":"wp","href":"https:\/\/api.w.org\/{rel}","templated":true}]}}