{"id":2461,"date":"2022-09-08T14:13:10","date_gmt":"2022-09-08T12:13:10","guid":{"rendered":"http:\/\/new.decoczar.pl\/index.php\/product\/stelaz-metalowy-pod-stol-konstrukcja-podstawa-metalowa\/"},"modified":"2022-09-08T14:13:10","modified_gmt":"2022-09-08T12:13:10","slug":"stelaz-metalowy-pod-stol-konstrukcja-podstawa-metalowa","status":"publish","type":"product","link":"https:\/\/new.decoczar.pl\/index.php\/product\/stelaz-metalowy-pod-stol-konstrukcja-podstawa-metalowa\/","title":{"rendered":"STELA\u017b METALOWY POD ST\u00d3\u0141 \/ KONSTRUKCJA \/ PODSTAWA METALOWA"},"content":{"rendered":"<p> \tWysoko\u015b\u0107 88 cm<br \/>\n \tD\u0142ugo\u015b\u0107 100 cm<br \/>\n \tG\u0142\u0119boko\u015b\u0107 60 cm<br \/>\n \tMalowane proszkowo<br \/>\n \tKolor Czarny mat<br \/>\n \tProfil 6&#215;2 cm<br \/>\n \tCzas realizacji 14-21 dni roboczych po zaksi\u0119gowaniu wp\u0142aty (z przyczyn nie zale\u017cnych od nas terminy mog\u0105 sie wyd\u0142u\u017cy\u0107 )<br \/>\n \tMo\u017cliwo\u015b\u0107 odbioru osobistego Warszawa Br\u00f3dno b\u0105d\u017a okolice Legionowa<\/p>\n<p>\u00a0<\/p>\n","protected":false},"excerpt":{"rendered":"<p> \tWysoko\u015b\u0107 88 cm<br \/>\n \tD\u0142ugo\u015b\u0107 100 cm<br \/>\n \tG\u0142\u0119boko\u015b\u0107 60 cm<br \/>\n \tMalowane proszkowo<br \/>\n \tKolor Czarny mat<br \/>\n \tProfil 6&#215;2 cm<br \/>\n \tCzas realizacji 14-21 dni roboczych po zaksi\u0119gowaniu wp\u0142aty (z przyczyn nie zale\u017cnych od nas terminy mog\u0105 sie wyd\u0142u\u017cy\u0107 )<br \/>\n \tMo\u017cliwo\u015b\u0107 odbioru osobistego Warszawa Br\u00f3dno b\u0105d\u017a okolice Legionowa<\/p>\n<p>\u00a0<\/p>\n","protected":false},"featured_media":2460,"comment_status":"open","ping_status":"closed","template":"","meta":[],"etheme_brands":[],"product_cat":[50],"product_tag":[],"class_list":["post-2461","product","type-product","status-publish","has-post-thumbnail","hentry","product_cat-podstawy-metalowe-stelaze-stojaki"],"_links":{"self":[{"href":"https:\/\/new.decoczar.pl\/index.php\/wp-json\/wp\/v2\/product\/2461","targetHints":{"allow":["GET"]}}],"collection":[{"href":"https:\/\/new.decoczar.pl\/index.php\/wp-json\/wp\/v2\/product"}],"about":[{"href":"https:\/\/new.decoczar.pl\/index.php\/wp-json\/wp\/v2\/types\/product"}],"replies":[{"embeddable":true,"href":"https:\/\/new.decoczar.pl\/index.php\/wp-json\/wp\/v2\/comments?post=2461"}],"wp:featuredmedia":[{"embeddable":true,"href":"https:\/\/new.decoczar.pl\/index.php\/wp-json\/wp\/v2\/media\/2460"}],"wp:attachment":[{"href":"https:\/\/new.decoczar.pl\/index.php\/wp-json\/wp\/v2\/media?parent=2461"}],"wp:term":[{"taxonomy":"brand","embeddable":true,"href":"https:\/\/new.decoczar.pl\/index.php\/wp-json\/wp\/v2\/etheme_brands?post=2461"},{"taxonomy":"product_cat","embeddable":true,"href":"https:\/\/new.decoczar.pl\/index.php\/wp-json\/wp\/v2\/product_cat?post=2461"},{"taxonomy":"product_tag","embeddable":true,"href":"https:\/\/new.decoczar.pl\/index.php\/wp-json\/wp\/v2\/product_tag?post=2461"}],"curies":[{"name":"wp","href":"https:\/\/api.w.org\/{rel}","templated":true}]}}