{"id":25566,"date":"2025-04-07T23:24:41","date_gmt":"2025-04-07T21:24:41","guid":{"rendered":"https:\/\/new.decoczar.pl\/index.php\/product\/stolik-kawowy-asymetryczny-56\/"},"modified":"2025-04-07T23:24:41","modified_gmt":"2025-04-07T21:24:41","slug":"stolik-kawowy-asymetryczny-56","status":"publish","type":"product","link":"https:\/\/new.decoczar.pl\/index.php\/product\/stolik-kawowy-asymetryczny-56\/","title":{"rendered":"STOLIK KAWOWY Asymetryczny"},"content":{"rendered":"<p>Stolik drewniany<\/p>\n<p> \tWymiary: \u015arednica ok 75 cm<br \/>\n \tGrubo\u015b\u0107 plastra oko\u0142o 10-12 cm<br \/>\n \tWymiary stela\u017ca ; 50\u00d735 cm wysoko\u015b\u0107 40 cm (nogi malowane proszkowo)<br \/>\n \tKolor blatu : ciemny br\u0105z (zabezpieczony 3 warstwami lakieru )<br \/>\n \tCzas realizacji 21 dni roboczych po zaksi\u0119gowaniu wp\u0142aty<br \/>\n \tGRATIS 4 SZTUKI PODSTAWKI POD KUBEK<br \/>\n \tKoszt wysy\u0142ki 40 z\u0142<\/p>\n","protected":false},"excerpt":{"rendered":"<p>Stolik drewniany<\/p>\n<p> \tWymiary: \u015arednica ok 75 cm<br \/>\n \tGrubo\u015b\u0107 plastra oko\u0142o 10-12 cm<br \/>\n \tWymiary stela\u017ca ; 50\u00d735 cm wysoko\u015b\u0107 40 cm (nogi malowane proszkowo)<br \/>\n \tKolor blatu : ciemny br\u0105z (zabezpieczony 3 warstwami lakieru )<br \/>\n \tCzas realizacji 21 dni roboczych po zaksi\u0119gowaniu wp\u0142aty<br \/>\n \tGRATIS 4 SZTUKI PODSTAWKI POD KUBEK<br \/>\n \tKoszt wysy\u0142ki 40 z\u0142<\/p>\n","protected":false},"featured_media":2921,"comment_status":"open","ping_status":"closed","template":"","meta":[],"etheme_brands":[],"product_cat":[56],"product_tag":[],"class_list":["post-25566","product","type-product","status-publish","has-post-thumbnail","hentry","product_cat-stoliki-drewniane"],"_links":{"self":[{"href":"https:\/\/new.decoczar.pl\/index.php\/wp-json\/wp\/v2\/product\/25566","targetHints":{"allow":["GET"]}}],"collection":[{"href":"https:\/\/new.decoczar.pl\/index.php\/wp-json\/wp\/v2\/product"}],"about":[{"href":"https:\/\/new.decoczar.pl\/index.php\/wp-json\/wp\/v2\/types\/product"}],"replies":[{"embeddable":true,"href":"https:\/\/new.decoczar.pl\/index.php\/wp-json\/wp\/v2\/comments?post=25566"}],"wp:featuredmedia":[{"embeddable":true,"href":"https:\/\/new.decoczar.pl\/index.php\/wp-json\/wp\/v2\/media\/2921"}],"wp:attachment":[{"href":"https:\/\/new.decoczar.pl\/index.php\/wp-json\/wp\/v2\/media?parent=25566"}],"wp:term":[{"taxonomy":"brand","embeddable":true,"href":"https:\/\/new.decoczar.pl\/index.php\/wp-json\/wp\/v2\/etheme_brands?post=25566"},{"taxonomy":"product_cat","embeddable":true,"href":"https:\/\/new.decoczar.pl\/index.php\/wp-json\/wp\/v2\/product_cat?post=25566"},{"taxonomy":"product_tag","embeddable":true,"href":"https:\/\/new.decoczar.pl\/index.php\/wp-json\/wp\/v2\/product_tag?post=25566"}],"curies":[{"name":"wp","href":"https:\/\/api.w.org\/{rel}","templated":true}]}}