{"id":2581,"date":"2022-09-13T09:15:32","date_gmt":"2022-09-13T07:15:32","guid":{"rendered":"https:\/\/new.decoczar.pl\/index.php\/product\/stelaz-do-polek-loftowych-polki-wiszace-rama\/"},"modified":"2022-09-13T09:15:32","modified_gmt":"2022-09-13T07:15:32","slug":"stelaz-do-polek-loftowych-polki-wiszace-rama","status":"publish","type":"product","link":"https:\/\/new.decoczar.pl\/index.php\/product\/stelaz-do-polek-loftowych-polki-wiszace-rama\/","title":{"rendered":"Stela\u017c do p\u00f3\u0142ek loftowych, p\u00f3\u0142ki wisz\u0105ce &#8211; rama"},"content":{"rendered":"<p>stela\u017ce , p\u00f3\u0142ki s\u0105 realizowane na zam\u00f3wienie<\/p>\n","protected":false},"excerpt":{"rendered":"<p>stela\u017ce , p\u00f3\u0142ki s\u0105 realizowane na zam\u00f3wienie<\/p>\n","protected":false},"featured_media":0,"comment_status":"open","ping_status":"closed","template":"","meta":[],"etheme_brands":[],"product_cat":[69],"product_tag":[],"class_list":["post-2581","product","type-product","status-publish","hentry","product_cat-podstawy-metalowe-stelaze-stojaki-polki-dekoracyjne"],"_links":{"self":[{"href":"https:\/\/new.decoczar.pl\/index.php\/wp-json\/wp\/v2\/product\/2581","targetHints":{"allow":["GET"]}}],"collection":[{"href":"https:\/\/new.decoczar.pl\/index.php\/wp-json\/wp\/v2\/product"}],"about":[{"href":"https:\/\/new.decoczar.pl\/index.php\/wp-json\/wp\/v2\/types\/product"}],"replies":[{"embeddable":true,"href":"https:\/\/new.decoczar.pl\/index.php\/wp-json\/wp\/v2\/comments?post=2581"}],"wp:attachment":[{"href":"https:\/\/new.decoczar.pl\/index.php\/wp-json\/wp\/v2\/media?parent=2581"}],"wp:term":[{"taxonomy":"brand","embeddable":true,"href":"https:\/\/new.decoczar.pl\/index.php\/wp-json\/wp\/v2\/etheme_brands?post=2581"},{"taxonomy":"product_cat","embeddable":true,"href":"https:\/\/new.decoczar.pl\/index.php\/wp-json\/wp\/v2\/product_cat?post=2581"},{"taxonomy":"product_tag","embeddable":true,"href":"https:\/\/new.decoczar.pl\/index.php\/wp-json\/wp\/v2\/product_tag?post=2581"}],"curies":[{"name":"wp","href":"https:\/\/api.w.org\/{rel}","templated":true}]}}