{"id":2589,"date":"2022-09-13T23:26:55","date_gmt":"2022-09-13T21:26:55","guid":{"rendered":"https:\/\/new.decoczar.pl\/index.php\/product\/nogi-metalowe-stelaz-podstawa-pod-stol-pajak-wys-30\/"},"modified":"2022-09-13T23:26:55","modified_gmt":"2022-09-13T21:26:55","slug":"nogi-metalowe-stelaz-podstawa-pod-stol-pajak-wys-30","status":"publish","type":"product","link":"https:\/\/new.decoczar.pl\/index.php\/product\/nogi-metalowe-stelaz-podstawa-pod-stol-pajak-wys-30\/","title":{"rendered":"NOGI METALOWE STELA\u017b PODSTAWA POD ST\u00d3\u0141 PAJ\u0104K wys.30"},"content":{"rendered":"<p> \tWymiary :szeroko\u015b\u0107 45 d\u0142ugo\u015b\u0107 60 cm<br \/>\n \tWysoko\u015b\u0107 30 cm<br \/>\n \tMalowane proszkowo<br \/>\n \tWysy\u0142ka 40 z\u0142 &#8211; TYLKO WP\u0141ATA NA KONTO<br \/>\n \tKolor Czarny mat<br \/>\n \tProfil 6&#215;6 cm<br \/>\n \tCzas realizacji 21 dni roboczych po zaksi\u0119gowaniu wp\u0142aty<\/p>\n<p>\u00a0<\/p>\n","protected":false},"excerpt":{"rendered":"<p> \tWymiary :szeroko\u015b\u0107 45 d\u0142ugo\u015b\u0107 60 cm<br \/>\n \tWysoko\u015b\u0107 30 cm<br \/>\n \tMalowane proszkowo<br \/>\n \tWysy\u0142ka 40 z\u0142 &#8211; TYLKO WP\u0141ATA NA KONTO<br \/>\n \tKolor Czarny mat<br \/>\n \tProfil 6&#215;6 cm<br \/>\n \tCzas realizacji 21 dni roboczych po zaksi\u0119gowaniu wp\u0142aty<\/p>\n<p>\u00a0<\/p>\n","protected":false},"featured_media":2588,"comment_status":"open","ping_status":"closed","template":"","meta":[],"etheme_brands":[],"product_cat":[50],"product_tag":[],"class_list":["post-2589","product","type-product","status-publish","has-post-thumbnail","hentry","product_cat-podstawy-metalowe-stelaze-stojaki"],"_links":{"self":[{"href":"https:\/\/new.decoczar.pl\/index.php\/wp-json\/wp\/v2\/product\/2589","targetHints":{"allow":["GET"]}}],"collection":[{"href":"https:\/\/new.decoczar.pl\/index.php\/wp-json\/wp\/v2\/product"}],"about":[{"href":"https:\/\/new.decoczar.pl\/index.php\/wp-json\/wp\/v2\/types\/product"}],"replies":[{"embeddable":true,"href":"https:\/\/new.decoczar.pl\/index.php\/wp-json\/wp\/v2\/comments?post=2589"}],"wp:featuredmedia":[{"embeddable":true,"href":"https:\/\/new.decoczar.pl\/index.php\/wp-json\/wp\/v2\/media\/2588"}],"wp:attachment":[{"href":"https:\/\/new.decoczar.pl\/index.php\/wp-json\/wp\/v2\/media?parent=2589"}],"wp:term":[{"taxonomy":"brand","embeddable":true,"href":"https:\/\/new.decoczar.pl\/index.php\/wp-json\/wp\/v2\/etheme_brands?post=2589"},{"taxonomy":"product_cat","embeddable":true,"href":"https:\/\/new.decoczar.pl\/index.php\/wp-json\/wp\/v2\/product_cat?post=2589"},{"taxonomy":"product_tag","embeddable":true,"href":"https:\/\/new.decoczar.pl\/index.php\/wp-json\/wp\/v2\/product_tag?post=2589"}],"curies":[{"name":"wp","href":"https:\/\/api.w.org\/{rel}","templated":true}]}}