{"id":2591,"date":"2022-09-13T23:26:59","date_gmt":"2022-09-13T21:26:59","guid":{"rendered":"https:\/\/new.decoczar.pl\/index.php\/product\/siedzisko-wyprzedaz-pufa-metalowa-roz\/"},"modified":"2023-05-13T05:39:35","modified_gmt":"2023-05-13T03:39:35","slug":"siedzisko-wyprzedaz-pufa-metalowa-roz","status":"publish","type":"product","link":"https:\/\/new.decoczar.pl\/index.php\/product\/siedzisko-wyprzedaz-pufa-metalowa-roz\/","title":{"rendered":"SIEDZISKO WYPRZEDA\u017b Pufa Metalowa R\u00f3\u017c"},"content":{"rendered":"<p>Pufa Tapicerska<\/p>\n<p> \tWymiary pufy 40 x 40\u00a0 cm<br \/>\n \tWysoko\u015b\u0107\u00a0 45 cm<br \/>\n \tStal malowana proszkowo, .dost\u0119pne kolor bia\u0142y, czarny, z\u0142oty<br \/>\n \tProfil 2&#215;2 cm<br \/>\n \tTkanina bardzo \u0142atwa w czyszczeniu i utrzymaniu czysto\u015bci<br \/>\n \tCzas realizacji do 14 dni roboczych po zaksi\u0119gowaniu wp\u0142aty<br \/>\n \tWysy\u0142ka kurier 23 z\u0142 ! TYLKO WP\u0141ATA NA KONTO<\/p>\n","protected":false},"excerpt":{"rendered":"<p>Pufa Tapicerska<\/p>\n<p> \tWymiary pufy 40 x 40\u00a0 cm<br \/>\n \tWysoko\u015b\u0107\u00a0 45 cm<br \/>\n \tStal malowana proszkowo, .dost\u0119pne kolor bia\u0142y, czarny, z\u0142oty<br \/>\n \tProfil 2&#215;2 cm<br \/>\n \tTkanina bardzo \u0142atwa w czyszczeniu i utrzymaniu czysto\u015bci<br \/>\n \tCzas realizacji do 14 dni roboczych po zaksi\u0119gowaniu wp\u0142aty<br \/>\n \tWysy\u0142ka kurier 23 z\u0142 ! TYLKO WP\u0141ATA NA KONTO<\/p>\n","protected":false},"featured_media":2590,"comment_status":"open","ping_status":"closed","template":"","meta":[],"etheme_brands":[],"product_cat":[209],"product_tag":[],"class_list":["post-2591","product","type-product","status-publish","has-post-thumbnail","hentry","product_cat-promocja"],"_links":{"self":[{"href":"https:\/\/new.decoczar.pl\/index.php\/wp-json\/wp\/v2\/product\/2591","targetHints":{"allow":["GET"]}}],"collection":[{"href":"https:\/\/new.decoczar.pl\/index.php\/wp-json\/wp\/v2\/product"}],"about":[{"href":"https:\/\/new.decoczar.pl\/index.php\/wp-json\/wp\/v2\/types\/product"}],"replies":[{"embeddable":true,"href":"https:\/\/new.decoczar.pl\/index.php\/wp-json\/wp\/v2\/comments?post=2591"}],"wp:featuredmedia":[{"embeddable":true,"href":"https:\/\/new.decoczar.pl\/index.php\/wp-json\/wp\/v2\/media\/2590"}],"wp:attachment":[{"href":"https:\/\/new.decoczar.pl\/index.php\/wp-json\/wp\/v2\/media?parent=2591"}],"wp:term":[{"taxonomy":"brand","embeddable":true,"href":"https:\/\/new.decoczar.pl\/index.php\/wp-json\/wp\/v2\/etheme_brands?post=2591"},{"taxonomy":"product_cat","embeddable":true,"href":"https:\/\/new.decoczar.pl\/index.php\/wp-json\/wp\/v2\/product_cat?post=2591"},{"taxonomy":"product_tag","embeddable":true,"href":"https:\/\/new.decoczar.pl\/index.php\/wp-json\/wp\/v2\/product_tag?post=2591"}],"curies":[{"name":"wp","href":"https:\/\/api.w.org\/{rel}","templated":true}]}}