{"id":25964,"date":"2025-04-28T11:32:29","date_gmt":"2025-04-28T09:32:29","guid":{"rendered":"http:\/\/new.decoczar.pl\/index.php\/product\/polka-garazowa-sufitowa-metalowa-57\/"},"modified":"2025-04-28T11:32:29","modified_gmt":"2025-04-28T09:32:29","slug":"polka-garazowa-sufitowa-metalowa-57","status":"publish","type":"product","link":"https:\/\/new.decoczar.pl\/index.php\/product\/polka-garazowa-sufitowa-metalowa-57\/","title":{"rendered":"P\u00d3\u0141KA GARA\u017bOWA SUFITOWA METALOWA"},"content":{"rendered":"<p>Cechy produktu :<\/p>\n<p> \tWymiary : d\u0142ugo\u015b\u0107 260 cm , g\u0142\u0119boko\u015b\u0107 80 cm , wysoko\u015b\u0107 60 cm<br \/>\n \tMateria\u0142 stal<br \/>\n \tKonstrukcja wykonana z profilu 2&#215;2 cm<br \/>\n \tMalowane proszkowo -czarny mat<br \/>\n \tWysoka jako\u015b\u0107, solidna konstrukcja<br \/>\n \tCzas realizacji ok 21 roboczych po zaksi\u0119gowaniu wp\u0142aty<br \/>\n \tProdukt posiada\u00a0 otwory monta\u017cowe<br \/>\n \tTYLKO ODBI\u00d3R OSOBISTY (OKOLICE LEGIONOWA &#8211; Zegrze )<br \/>\n \tProdukt w ca\u0142o\u015bci wykonany w Polsce. Kupuj\u0105c u nas wspierasz Polsk\u0105 przedsi\u0119biorczo\u015b\u0107<\/p>\n","protected":false},"excerpt":{"rendered":"<p>Cechy produktu :<\/p>\n<p> \tWymiary : d\u0142ugo\u015b\u0107 260 cm , g\u0142\u0119boko\u015b\u0107 80 cm , wysoko\u015b\u0107 60 cm<br \/>\n \tMateria\u0142 stal<br \/>\n \tKonstrukcja wykonana z profilu 2&#215;2 cm<br \/>\n \tMalowane proszkowo -czarny mat<br \/>\n \tWysoka jako\u015b\u0107, solidna konstrukcja<br \/>\n \tCzas realizacji ok 21 roboczych po zaksi\u0119gowaniu wp\u0142aty<br \/>\n \tProdukt posiada\u00a0 otwory monta\u017cowe<br \/>\n \tTYLKO ODBI\u00d3R OSOBISTY (OKOLICE LEGIONOWA &#8211; Zegrze )<br \/>\n \tProdukt w ca\u0142o\u015bci wykonany w Polsce. Kupuj\u0105c u nas wspierasz Polsk\u0105 przedsi\u0119biorczo\u015b\u0107<\/p>\n","protected":false},"featured_media":4607,"comment_status":"open","ping_status":"closed","template":"","meta":[],"etheme_brands":[],"product_cat":[50],"product_tag":[],"class_list":["post-25964","product","type-product","status-publish","has-post-thumbnail","hentry","product_cat-podstawy-metalowe-stelaze-stojaki"],"_links":{"self":[{"href":"https:\/\/new.decoczar.pl\/index.php\/wp-json\/wp\/v2\/product\/25964","targetHints":{"allow":["GET"]}}],"collection":[{"href":"https:\/\/new.decoczar.pl\/index.php\/wp-json\/wp\/v2\/product"}],"about":[{"href":"https:\/\/new.decoczar.pl\/index.php\/wp-json\/wp\/v2\/types\/product"}],"replies":[{"embeddable":true,"href":"https:\/\/new.decoczar.pl\/index.php\/wp-json\/wp\/v2\/comments?post=25964"}],"wp:featuredmedia":[{"embeddable":true,"href":"https:\/\/new.decoczar.pl\/index.php\/wp-json\/wp\/v2\/media\/4607"}],"wp:attachment":[{"href":"https:\/\/new.decoczar.pl\/index.php\/wp-json\/wp\/v2\/media?parent=25964"}],"wp:term":[{"taxonomy":"brand","embeddable":true,"href":"https:\/\/new.decoczar.pl\/index.php\/wp-json\/wp\/v2\/etheme_brands?post=25964"},{"taxonomy":"product_cat","embeddable":true,"href":"https:\/\/new.decoczar.pl\/index.php\/wp-json\/wp\/v2\/product_cat?post=25964"},{"taxonomy":"product_tag","embeddable":true,"href":"https:\/\/new.decoczar.pl\/index.php\/wp-json\/wp\/v2\/product_tag?post=25964"}],"curies":[{"name":"wp","href":"https:\/\/api.w.org\/{rel}","templated":true}]}}