{"id":2599,"date":"2022-09-14T11:56:33","date_gmt":"2022-09-14T09:56:33","guid":{"rendered":"http:\/\/new.decoczar.pl\/index.php\/product\/podstawa-do-stolu-noga-metalowa-skorpion\/"},"modified":"2022-09-14T11:56:33","modified_gmt":"2022-09-14T09:56:33","slug":"podstawa-do-stolu-noga-metalowa-skorpion","status":"publish","type":"product","link":"https:\/\/new.decoczar.pl\/index.php\/product\/podstawa-do-stolu-noga-metalowa-skorpion\/","title":{"rendered":"PODSTAWA DO STO\u0141U \/ NOGA METALOWA SKORPION"},"content":{"rendered":"<p> \tWymiary : 120 X70 CM cm<br \/>\n \tWysoko\u015b\u0107 72 CM<br \/>\n \tRozstaw n\u00f3g na dole 90&#215;55<br \/>\n \tMalowane proszkowo<br \/>\n \tKolor Czarny mat<br \/>\n \tProfil 6X2 cm<br \/>\n \tMo\u017cliwo\u015b\u0107 wysy\u0142ki (wysy\u0142ka paletowa zabezpieczona pasami ) koszt 250 z\u0142 prosz\u0119 doliczy\u0107 do sumy przelewu<br \/>\n \tProdukt wykonywany na zam\u00f3wienie 14 -21 dni roboczych \u2013 po zaksi\u0119gowaniu wp\u0142aty<br \/>\n \tZam\u00f3wienie tylko wp\u0142ata na konto<\/p>\n","protected":false},"excerpt":{"rendered":"<p> \tWymiary : 120 X70 CM cm<br \/>\n \tWysoko\u015b\u0107 72 CM<br \/>\n \tRozstaw n\u00f3g na dole 90&#215;55<br \/>\n \tMalowane proszkowo<br \/>\n \tKolor Czarny mat<br \/>\n \tProfil 6X2 cm<br \/>\n \tMo\u017cliwo\u015b\u0107 wysy\u0142ki (wysy\u0142ka paletowa zabezpieczona pasami ) koszt 250 z\u0142 prosz\u0119 doliczy\u0107 do sumy przelewu<br \/>\n \tProdukt wykonywany na zam\u00f3wienie 14 -21 dni roboczych \u2013 po zaksi\u0119gowaniu wp\u0142aty<br \/>\n \tZam\u00f3wienie tylko wp\u0142ata na konto<\/p>\n","protected":false},"featured_media":2598,"comment_status":"open","ping_status":"closed","template":"","meta":[],"etheme_brands":[],"product_cat":[50],"product_tag":[],"class_list":["post-2599","product","type-product","status-publish","has-post-thumbnail","hentry","product_cat-podstawy-metalowe-stelaze-stojaki"],"_links":{"self":[{"href":"https:\/\/new.decoczar.pl\/index.php\/wp-json\/wp\/v2\/product\/2599","targetHints":{"allow":["GET"]}}],"collection":[{"href":"https:\/\/new.decoczar.pl\/index.php\/wp-json\/wp\/v2\/product"}],"about":[{"href":"https:\/\/new.decoczar.pl\/index.php\/wp-json\/wp\/v2\/types\/product"}],"replies":[{"embeddable":true,"href":"https:\/\/new.decoczar.pl\/index.php\/wp-json\/wp\/v2\/comments?post=2599"}],"wp:featuredmedia":[{"embeddable":true,"href":"https:\/\/new.decoczar.pl\/index.php\/wp-json\/wp\/v2\/media\/2598"}],"wp:attachment":[{"href":"https:\/\/new.decoczar.pl\/index.php\/wp-json\/wp\/v2\/media?parent=2599"}],"wp:term":[{"taxonomy":"brand","embeddable":true,"href":"https:\/\/new.decoczar.pl\/index.php\/wp-json\/wp\/v2\/etheme_brands?post=2599"},{"taxonomy":"product_cat","embeddable":true,"href":"https:\/\/new.decoczar.pl\/index.php\/wp-json\/wp\/v2\/product_cat?post=2599"},{"taxonomy":"product_tag","embeddable":true,"href":"https:\/\/new.decoczar.pl\/index.php\/wp-json\/wp\/v2\/product_tag?post=2599"}],"curies":[{"name":"wp","href":"https:\/\/api.w.org\/{rel}","templated":true}]}}