{"id":2601,"date":"2022-09-14T11:56:38","date_gmt":"2022-09-14T09:56:38","guid":{"rendered":"http:\/\/new.decoczar.pl\/index.php\/product\/podstawa-do-stolu-noga-metalowa-pajak\/"},"modified":"2022-09-14T11:56:38","modified_gmt":"2022-09-14T09:56:38","slug":"podstawa-do-stolu-noga-metalowa-pajak","status":"publish","type":"product","link":"https:\/\/new.decoczar.pl\/index.php\/product\/podstawa-do-stolu-noga-metalowa-pajak\/","title":{"rendered":"PODSTAWA DO STO\u0141U \/ NOGA METALOWA PAJ\u0104K"},"content":{"rendered":"<p> \tWymiary : wysoko\u015b\u0107 70 cm szeroko\u015b\u0107 45 cm d\u0142ugo\u015b\u0107 95 cm\u00a0 rozstaw<br \/>\n \tMalowane proszkowo<br \/>\n \tKolor Czarny mat<br \/>\n \tProfil 6&#215;4 cm<br \/>\n \tszeroko\u015b\u0107 rozstawu cm<br \/>\n \tProdukt wykonywany na zam\u00f3wienie 21 dni roboczych \u2013 po zaksi\u0119gowaniu wp\u0142aty<br \/>\n \tZam\u00f3wienie tylko wp\u0142ata na konto<\/p>\n","protected":false},"excerpt":{"rendered":"<p> \tWymiary : wysoko\u015b\u0107 70 cm szeroko\u015b\u0107 45 cm d\u0142ugo\u015b\u0107 95 cm\u00a0 rozstaw<br \/>\n \tMalowane proszkowo<br \/>\n \tKolor Czarny mat<br \/>\n \tProfil 6&#215;4 cm<br \/>\n \tszeroko\u015b\u0107 rozstawu cm<br \/>\n \tProdukt wykonywany na zam\u00f3wienie 21 dni roboczych \u2013 po zaksi\u0119gowaniu wp\u0142aty<br \/>\n \tZam\u00f3wienie tylko wp\u0142ata na konto<\/p>\n","protected":false},"featured_media":2600,"comment_status":"open","ping_status":"closed","template":"","meta":[],"etheme_brands":[],"product_cat":[50],"product_tag":[],"class_list":["post-2601","product","type-product","status-publish","has-post-thumbnail","hentry","product_cat-podstawy-metalowe-stelaze-stojaki"],"_links":{"self":[{"href":"https:\/\/new.decoczar.pl\/index.php\/wp-json\/wp\/v2\/product\/2601","targetHints":{"allow":["GET"]}}],"collection":[{"href":"https:\/\/new.decoczar.pl\/index.php\/wp-json\/wp\/v2\/product"}],"about":[{"href":"https:\/\/new.decoczar.pl\/index.php\/wp-json\/wp\/v2\/types\/product"}],"replies":[{"embeddable":true,"href":"https:\/\/new.decoczar.pl\/index.php\/wp-json\/wp\/v2\/comments?post=2601"}],"wp:featuredmedia":[{"embeddable":true,"href":"https:\/\/new.decoczar.pl\/index.php\/wp-json\/wp\/v2\/media\/2600"}],"wp:attachment":[{"href":"https:\/\/new.decoczar.pl\/index.php\/wp-json\/wp\/v2\/media?parent=2601"}],"wp:term":[{"taxonomy":"brand","embeddable":true,"href":"https:\/\/new.decoczar.pl\/index.php\/wp-json\/wp\/v2\/etheme_brands?post=2601"},{"taxonomy":"product_cat","embeddable":true,"href":"https:\/\/new.decoczar.pl\/index.php\/wp-json\/wp\/v2\/product_cat?post=2601"},{"taxonomy":"product_tag","embeddable":true,"href":"https:\/\/new.decoczar.pl\/index.php\/wp-json\/wp\/v2\/product_tag?post=2601"}],"curies":[{"name":"wp","href":"https:\/\/api.w.org\/{rel}","templated":true}]}}