{"id":2603,"date":"2022-09-14T11:56:43","date_gmt":"2022-09-14T09:56:43","guid":{"rendered":"http:\/\/new.decoczar.pl\/index.php\/product\/zestaw-maz-zona-2-kieliszki-podkladki-2-szt\/"},"modified":"2022-09-14T11:56:43","modified_gmt":"2022-09-14T09:56:43","slug":"zestaw-maz-zona-2-kieliszki-podkladki-2-szt","status":"publish","type":"product","link":"https:\/\/new.decoczar.pl\/index.php\/product\/zestaw-maz-zona-2-kieliszki-podkladki-2-szt\/","title":{"rendered":"Zestaw M\u0104\u017b &amp; \u017bONA + 2 kieliszki podk\u0142adki 2 szt"},"content":{"rendered":"<p>zestaw prezentowy<\/p>\n<p> \t\u00a0Podk\u0142adka 2 szt<br \/>\n \tKieliszki 2 szt<br \/>\n \tSerce z grawerem drewniane<br \/>\n \tZ\u0142ote napisy<br \/>\n \tCzas realizacji do 10 dni roboczych po zaksi\u0119gowaniu wp\u0142aty<br \/>\n \tMateria\u0142 : \u017cywica epoksydowa<br \/>\n \tZ\u0142ota wsta\u017cka<br \/>\n \tOzdobne opakowanie<br \/>\n \tZAMAWI\u0104JAC KILKA PRODUKT\u00d3W CZAS REALZIACJI JEST D\u0141U\u017bSZY DO 14 DNI ROBOCZYCH\u00a0<\/p>\n","protected":false},"excerpt":{"rendered":"<p>zestaw prezentowy<\/p>\n<p> \t\u00a0Podk\u0142adka 2 szt<br \/>\n \tKieliszki 2 szt<br \/>\n \tSerce z grawerem drewniane<br \/>\n \tZ\u0142ote napisy<br \/>\n \tCzas realizacji do 10 dni roboczych po zaksi\u0119gowaniu wp\u0142aty<br \/>\n \tMateria\u0142 : \u017cywica epoksydowa<br \/>\n \tZ\u0142ota wsta\u017cka<br \/>\n \tOzdobne opakowanie<br \/>\n \tZAMAWI\u0104JAC KILKA PRODUKT\u00d3W CZAS REALZIACJI JEST D\u0141U\u017bSZY DO 14 DNI ROBOCZYCH\u00a0<\/p>\n","protected":false},"featured_media":2602,"comment_status":"open","ping_status":"closed","template":"","meta":[],"etheme_brands":[],"product_cat":[55],"product_tag":[],"class_list":["post-2603","product","type-product","status-publish","has-post-thumbnail","hentry","product_cat-produkty-z-zywicy-slub-dekoracje"],"_links":{"self":[{"href":"https:\/\/new.decoczar.pl\/index.php\/wp-json\/wp\/v2\/product\/2603","targetHints":{"allow":["GET"]}}],"collection":[{"href":"https:\/\/new.decoczar.pl\/index.php\/wp-json\/wp\/v2\/product"}],"about":[{"href":"https:\/\/new.decoczar.pl\/index.php\/wp-json\/wp\/v2\/types\/product"}],"replies":[{"embeddable":true,"href":"https:\/\/new.decoczar.pl\/index.php\/wp-json\/wp\/v2\/comments?post=2603"}],"wp:featuredmedia":[{"embeddable":true,"href":"https:\/\/new.decoczar.pl\/index.php\/wp-json\/wp\/v2\/media\/2602"}],"wp:attachment":[{"href":"https:\/\/new.decoczar.pl\/index.php\/wp-json\/wp\/v2\/media?parent=2603"}],"wp:term":[{"taxonomy":"brand","embeddable":true,"href":"https:\/\/new.decoczar.pl\/index.php\/wp-json\/wp\/v2\/etheme_brands?post=2603"},{"taxonomy":"product_cat","embeddable":true,"href":"https:\/\/new.decoczar.pl\/index.php\/wp-json\/wp\/v2\/product_cat?post=2603"},{"taxonomy":"product_tag","embeddable":true,"href":"https:\/\/new.decoczar.pl\/index.php\/wp-json\/wp\/v2\/product_tag?post=2603"}],"curies":[{"name":"wp","href":"https:\/\/api.w.org\/{rel}","templated":true}]}}