{"id":26099,"date":"2025-04-29T02:37:01","date_gmt":"2025-04-29T00:37:01","guid":{"rendered":"http:\/\/new.decoczar.pl\/index.php\/product\/zestaw-stolikow-kawowych-drewnianych-komplet-gratis-2w1-115\/"},"modified":"2025-04-29T02:37:01","modified_gmt":"2025-04-29T00:37:01","slug":"zestaw-stolikow-kawowych-drewnianych-komplet-gratis-2w1-115","status":"publish","type":"product","link":"https:\/\/new.decoczar.pl\/index.php\/product\/zestaw-stolikow-kawowych-drewnianych-komplet-gratis-2w1-115\/","title":{"rendered":"Zestaw stolik\u00f3w kawowych drewnianych Komplet + GRATIS 2w1"},"content":{"rendered":"<p>Stolik\u00a0 wi\u0119kszy<\/p>\n<p> \tWysoko\u015b\u0107 ok 50\u00a0 cm<br \/>\n \t\u015arednica blatu ok 60 cm<br \/>\n \tGrubo\u015b\u0107 ok 8-10 cm<br \/>\n \tStalowe nogi z pr\u0119ta<br \/>\n \tMateria\u0142 : d\u0105b<br \/>\n \tKolor n\u00f3g czarny<\/p>\n<p>Stolik Ma\u0142y<\/p>\n<p> \t\u015arednica ok 40 cm<br \/>\n \tGrubo\u015b\u0107 blatu 8-12 cm<br \/>\n \tWysoko\u015b\u0107 ok 35 cm<br \/>\n \tMateria\u0142 : d\u0105b<br \/>\n \tMo\u017cliwo\u015b\u0107 odbioru Warszawa &#8211; po wcze\u015bniejszym kontakt<br \/>\n \tJeste\u015bmy otwarci na nowe zam\u00f3wienia<br \/>\n \tCzas realizacji 4-5 tyg po zaksi\u0119gowaniu wp\u0142aty<br \/>\n \tTYLKO WP\u0141ATA NA KONTO &#8211; PRZEDP\u0141ATA<br \/>\n \tGRATIS ! 4 SZTUKI PODSTAWKI POD KUBEK<br \/>\n \tMo\u017cliwo\u015b\u0107 wysy\u0142ki 60 z\u0142 ( kwot\u0119 prosz\u0119 doliczy\u0107 do przelewu )<\/p>\n","protected":false},"excerpt":{"rendered":"<p>Stolik\u00a0 wi\u0119kszy<\/p>\n<p> \tWysoko\u015b\u0107 ok 50\u00a0 cm<br \/>\n \t\u015arednica blatu ok 60 cm<br \/>\n \tGrubo\u015b\u0107 ok 8-10 cm<br \/>\n \tStalowe nogi z pr\u0119ta<br \/>\n \tMateria\u0142 : d\u0105b<br \/>\n \tKolor n\u00f3g czarny<\/p>\n<p>Stolik Ma\u0142y<\/p>\n<p> \t\u015arednica ok 40 cm<br \/>\n \tGrubo\u015b\u0107 blatu 8-12 cm<br \/>\n \tWysoko\u015b\u0107 ok 35 cm<br \/>\n \tMateria\u0142 : d\u0105b<br \/>\n \tMo\u017cliwo\u015b\u0107 odbioru Warszawa &#8211; po wcze\u015bniejszym kontakt<br \/>\n \tJeste\u015bmy otwarci na nowe zam\u00f3wienia<br \/>\n \tCzas realizacji 4-5 tyg po zaksi\u0119gowaniu wp\u0142aty<br \/>\n \tTYLKO WP\u0141ATA NA KONTO &#8211; PRZEDP\u0141ATA<br \/>\n \tGRATIS ! 4 SZTUKI PODSTAWKI POD KUBEK<br \/>\n \tMo\u017cliwo\u015b\u0107 wysy\u0142ki 60 z\u0142 ( kwot\u0119 prosz\u0119 doliczy\u0107 do przelewu )<\/p>\n","protected":false},"featured_media":2687,"comment_status":"open","ping_status":"closed","template":"","meta":[],"etheme_brands":[],"product_cat":[56],"product_tag":[],"class_list":["post-26099","product","type-product","status-publish","has-post-thumbnail","hentry","product_cat-stoliki-drewniane"],"_links":{"self":[{"href":"https:\/\/new.decoczar.pl\/index.php\/wp-json\/wp\/v2\/product\/26099","targetHints":{"allow":["GET"]}}],"collection":[{"href":"https:\/\/new.decoczar.pl\/index.php\/wp-json\/wp\/v2\/product"}],"about":[{"href":"https:\/\/new.decoczar.pl\/index.php\/wp-json\/wp\/v2\/types\/product"}],"replies":[{"embeddable":true,"href":"https:\/\/new.decoczar.pl\/index.php\/wp-json\/wp\/v2\/comments?post=26099"}],"wp:featuredmedia":[{"embeddable":true,"href":"https:\/\/new.decoczar.pl\/index.php\/wp-json\/wp\/v2\/media\/2687"}],"wp:attachment":[{"href":"https:\/\/new.decoczar.pl\/index.php\/wp-json\/wp\/v2\/media?parent=26099"}],"wp:term":[{"taxonomy":"brand","embeddable":true,"href":"https:\/\/new.decoczar.pl\/index.php\/wp-json\/wp\/v2\/etheme_brands?post=26099"},{"taxonomy":"product_cat","embeddable":true,"href":"https:\/\/new.decoczar.pl\/index.php\/wp-json\/wp\/v2\/product_cat?post=26099"},{"taxonomy":"product_tag","embeddable":true,"href":"https:\/\/new.decoczar.pl\/index.php\/wp-json\/wp\/v2\/product_tag?post=26099"}],"curies":[{"name":"wp","href":"https:\/\/api.w.org\/{rel}","templated":true}]}}