{"id":2635,"date":"2022-09-16T08:06:43","date_gmt":"2022-09-16T06:06:43","guid":{"rendered":"http:\/\/new.decoczar.pl\/index.php\/product\/stolik-nocny-drewniany-jasny-asymetryczny-gratis\/"},"modified":"2022-09-16T08:06:43","modified_gmt":"2022-09-16T06:06:43","slug":"stolik-nocny-drewniany-jasny-asymetryczny-gratis","status":"publish","type":"product","link":"https:\/\/new.decoczar.pl\/index.php\/product\/stolik-nocny-drewniany-jasny-asymetryczny-gratis\/","title":{"rendered":"Stolik Nocny Drewniany Jasny Asymetryczny + GRATIS"},"content":{"rendered":"<p>Stolik d\u0119bowy<\/p>\n<p> \tWysoko\u015b\u0107 ok 60\u00a0 cm<br \/>\n \t\u015arednica blatu ok 40-45 cm<br \/>\n \tGrubo\u015b\u0107 ok 8-10 cm<br \/>\n \tStalowe nogi z pr\u0119ta<br \/>\n \tKolor n\u00f3g czarny<br \/>\n \tJeste\u015bmy otwarci na nowe zam\u00f3wienia<br \/>\n \tCzas realizacji 21 dni roboczych po zaksi\u0119gowaniu wp\u0142aty<br \/>\n \tTYLKO WP\u0141ATA NA KONTO &#8211; PRZEDP\u0141ATA<br \/>\n \tGRATIS ! 4 SZTUKI PODSTAWKI POD KUBEK<br \/>\n \tMo\u017cliwo\u015b\u0107 wysy\u0142ki 40 z\u0142 ( kwot\u0119 prosz\u0119 doliczy\u0107 do przelewu )<\/p>\n","protected":false},"excerpt":{"rendered":"<p>Stolik d\u0119bowy<\/p>\n<p> \tWysoko\u015b\u0107 ok 60\u00a0 cm<br \/>\n \t\u015arednica blatu ok 40-45 cm<br \/>\n \tGrubo\u015b\u0107 ok 8-10 cm<br \/>\n \tStalowe nogi z pr\u0119ta<br \/>\n \tKolor n\u00f3g czarny<br \/>\n \tJeste\u015bmy otwarci na nowe zam\u00f3wienia<br \/>\n \tCzas realizacji 21 dni roboczych po zaksi\u0119gowaniu wp\u0142aty<br \/>\n \tTYLKO WP\u0141ATA NA KONTO &#8211; PRZEDP\u0141ATA<br \/>\n \tGRATIS ! 4 SZTUKI PODSTAWKI POD KUBEK<br \/>\n \tMo\u017cliwo\u015b\u0107 wysy\u0142ki 40 z\u0142 ( kwot\u0119 prosz\u0119 doliczy\u0107 do przelewu )<\/p>\n","protected":false},"featured_media":2634,"comment_status":"open","ping_status":"closed","template":"","meta":[],"etheme_brands":[],"product_cat":[50],"product_tag":[],"class_list":["post-2635","product","type-product","status-publish","has-post-thumbnail","hentry","product_cat-podstawy-metalowe-stelaze-stojaki"],"_links":{"self":[{"href":"https:\/\/new.decoczar.pl\/index.php\/wp-json\/wp\/v2\/product\/2635","targetHints":{"allow":["GET"]}}],"collection":[{"href":"https:\/\/new.decoczar.pl\/index.php\/wp-json\/wp\/v2\/product"}],"about":[{"href":"https:\/\/new.decoczar.pl\/index.php\/wp-json\/wp\/v2\/types\/product"}],"replies":[{"embeddable":true,"href":"https:\/\/new.decoczar.pl\/index.php\/wp-json\/wp\/v2\/comments?post=2635"}],"wp:featuredmedia":[{"embeddable":true,"href":"https:\/\/new.decoczar.pl\/index.php\/wp-json\/wp\/v2\/media\/2634"}],"wp:attachment":[{"href":"https:\/\/new.decoczar.pl\/index.php\/wp-json\/wp\/v2\/media?parent=2635"}],"wp:term":[{"taxonomy":"brand","embeddable":true,"href":"https:\/\/new.decoczar.pl\/index.php\/wp-json\/wp\/v2\/etheme_brands?post=2635"},{"taxonomy":"product_cat","embeddable":true,"href":"https:\/\/new.decoczar.pl\/index.php\/wp-json\/wp\/v2\/product_cat?post=2635"},{"taxonomy":"product_tag","embeddable":true,"href":"https:\/\/new.decoczar.pl\/index.php\/wp-json\/wp\/v2\/product_tag?post=2635"}],"curies":[{"name":"wp","href":"https:\/\/api.w.org\/{rel}","templated":true}]}}