{"id":2639,"date":"2022-09-16T08:06:47","date_gmt":"2022-09-16T06:06:47","guid":{"rendered":"http:\/\/new.decoczar.pl\/index.php\/product\/okragly-stolik-kawowy-druciany-vintage-granatowo-zloty\/"},"modified":"2022-09-16T08:06:47","modified_gmt":"2022-09-16T06:06:47","slug":"okragly-stolik-kawowy-druciany-vintage-granatowo-zloty","status":"publish","type":"product","link":"https:\/\/new.decoczar.pl\/index.php\/product\/okragly-stolik-kawowy-druciany-vintage-granatowo-zloty\/","title":{"rendered":"OKR\u0104G\u0141Y STOLIK KAWOWY DRUCIANY VINTAGE GRANATOWO Z\u0141OTY"},"content":{"rendered":"<p>Parametry:<\/p>\n<p> \tKolor: z\u0142oty stela\u017c + blat MDF<br \/>\n \tMateria\u0142: metal malowany proszkowo<br \/>\n \tWysoko\u015bci stolika 35 cm<br \/>\n \t\u015arednica blatu: 35 cm<br \/>\n \t\u015arednica podstawy: 24 cm<br \/>\n \tGrubo\u015b\u0107 blatu: 1 cm<br \/>\n \tCzas realizacji 10 dni roboczych &#8211; po zaksi\u0119gowaniu wp\u0142aty<br \/>\n \tKolory granatowo &#8211; z\u0142oty<br \/>\n \tWysy\u0142ka KURIER 25 Z\u0141 \/ WP\u0141ATA NA KONTO NIE WYSY\u0141AM ZA POBRANIEM<br \/>\n \tZAMAWI\u0104JAC KILKA PRODUKT\u00d3W CZAS REALZIACJI JEST D\u0141U\u017bSZY DO 14 DNI ROBOCZYCH\u00a0<\/p>\n","protected":false},"excerpt":{"rendered":"<p>Parametry:<\/p>\n<p> \tKolor: z\u0142oty stela\u017c + blat MDF<br \/>\n \tMateria\u0142: metal malowany proszkowo<br \/>\n \tWysoko\u015bci stolika 35 cm<br \/>\n \t\u015arednica blatu: 35 cm<br \/>\n \t\u015arednica podstawy: 24 cm<br \/>\n \tGrubo\u015b\u0107 blatu: 1 cm<br \/>\n \tCzas realizacji 10 dni roboczych &#8211; po zaksi\u0119gowaniu wp\u0142aty<br \/>\n \tKolory granatowo &#8211; z\u0142oty<br \/>\n \tWysy\u0142ka KURIER 25 Z\u0141 \/ WP\u0141ATA NA KONTO NIE WYSY\u0141AM ZA POBRANIEM<br \/>\n \tZAMAWI\u0104JAC KILKA PRODUKT\u00d3W CZAS REALZIACJI JEST D\u0141U\u017bSZY DO 14 DNI ROBOCZYCH\u00a0<\/p>\n","protected":false},"featured_media":2638,"comment_status":"open","ping_status":"closed","template":"","meta":[],"etheme_brands":[],"product_cat":[67],"product_tag":[],"class_list":["post-2639","product","type-product","status-publish","has-post-thumbnail","hentry","product_cat-produkty-z-zywicy-promocja-stoliki-drewniane"],"_links":{"self":[{"href":"https:\/\/new.decoczar.pl\/index.php\/wp-json\/wp\/v2\/product\/2639","targetHints":{"allow":["GET"]}}],"collection":[{"href":"https:\/\/new.decoczar.pl\/index.php\/wp-json\/wp\/v2\/product"}],"about":[{"href":"https:\/\/new.decoczar.pl\/index.php\/wp-json\/wp\/v2\/types\/product"}],"replies":[{"embeddable":true,"href":"https:\/\/new.decoczar.pl\/index.php\/wp-json\/wp\/v2\/comments?post=2639"}],"wp:featuredmedia":[{"embeddable":true,"href":"https:\/\/new.decoczar.pl\/index.php\/wp-json\/wp\/v2\/media\/2638"}],"wp:attachment":[{"href":"https:\/\/new.decoczar.pl\/index.php\/wp-json\/wp\/v2\/media?parent=2639"}],"wp:term":[{"taxonomy":"brand","embeddable":true,"href":"https:\/\/new.decoczar.pl\/index.php\/wp-json\/wp\/v2\/etheme_brands?post=2639"},{"taxonomy":"product_cat","embeddable":true,"href":"https:\/\/new.decoczar.pl\/index.php\/wp-json\/wp\/v2\/product_cat?post=2639"},{"taxonomy":"product_tag","embeddable":true,"href":"https:\/\/new.decoczar.pl\/index.php\/wp-json\/wp\/v2\/product_tag?post=2639"}],"curies":[{"name":"wp","href":"https:\/\/api.w.org\/{rel}","templated":true}]}}