{"id":2649,"date":"2022-09-16T08:07:13","date_gmt":"2022-09-16T06:07:13","guid":{"rendered":"http:\/\/new.decoczar.pl\/index.php\/product\/lustro-okragle-zlote-zdobione-zywica\/"},"modified":"2022-09-16T08:07:13","modified_gmt":"2022-09-16T06:07:13","slug":"lustro-okragle-zlote-zdobione-zywica","status":"publish","type":"product","link":"https:\/\/new.decoczar.pl\/index.php\/product\/lustro-okragle-zlote-zdobione-zywica\/","title":{"rendered":"Lustro okr\u0105g\u0142e z\u0142ote zdobione \u017cywic\u0105"},"content":{"rendered":"<p>Lustro<\/p>\n<p> \tMateria\u0142:\u00a0Szk\u0142o, Metal<br \/>\n \tRozmiar: \u015brednica (wraz z ram\u0105) 40 cm, \u015brednica lustra (bez ramy) 28 cm<br \/>\n \tKolor ramy:\u00a0z\u0142oty<br \/>\n \tLustro zdobione jest sztuk\u0105 \u017cywicy<br \/>\n \tCzas realizacji do 7 dni roboczych po zaksi\u0119gowaniu wp\u0142aty<br \/>\n \tNa \u017cyczenie klienta wykonujemy dowolne kolory<br \/>\n \tZAMAWI\u0104JAC KILKA PRODUKT\u00d3W CZAS REALZIACJI JEST D\u0141U\u017bSZY DO 14 DNI ROBOCZYCH\u00a0<\/p>\n","protected":false},"excerpt":{"rendered":"<p>Lustro<\/p>\n<p> \tMateria\u0142:\u00a0Szk\u0142o, Metal<br \/>\n \tRozmiar: \u015brednica (wraz z ram\u0105) 40 cm, \u015brednica lustra (bez ramy) 28 cm<br \/>\n \tKolor ramy:\u00a0z\u0142oty<br \/>\n \tLustro zdobione jest sztuk\u0105 \u017cywicy<br \/>\n \tCzas realizacji do 7 dni roboczych po zaksi\u0119gowaniu wp\u0142aty<br \/>\n \tNa \u017cyczenie klienta wykonujemy dowolne kolory<br \/>\n \tZAMAWI\u0104JAC KILKA PRODUKT\u00d3W CZAS REALZIACJI JEST D\u0141U\u017bSZY DO 14 DNI ROBOCZYCH\u00a0<\/p>\n","protected":false},"featured_media":2648,"comment_status":"open","ping_status":"closed","template":"","meta":[],"etheme_brands":[],"product_cat":[65],"product_tag":[],"class_list":["post-2649","product","type-product","status-publish","has-post-thumbnail","hentry","product_cat-produkty-z-zywicy-promocja"],"_links":{"self":[{"href":"https:\/\/new.decoczar.pl\/index.php\/wp-json\/wp\/v2\/product\/2649","targetHints":{"allow":["GET"]}}],"collection":[{"href":"https:\/\/new.decoczar.pl\/index.php\/wp-json\/wp\/v2\/product"}],"about":[{"href":"https:\/\/new.decoczar.pl\/index.php\/wp-json\/wp\/v2\/types\/product"}],"replies":[{"embeddable":true,"href":"https:\/\/new.decoczar.pl\/index.php\/wp-json\/wp\/v2\/comments?post=2649"}],"wp:featuredmedia":[{"embeddable":true,"href":"https:\/\/new.decoczar.pl\/index.php\/wp-json\/wp\/v2\/media\/2648"}],"wp:attachment":[{"href":"https:\/\/new.decoczar.pl\/index.php\/wp-json\/wp\/v2\/media?parent=2649"}],"wp:term":[{"taxonomy":"brand","embeddable":true,"href":"https:\/\/new.decoczar.pl\/index.php\/wp-json\/wp\/v2\/etheme_brands?post=2649"},{"taxonomy":"product_cat","embeddable":true,"href":"https:\/\/new.decoczar.pl\/index.php\/wp-json\/wp\/v2\/product_cat?post=2649"},{"taxonomy":"product_tag","embeddable":true,"href":"https:\/\/new.decoczar.pl\/index.php\/wp-json\/wp\/v2\/product_tag?post=2649"}],"curies":[{"name":"wp","href":"https:\/\/api.w.org\/{rel}","templated":true}]}}