{"id":2686,"date":"2022-09-17T12:54:44","date_gmt":"2022-09-17T10:54:44","guid":{"rendered":"https:\/\/new.decoczar.pl\/index.php\/product\/podstawa-pod-stolik-stelaz-noga-metalowa\/"},"modified":"2022-09-17T12:54:44","modified_gmt":"2022-09-17T10:54:44","slug":"podstawa-pod-stolik-stelaz-noga-metalowa","status":"publish","type":"product","link":"https:\/\/new.decoczar.pl\/index.php\/product\/podstawa-pod-stolik-stelaz-noga-metalowa\/","title":{"rendered":"PODSTAWA POD STOLIK \/ STELA\u017b \/ NOGA METALOWA"},"content":{"rendered":"<p>Stela\u017c<\/p>\n<p> \tWymiary: ok 60X70 cm<br \/>\n \tWysoko\u015b\u0107 65 cm<br \/>\n \tWykonany z profilu 2&#215;2 cm<br \/>\n \t\u00a0Stela\u017c malowany proszkowo<br \/>\n \tCzas realizacji 21 dni roboczych po zaksi\u0119gowaniu wp\u0142aty<br \/>\n \tGRATIS 4 SZTUKI PODSTAWKI POD KUBEK<br \/>\n \tNak\u0142adki na n\u00f3\u017cki chroni\u0105 pod\u0142og\u0119 przed zarysowaniem<br \/>\n \tMo\u017cliwo\u015b\u0107 wysy\u0142ki 60 z\u0142<\/p>\n","protected":false},"excerpt":{"rendered":"<p>Stela\u017c<\/p>\n<p> \tWymiary: ok 60X70 cm<br \/>\n \tWysoko\u015b\u0107 65 cm<br \/>\n \tWykonany z profilu 2&#215;2 cm<br \/>\n \t\u00a0Stela\u017c malowany proszkowo<br \/>\n \tCzas realizacji 21 dni roboczych po zaksi\u0119gowaniu wp\u0142aty<br \/>\n \tGRATIS 4 SZTUKI PODSTAWKI POD KUBEK<br \/>\n \tNak\u0142adki na n\u00f3\u017cki chroni\u0105 pod\u0142og\u0119 przed zarysowaniem<br \/>\n \tMo\u017cliwo\u015b\u0107 wysy\u0142ki 60 z\u0142<\/p>\n","protected":false},"featured_media":2685,"comment_status":"open","ping_status":"closed","template":"","meta":[],"etheme_brands":[],"product_cat":[50],"product_tag":[],"class_list":["post-2686","product","type-product","status-publish","has-post-thumbnail","hentry","product_cat-podstawy-metalowe-stelaze-stojaki"],"_links":{"self":[{"href":"https:\/\/new.decoczar.pl\/index.php\/wp-json\/wp\/v2\/product\/2686","targetHints":{"allow":["GET"]}}],"collection":[{"href":"https:\/\/new.decoczar.pl\/index.php\/wp-json\/wp\/v2\/product"}],"about":[{"href":"https:\/\/new.decoczar.pl\/index.php\/wp-json\/wp\/v2\/types\/product"}],"replies":[{"embeddable":true,"href":"https:\/\/new.decoczar.pl\/index.php\/wp-json\/wp\/v2\/comments?post=2686"}],"wp:featuredmedia":[{"embeddable":true,"href":"https:\/\/new.decoczar.pl\/index.php\/wp-json\/wp\/v2\/media\/2685"}],"wp:attachment":[{"href":"https:\/\/new.decoczar.pl\/index.php\/wp-json\/wp\/v2\/media?parent=2686"}],"wp:term":[{"taxonomy":"brand","embeddable":true,"href":"https:\/\/new.decoczar.pl\/index.php\/wp-json\/wp\/v2\/etheme_brands?post=2686"},{"taxonomy":"product_cat","embeddable":true,"href":"https:\/\/new.decoczar.pl\/index.php\/wp-json\/wp\/v2\/product_cat?post=2686"},{"taxonomy":"product_tag","embeddable":true,"href":"https:\/\/new.decoczar.pl\/index.php\/wp-json\/wp\/v2\/product_tag?post=2686"}],"curies":[{"name":"wp","href":"https:\/\/api.w.org\/{rel}","templated":true}]}}